{"id":581,"date":"2021-08-05T13:24:52","date_gmt":"2021-08-05T11:24:52","guid":{"rendered":"http:\/\/welonda.pl\/?post_type=product&#038;p=581"},"modified":"2024-07-26T10:45:12","modified_gmt":"2024-07-26T08:45:12","slug":"tondeo-element-offset","status":"publish","type":"product","link":"https:\/\/welonda.pl\/en\/product\/tondeo-element-offset\/","title":{"rendered":"MYTHOS Offset 5.75 Wave (42) CONBLADE 9015"},"content":{"rendered":"<p>TONDEO MYTHOS WAVE CONBLADE<\/p>\n<p>Feel, cut, immerse yourself in the world of highest precision and ultra-soft cutting sensation. Then you realize what perfection is. Proven quality from finger rest to blade tip made of exclusive vanadium alloy! Super sharp edges thanks to convex grinding, integrated cutting edge. The modeling scissors are individually adjustable.<\/p>\n<p>Our TONDEO MYTHOS hairdressing scissors are distinguished by their exceptional precision and flawlessness. They can be individually adjusted and the edge tension can be regulated.<\/p>\n<p>&nbsp;<\/p>","protected":false},"excerpt":{"rendered":"<p>TONDEO MYTHOS WAVE CONBLADE Poczuj, tnij, zanurz si\u0119 w \u015bwiecie najwy\u017cszej precyzji i ultra mi\u0119kkiego \u00a0wra\u017cenia strzy\u017cenia. Wtedy zdajesz sobie spraw\u0119, czym jest doskona\u0142o\u015b\u0107. Sprawdzona jako\u015b\u0107 od oparcia palca po czubek ostrza wykonana z ekskluzywnego stopu wanadu! Super ostre kraw\u0119dzie dzi\u0119ki wypuk\u0142emu szlifowaniu, zintegrowanej kraw\u0119dzi tn\u0105cej. No\u017cyczki modeluj\u0105ce s\u0105 indywidualnie regulowane. Nasze no\u017cyczki fryzjerskie TONDEO MYTHOS wyr\u00f3\u017cniaj\u0105 si\u0119 wyj\u0105tkow\u0105 precyzj\u0105 i bezb\u0142\u0119dno\u015bci\u0105&#8230;.<\/p>","protected":false},"featured_media":1368,"template":"","meta":{"_themeisle_gutenberg_block_has_review":false},"product_brand":[],"product_cat":[22],"product_tag":[],"class_list":{"0":"post-581","1":"product","2":"type-product","3":"status-publish","4":"has-post-thumbnail","6":"product_cat-tondeo","8":"first","9":"instock","10":"sale","11":"taxable","12":"shipping-taxable","13":"purchasable","14":"product-type-simple"},"acf":[],"_links":{"self":[{"href":"https:\/\/welonda.pl\/en\/wp-json\/wp\/v2\/product\/581","targetHints":{"allow":["GET"]}}],"collection":[{"href":"https:\/\/welonda.pl\/en\/wp-json\/wp\/v2\/product"}],"about":[{"href":"https:\/\/welonda.pl\/en\/wp-json\/wp\/v2\/types\/product"}],"wp:featuredmedia":[{"embeddable":true,"href":"https:\/\/welonda.pl\/en\/wp-json\/wp\/v2\/media\/1368"}],"wp:attachment":[{"href":"https:\/\/welonda.pl\/en\/wp-json\/wp\/v2\/media?parent=581"}],"wp:term":[{"taxonomy":"product_brand","embeddable":true,"href":"https:\/\/welonda.pl\/en\/wp-json\/wp\/v2\/product_brand?post=581"},{"taxonomy":"product_cat","embeddable":true,"href":"https:\/\/welonda.pl\/en\/wp-json\/wp\/v2\/product_cat?post=581"},{"taxonomy":"product_tag","embeddable":true,"href":"https:\/\/welonda.pl\/en\/wp-json\/wp\/v2\/product_tag?post=581"}],"curies":[{"name":"wp","href":"https:\/\/api.w.org\/{rel}","templated":true}]}}