{"id":536,"date":"2021-08-05T11:51:57","date_gmt":"2021-08-05T09:51:57","guid":{"rendered":"http:\/\/welonda.pl\/?post_type=product&#038;p=536"},"modified":"2025-01-08T22:02:49","modified_gmt":"2025-01-08T21:02:49","slug":"leggera","status":"publish","type":"product","link":"https:\/\/welonda.pl\/en\/product\/leggera\/","title":{"rendered":"NIIGATA JAPAN_LEGGERA 5.80\u2033_ 6.10\u2033"},"content":{"rendered":"<p style=\"text-align: center;\">COMPLETE IN YOUR LIVING ROOM<span class=\"Apple-converted-space\">\u00a0<\/span><\/p>\n<p style=\"text-align: center;\">order any FOUR Niigata Japan products and ask us about our special NIIGATA_JPN_PRO wholesale program!<span class=\"Apple-converted-space\">\u00a0<\/span><\/p>\n<p>&nbsp;<\/p>\n<p>When producing this model, we designed its wonderful, unique and unrepeatable shape, studying with great attention the micro-ergonomics of the hand to create perfect scissors!<br \/>\nThe thumb immediately finds its comfortable place, and the ring finger along with the rest<br \/>\nhand fits naturally on the scissors handle.<\/p>\n<p><strong>Technical properties:<\/strong><br \/>\n\u2013 Completely handcrafted in Japan with engraved individual serial number.<br \/>\n\u2013 Available sizes: 5.80, 6.10<br \/>\n\u2013 SLK\u00ae contact point mechanism with ball bearing system integrated with resin filled screw to achieve flexibility and absolute lack of blade friction. You will feel unparalleled smoothness during work like a \u201csilky\u201d effect.<br \/>\n\u203c\ufe0f\u203c\ufe0f Japanese patent no. 4099416<\/p>\n<p>The LEGGERA model is in the 4th quality level of Niigata Japan products.<br \/>\non a 5-point BMAC scale.<\/p>","protected":false},"excerpt":{"rendered":"<p>SKOMPLETUJ W SWOIM SALONIE\u00a0 zam\u00f3wienie na CZTERY \u00a0dowolne produkty Niigata Japan i zapytaj nas o specjalny program sprzedaz\u0307y hurtowej NIIGATA_JPN_PRO!\u00a0 &nbsp; Przy produkcji tego modelu zaprojektowali\u015bmy jego wspania\u0142y unikalny i niepowtarzalny kszta\u0142t studiuj\u0105c z wielk\u0105 uwag\u0105 mikro-ergonomi\u0119 d\u0142oni aby stworzy\u0107 no\u017cyce doskona\u0142e ! Kciuk natychmiast znajduje swoje wygodne miejsce, a palec serdeczny razem z reszt\u0105 d\u0142oni naturalnie uk\u0142ada si\u0119 na uchwycie no\u017cyc&#8230;.<\/p>","protected":false},"featured_media":2049,"template":"","meta":{"_themeisle_gutenberg_block_has_review":false},"product_brand":[],"product_cat":[39],"product_tag":[],"class_list":{"0":"post-536","1":"product","2":"type-product","3":"status-publish","4":"has-post-thumbnail","6":"product_cat-niigata","8":"first","9":"instock","10":"taxable","11":"shipping-taxable","12":"purchasable","13":"product-type-simple"},"acf":[],"_links":{"self":[{"href":"https:\/\/welonda.pl\/en\/wp-json\/wp\/v2\/product\/536","targetHints":{"allow":["GET"]}}],"collection":[{"href":"https:\/\/welonda.pl\/en\/wp-json\/wp\/v2\/product"}],"about":[{"href":"https:\/\/welonda.pl\/en\/wp-json\/wp\/v2\/types\/product"}],"wp:featuredmedia":[{"embeddable":true,"href":"https:\/\/welonda.pl\/en\/wp-json\/wp\/v2\/media\/2049"}],"wp:attachment":[{"href":"https:\/\/welonda.pl\/en\/wp-json\/wp\/v2\/media?parent=536"}],"wp:term":[{"taxonomy":"product_brand","embeddable":true,"href":"https:\/\/welonda.pl\/en\/wp-json\/wp\/v2\/product_brand?post=536"},{"taxonomy":"product_cat","embeddable":true,"href":"https:\/\/welonda.pl\/en\/wp-json\/wp\/v2\/product_cat?post=536"},{"taxonomy":"product_tag","embeddable":true,"href":"https:\/\/welonda.pl\/en\/wp-json\/wp\/v2\/product_tag?post=536"}],"curies":[{"name":"wp","href":"https:\/\/api.w.org\/{rel}","templated":true}]}}