{"id":2577,"date":"2025-10-13T12:00:51","date_gmt":"2025-10-13T10:00:51","guid":{"rendered":"https:\/\/welonda.pl\/?post_type=product&#038;p=2577"},"modified":"2025-10-14T11:36:53","modified_gmt":"2025-10-14T09:36:53","slug":"welonda-belluna-relax","status":"publish","type":"product","link":"https:\/\/welonda.pl\/en\/product\/welonda-belluna-relax\/","title":{"rendered":"WELONDA BELLUNA RELAX"},"content":{"rendered":"<div class=\"page\" title=\"Page 5\">\n<div class=\"section\">\n<div class=\"layoutArea\">\n<div class=\"page\" title=\"Page 2\">\n<div class=\"layoutArea\">\n<div class=\"column\">\n<h3 style=\"text-align: center;\">Ask us about the special program for exchanging your existing furniture in the WELONDA_PRO system!<\/h3>\n<\/div>\n<\/div>\n<\/div>\n<div class=\"column\">\n<p>The perfect symbiosis of ergonomic design, beauty and functionality and a complement to the Belluna armchair.<\/p>\n<p>Height-adjustable washbasin, equipped with a patented telescopic system.<\/p>\n<p>Characteristics:<br \/>\n\u2013 Deep white ceramic washbasin with single-lever tap and anti-drop hand shower.<br \/>\n\u2013 Adjustable washbasin with tilt mechanism and telescopic lifting system<br \/>\n\u2013 Rubber neck rest provides additional service comfort.<br \/>\n\u2013 Frame made of durable epoxy-coated metal (silver)<br \/>\n\u2013 Seat upholstered with selected Welonda fabrics<\/p>\n<p>Also available with:<br \/>\n\u2013 Side connection for water pipes<br \/>\n&#8211; Pokrywa ochronna na oparcie fotela<\/p>\n<\/div>\n<\/div>\n<\/div>\n<\/div>","protected":false},"excerpt":{"rendered":"<p>Zapytaj nas o specjalny program wymiany twoich dotychczasowych mebli w systemie WELONDA_PRO! Idealna symbioza ergonomicznego designu, pi\u0119kna i funkcjonalno\u015bci oraz dodatek do fotela Belluna. Umywalka z regulacj\u0105 wysoko\u015bci, wyposa\u017cona w opatentowany system teleskopowy. Cechy: \u2013 Umywalka ceramiczna w kolorze g\u0142\u0119bokiej bieli z jednouchwytow\u0105 bateri\u0105 \u00a0i r\u0119cznym prysznicem \u201eanti-drop\u201d. \u2013 Regulowana umywalka z mechanizmem pochylania i teleskopowym systemem podnoszenia \u2013 Gumowa podp\u00f3rka na&#8230;<\/p>","protected":false},"featured_media":2578,"template":"","meta":{"_themeisle_gutenberg_block_has_review":false},"product_brand":[],"product_cat":[173],"product_tag":[],"class_list":{"0":"post-2577","1":"product","2":"type-product","3":"status-publish","4":"has-post-thumbnail","6":"product_cat-myjnia-barber","8":"first","9":"instock","10":"taxable","11":"shipping-taxable","12":"purchasable","13":"product-type-simple"},"acf":[],"_links":{"self":[{"href":"https:\/\/welonda.pl\/en\/wp-json\/wp\/v2\/product\/2577","targetHints":{"allow":["GET"]}}],"collection":[{"href":"https:\/\/welonda.pl\/en\/wp-json\/wp\/v2\/product"}],"about":[{"href":"https:\/\/welonda.pl\/en\/wp-json\/wp\/v2\/types\/product"}],"wp:featuredmedia":[{"embeddable":true,"href":"https:\/\/welonda.pl\/en\/wp-json\/wp\/v2\/media\/2578"}],"wp:attachment":[{"href":"https:\/\/welonda.pl\/en\/wp-json\/wp\/v2\/media?parent=2577"}],"wp:term":[{"taxonomy":"product_brand","embeddable":true,"href":"https:\/\/welonda.pl\/en\/wp-json\/wp\/v2\/product_brand?post=2577"},{"taxonomy":"product_cat","embeddable":true,"href":"https:\/\/welonda.pl\/en\/wp-json\/wp\/v2\/product_cat?post=2577"},{"taxonomy":"product_tag","embeddable":true,"href":"https:\/\/welonda.pl\/en\/wp-json\/wp\/v2\/product_tag?post=2577"}],"curies":[{"name":"wp","href":"https:\/\/api.w.org\/{rel}","templated":true}]}}