{"id":2535,"date":"2025-07-22T19:43:22","date_gmt":"2025-07-22T17:43:22","guid":{"rendered":"https:\/\/welonda.pl\/?post_type=product&#038;p=2535"},"modified":"2025-07-22T19:50:58","modified_gmt":"2025-07-22T17:50:58","slug":"tondeo-mythos_left-edition-black-5-5","status":"publish","type":"product","link":"https:\/\/welonda.pl\/en\/product\/tondeo-mythos_left-edition-black-5-5\/","title":{"rendered":"TONDEO MYTHOS_LEFT EDITION BLACK 5.5"},"content":{"rendered":"<p style=\"text-align: center;\">WYBIERZ NA STRONIE www.tondeo.com PRODUKT, KT\u00d3RY CI\u0118 INTERESUJE I ZAPTAJ NAS O SPECJALN\u0104 OFERT\u0118 HURTOW\u0104 W PROGRAMIE TONDEO_PRO_2025<\/p>\n<p>&nbsp;<\/p>\n<div class=\"page\" title=\"Page 4\">\n<div class=\"section\">\n<div class=\"layoutArea\">\n<div class=\"column\">\n<p>Lewor\u0119czne no\u017cyczki fryzjerskie TONDEO MYTHOS wyr\u00f3\u017cniaj\u0105 si\u0119 najwy\u017csz\u0105 precyzj\u0105 i nieskazitelnym wyko\u0144czeniem. S\u0105 indywidualnie regulowane i idealnie dopasowuj\u0105 si\u0119 do Twoich potrzeb. Rozmiar 5,5&#8243; lub 6.0&#8243;charakteryzuje si\u0119 ostrzem CONBLADE, kt\u00f3re jest ekstremalne i zauwa\u017calnie ostrzejsze. Model Mythos nale\u017cy \u00a0do linii Premium TONDEO, co czyni je jednymi z najwy\u017cszej jako\u015bci narz\u0119dzi dla fryzjer\u00f3w i barber\u00f3w. Odkryj inne profesjonalne modele no\u017cyczek z naszej rodziny MYTHOS, takie jak MYTHOS WAVE i MYTHOS DAMAST.<\/p>\n<\/div>\n<\/div>\n<\/div>\n<\/div>","protected":false},"excerpt":{"rendered":"<p>WYBIERZ NA STRONIE www.tondeo.com PRODUKT, KT\u00d3RY CI\u0118 INTERESUJE I ZAPTAJ NAS O SPECJALN\u0104 OFERT\u0118 HURTOW\u0104 W PROGRAMIE TONDEO_PRO_2025 &nbsp; Lewor\u0119czne no\u017cyczki fryzjerskie TONDEO MYTHOS wyr\u00f3\u017cniaj\u0105 si\u0119 najwy\u017csz\u0105 precyzj\u0105 i nieskazitelnym wyko\u0144czeniem. S\u0105 indywidualnie regulowane i idealnie dopasowuj\u0105 si\u0119 do Twoich potrzeb. Rozmiar 5,5&#8243; lub 6.0&#8243;charakteryzuje si\u0119 ostrzem CONBLADE, kt\u00f3re jest ekstremalne i zauwa\u017calnie ostrzejsze. Model Mythos nale\u017cy \u00a0do linii Premium TONDEO, co&#8230;<\/p>","protected":false},"featured_media":2536,"template":"","meta":{"_themeisle_gutenberg_block_has_review":false},"product_brand":[],"product_cat":[22],"product_tag":[],"class_list":{"0":"post-2535","1":"product","2":"type-product","3":"status-publish","4":"has-post-thumbnail","6":"product_cat-tondeo","8":"first","9":"instock","10":"taxable","11":"shipping-taxable","12":"purchasable","13":"product-type-simple"},"acf":[],"_links":{"self":[{"href":"https:\/\/welonda.pl\/en\/wp-json\/wp\/v2\/product\/2535","targetHints":{"allow":["GET"]}}],"collection":[{"href":"https:\/\/welonda.pl\/en\/wp-json\/wp\/v2\/product"}],"about":[{"href":"https:\/\/welonda.pl\/en\/wp-json\/wp\/v2\/types\/product"}],"wp:featuredmedia":[{"embeddable":true,"href":"https:\/\/welonda.pl\/en\/wp-json\/wp\/v2\/media\/2536"}],"wp:attachment":[{"href":"https:\/\/welonda.pl\/en\/wp-json\/wp\/v2\/media?parent=2535"}],"wp:term":[{"taxonomy":"product_brand","embeddable":true,"href":"https:\/\/welonda.pl\/en\/wp-json\/wp\/v2\/product_brand?post=2535"},{"taxonomy":"product_cat","embeddable":true,"href":"https:\/\/welonda.pl\/en\/wp-json\/wp\/v2\/product_cat?post=2535"},{"taxonomy":"product_tag","embeddable":true,"href":"https:\/\/welonda.pl\/en\/wp-json\/wp\/v2\/product_tag?post=2535"}],"curies":[{"name":"wp","href":"https:\/\/api.w.org\/{rel}","templated":true}]}}