{"id":2466,"date":"2024-11-15T14:07:33","date_gmt":"2024-11-15T13:07:33","guid":{"rendered":"https:\/\/welonda.pl\/?post_type=product&#038;p=2466"},"modified":"2024-11-15T14:16:30","modified_gmt":"2024-11-15T13:16:30","slug":"niigata-japan_poppy-offset","status":"publish","type":"product","link":"https:\/\/welonda.pl\/en\/product\/niigata-japan_poppy-offset\/","title":{"rendered":"NIIGATA JAPAN_Poppy Offset"},"content":{"rendered":"<p style=\"text-align: center;\">COMPLETE IN YOUR LIVING ROOM<span class=\"Apple-converted-space\">\u00a0<\/span><\/p>\n<p style=\"text-align: center;\">order any FOUR Niigata Japan products and ask us about our special wholesale program<\/p>\n<p style=\"text-align: center;\">NIIGATA_JPN_PRO!<span class=\"Apple-converted-space\">\u00a0<\/span><\/p>\n<p>POPPY hairdressing scissors were not created by accident.<\/p>\n<p>At NIIGATA JAPAN we have long been thinking about the \u201cPRO\u201d market, which is looking for a first decisive step towards high-level scissors that have an excellent mechanism and solid steel, but also a competitive price and performance worthy of the quality of the NIIGATA JAPAN superior series.<\/p>\n<p>POPPY was born with a mechanism based on microspherical bearings, practically impossible to find in competitors at these prices, was born with solid steels but with an extremely versatile character and softness in use, was born with a decidedly unique study in ergonomics.<\/p>\n<p>Obsessive attention to detail, internal concave and external convex blade profile give POPPY the right to brag about the title of high-level scissors!<\/p>\n<p>POPPY available in sizes: 5.50 \u030e 6.00 \u030e 6.50 \u030e 7.00 \u030e<\/p>","protected":false},"excerpt":{"rendered":"<p>SKOMPLETUJ W SWOIM SALONiE\u00a0 zam\u00f3wienie na CZTERY \u00a0dowolne produkty Niigata Japan i zapytaj nas o specjalny program sprzedaz\u0307y hurtowej NIIGATA_JPN_PRO!\u00a0 No\u017cyczki fryzjerskie POPPY nie powsta\u0142y przypadkowo. W NIIGATA JAPAN \u00a0od dawna my\u015bleli\u015bmy o rynku \u201ePRO\u201d, kt\u00f3ry szuka pierwszego zdecydowanego kroku w kierunku no\u017cyczek na wysokim poziomie, kt\u00f3re maj\u0105 doskona\u0142y mechanizm i solidn\u0105 stal, ale tak\u017ce konkurencyjn\u0105 cen\u0119 i wydajno\u015b\u0107 godn\u0105 jako\u015bci NIIGATA&#8230;<\/p>","protected":false},"featured_media":2467,"template":"","meta":{"_themeisle_gutenberg_block_has_review":false},"product_brand":[],"product_cat":[39],"product_tag":[],"class_list":{"0":"post-2466","1":"product","2":"type-product","3":"status-publish","4":"has-post-thumbnail","6":"product_cat-niigata","8":"first","9":"instock","10":"taxable","11":"shipping-taxable","12":"purchasable","13":"product-type-simple"},"acf":[],"_links":{"self":[{"href":"https:\/\/welonda.pl\/en\/wp-json\/wp\/v2\/product\/2466","targetHints":{"allow":["GET"]}}],"collection":[{"href":"https:\/\/welonda.pl\/en\/wp-json\/wp\/v2\/product"}],"about":[{"href":"https:\/\/welonda.pl\/en\/wp-json\/wp\/v2\/types\/product"}],"wp:featuredmedia":[{"embeddable":true,"href":"https:\/\/welonda.pl\/en\/wp-json\/wp\/v2\/media\/2467"}],"wp:attachment":[{"href":"https:\/\/welonda.pl\/en\/wp-json\/wp\/v2\/media?parent=2466"}],"wp:term":[{"taxonomy":"product_brand","embeddable":true,"href":"https:\/\/welonda.pl\/en\/wp-json\/wp\/v2\/product_brand?post=2466"},{"taxonomy":"product_cat","embeddable":true,"href":"https:\/\/welonda.pl\/en\/wp-json\/wp\/v2\/product_cat?post=2466"},{"taxonomy":"product_tag","embeddable":true,"href":"https:\/\/welonda.pl\/en\/wp-json\/wp\/v2\/product_tag?post=2466"}],"curies":[{"name":"wp","href":"https:\/\/api.w.org\/{rel}","templated":true}]}}