{"id":2460,"date":"2024-11-15T13:47:12","date_gmt":"2024-11-15T12:47:12","guid":{"rendered":"https:\/\/welonda.pl\/?post_type=product&#038;p=2460"},"modified":"2024-11-15T13:55:27","modified_gmt":"2024-11-15T12:55:27","slug":"niigata-japan_ratio-7017","status":"publish","type":"product","link":"https:\/\/welonda.pl\/en\/product\/niigata-japan_ratio-7017\/","title":{"rendered":"NIIGATA JAPAN_Ratio 7017"},"content":{"rendered":"<p style=\"text-align: center;\">COMPLETE IN YOUR LIVING ROOM<span class=\"Apple-converted-space\">\u00a0<\/span><\/p>\n<p style=\"text-align: center;\">order any FOUR Niigata Japan products and ask us about our special wholesale program<\/p>\n<p style=\"text-align: center;\">NIIGATA_JPN_PRO!<span class=\"Apple-converted-space\">\u00a0<\/span><\/p>\n<p>&nbsp;<\/p>\n<div class=\"page\" title=\"Page 10\">\n<div class=\"section\">\n<div class=\"layoutArea\">\n<div class=\"column\">\n<div class=\"page\" title=\"Page 3\">\n<div class=\"section\">\n<div class=\"layoutArea\">\n<div class=\"column\">\n<div class=\"page\" title=\"Page 1\">\n<div class=\"section\">\n<div class=\"layoutArea\">\n<div class=\"column\">\n<p>Known as the \u201cSuperKiller\u201d for its natural tendency towards extreme thinning, the RATIO 7017 is a shear that is not for everyone, let\u2019s be clear.<\/p>\n<p>With a thinning percentage of 70%, it comes dangerously close to professional haircutting scissors,<\/p>\n<p>one sharp blow and you will no longer be able to find the lock of hair you worked so lovingly on.<\/p>\n<p>Suitable for very skilled hands, they are offered as our toothed scissors with a maximum degree of difficulty, but precisely for this reason the challenge is enormous!<\/p>\n<\/div>\n<\/div>\n<\/div>\n<\/div>\n<\/div>\n<\/div>\n<\/div>\n<\/div>\n<\/div>\n<\/div>\n<\/div>\n<\/div>","protected":false},"excerpt":{"rendered":"<p>SKOMPLETUJ W SWOIM SALONiE\u00a0 zam\u00f3wienie na CZTERY \u00a0dowolne produkty Niigata Japan i zapytaj nas o specjalny program sprzedaz\u0307y hurtowej NIIGATA_JPN_PRO!\u00a0 &nbsp; Znany jako \u201eSuperKiller\u201d ze wzgl\u0119du na swoj\u0105 naturaln\u0105 sk\u0142onno\u015b\u0107 do ekstremalnego przerzedzania, RATIO 7017 to no\u017cyce, kt\u00f3re nie s\u0105 dla ka\u017cdego, powiedzmy sobie jasno. Dzi\u0119ki procentowi przerzedzania wynosz\u0105cemu 70% jest niebezpiecznie blisko profesjonalnych no\u017cyczek do strzy\u017cenia, jeden ostry cios i nie&#8230;<\/p>","protected":false},"featured_media":2461,"template":"","meta":{"_themeisle_gutenberg_block_has_review":false},"product_brand":[],"product_cat":[39],"product_tag":[],"class_list":{"0":"post-2460","1":"product","2":"type-product","3":"status-publish","4":"has-post-thumbnail","6":"product_cat-niigata","8":"first","9":"instock","10":"taxable","11":"shipping-taxable","12":"purchasable","13":"product-type-simple"},"acf":[],"_links":{"self":[{"href":"https:\/\/welonda.pl\/en\/wp-json\/wp\/v2\/product\/2460","targetHints":{"allow":["GET"]}}],"collection":[{"href":"https:\/\/welonda.pl\/en\/wp-json\/wp\/v2\/product"}],"about":[{"href":"https:\/\/welonda.pl\/en\/wp-json\/wp\/v2\/types\/product"}],"wp:featuredmedia":[{"embeddable":true,"href":"https:\/\/welonda.pl\/en\/wp-json\/wp\/v2\/media\/2461"}],"wp:attachment":[{"href":"https:\/\/welonda.pl\/en\/wp-json\/wp\/v2\/media?parent=2460"}],"wp:term":[{"taxonomy":"product_brand","embeddable":true,"href":"https:\/\/welonda.pl\/en\/wp-json\/wp\/v2\/product_brand?post=2460"},{"taxonomy":"product_cat","embeddable":true,"href":"https:\/\/welonda.pl\/en\/wp-json\/wp\/v2\/product_cat?post=2460"},{"taxonomy":"product_tag","embeddable":true,"href":"https:\/\/welonda.pl\/en\/wp-json\/wp\/v2\/product_tag?post=2460"}],"curies":[{"name":"wp","href":"https:\/\/api.w.org\/{rel}","templated":true}]}}