{"id":2457,"date":"2024-11-15T13:37:05","date_gmt":"2024-11-15T12:37:05","guid":{"rendered":"https:\/\/welonda.pl\/?post_type=product&#038;p=2457"},"modified":"2024-11-15T13:55:36","modified_gmt":"2024-11-15T12:55:36","slug":"niigata-japan_ratio-4717-killer","status":"publish","type":"product","link":"https:\/\/welonda.pl\/en\/product\/niigata-japan_ratio-4717-killer\/","title":{"rendered":"NIIGATA JAPAN_Ratio 4717 Killer"},"content":{"rendered":"<p style=\"text-align: center;\">COMPLETE IN YOUR LIVING ROOM<span class=\"Apple-converted-space\">\u00a0<\/span><\/p>\n<p style=\"text-align: center;\">order any FOUR Niigata Japan products and ask us about our special wholesale program<\/p>\n<p style=\"text-align: center;\">NIIGATA_JPN_PRO!<span class=\"Apple-converted-space\">\u00a0<\/span><\/p>\n<p>&nbsp;<\/p>\n<div class=\"page\" title=\"Page 10\">\n<div class=\"section\">\n<div class=\"layoutArea\">\n<div class=\"column\">\n<div class=\"page\" title=\"Page 3\">\n<div class=\"section\">\n<div class=\"layoutArea\">\n<div class=\"column\">\n<div class=\"page\" title=\"Page 1\">\n<div class=\"section\">\n<div class=\"layoutArea\">\n<div class=\"column\">\n<p>One of the most respected, if not the most coveted thinning pens in the world!<\/p>\n<p>RATIO 4717\/KILLER is now a must have!<\/p>\n<p>Nicknamed \u201cKILLER\u201d, it has become a reference point for those looking to \u201csculpt\u201d their client\u2019s hair.<\/p>\n<p>Ideal for any type of cut, it amazes with its versatility despite the thinning percentage (ratio) of 47%, but above all with the &quot;transparency&quot; remaining with each cutting stroke performed. On wavy hair they eliminate frizz, cut perfectly, without leaving unwanted effects of split ends or brittle hair on any structure.<\/p>\n<p>Extremely sharp like no other in sliding cutting, efficient, comfortable to use even after several hours of use.<\/p>\n<\/div>\n<\/div>\n<\/div>\n<\/div>\n<\/div>\n<\/div>\n<\/div>\n<\/div>\n<\/div>\n<\/div>\n<\/div>\n<\/div>","protected":false},"excerpt":{"rendered":"<p>SKOMPLETUJ W SWOIM SALONiE\u00a0 zam\u00f3wienie na CZTERY \u00a0dowolne produkty Niigata Japan i zapytaj nas o specjalny program sprzedaz\u0307y hurtowej NIIGATA_JPN_PRO!\u00a0 &nbsp; Jedne z najbardziej uznanych, je\u015bli nie najbardziej po\u017c\u0105danych dega\u017c\u00f3wek na ca\u0142ym \u015bwiecie! RATIO 4717\/KILLER jest teraz konieczno\u015bci\u0105 aby je posiada\u0107 ! Nazywany \u201eKILLER\u201d, sta\u0142 si\u0119 punktem odniesienia dla tych, kt\u00f3rzy chc\u0105 \u201ewyrze\u017abi\u0107\u201d w\u0142osy klientki. Idealny do ka\u017cdego rodzaju ci\u0119cia, zadziwia swoj\u0105&#8230;<\/p>","protected":false},"featured_media":2458,"template":"","meta":{"_themeisle_gutenberg_block_has_review":false},"product_brand":[],"product_cat":[39],"product_tag":[],"class_list":{"0":"post-2457","1":"product","2":"type-product","3":"status-publish","4":"has-post-thumbnail","6":"product_cat-niigata","8":"first","9":"instock","10":"taxable","11":"shipping-taxable","12":"purchasable","13":"product-type-simple"},"acf":[],"_links":{"self":[{"href":"https:\/\/welonda.pl\/en\/wp-json\/wp\/v2\/product\/2457","targetHints":{"allow":["GET"]}}],"collection":[{"href":"https:\/\/welonda.pl\/en\/wp-json\/wp\/v2\/product"}],"about":[{"href":"https:\/\/welonda.pl\/en\/wp-json\/wp\/v2\/types\/product"}],"wp:featuredmedia":[{"embeddable":true,"href":"https:\/\/welonda.pl\/en\/wp-json\/wp\/v2\/media\/2458"}],"wp:attachment":[{"href":"https:\/\/welonda.pl\/en\/wp-json\/wp\/v2\/media?parent=2457"}],"wp:term":[{"taxonomy":"product_brand","embeddable":true,"href":"https:\/\/welonda.pl\/en\/wp-json\/wp\/v2\/product_brand?post=2457"},{"taxonomy":"product_cat","embeddable":true,"href":"https:\/\/welonda.pl\/en\/wp-json\/wp\/v2\/product_cat?post=2457"},{"taxonomy":"product_tag","embeddable":true,"href":"https:\/\/welonda.pl\/en\/wp-json\/wp\/v2\/product_tag?post=2457"}],"curies":[{"name":"wp","href":"https:\/\/api.w.org\/{rel}","templated":true}]}}