{"id":2446,"date":"2024-08-31T13:53:21","date_gmt":"2024-08-31T11:53:21","guid":{"rendered":"https:\/\/welonda.pl\/?post_type=product&#038;p=2446"},"modified":"2024-08-31T14:34:55","modified_gmt":"2024-08-31T12:34:55","slug":"podnozek-podlogowy-proviel-_welonda-professional-do-montazu-w-podlodze","status":"publish","type":"product","link":"https:\/\/welonda.pl\/en\/product\/podnozek-podlogowy-proviel-_welonda-professional-do-montazu-w-podlodze\/","title":{"rendered":"FLOOR FOOTSTOOL PROVIEL _Welonda Professional"},"content":{"rendered":"<p>Original FLOOR footrest for floor mounting, Welonda Professional, stainless steel.<\/p>\n<ul>\n<li>GROSS price<\/li>\n<\/ul>","protected":false},"excerpt":{"rendered":"<p>Oryginalny Podn\u00f3\u017cek POD\u0141OGOWY do monta\u017cu w pod\u0142odze, Welonda Professional, stal nierdzewna. cena BRUTTO<\/p>","protected":false},"featured_media":2447,"template":"","meta":{"_themeisle_gutenberg_block_has_review":false},"product_brand":[],"product_cat":[185],"product_tag":[],"class_list":{"0":"post-2446","1":"product","2":"type-product","3":"status-publish","4":"has-post-thumbnail","6":"product_cat-pomocniki","8":"first","9":"instock","10":"taxable","11":"shipping-taxable","12":"purchasable","13":"product-type-simple"},"acf":[],"_links":{"self":[{"href":"https:\/\/welonda.pl\/en\/wp-json\/wp\/v2\/product\/2446","targetHints":{"allow":["GET"]}}],"collection":[{"href":"https:\/\/welonda.pl\/en\/wp-json\/wp\/v2\/product"}],"about":[{"href":"https:\/\/welonda.pl\/en\/wp-json\/wp\/v2\/types\/product"}],"wp:featuredmedia":[{"embeddable":true,"href":"https:\/\/welonda.pl\/en\/wp-json\/wp\/v2\/media\/2447"}],"wp:attachment":[{"href":"https:\/\/welonda.pl\/en\/wp-json\/wp\/v2\/media?parent=2446"}],"wp:term":[{"taxonomy":"product_brand","embeddable":true,"href":"https:\/\/welonda.pl\/en\/wp-json\/wp\/v2\/product_brand?post=2446"},{"taxonomy":"product_cat","embeddable":true,"href":"https:\/\/welonda.pl\/en\/wp-json\/wp\/v2\/product_cat?post=2446"},{"taxonomy":"product_tag","embeddable":true,"href":"https:\/\/welonda.pl\/en\/wp-json\/wp\/v2\/product_tag?post=2446"}],"curies":[{"name":"wp","href":"https:\/\/api.w.org\/{rel}","templated":true}]}}