{"id":2443,"date":"2024-08-31T13:48:41","date_gmt":"2024-08-31T11:48:41","guid":{"rendered":"https:\/\/welonda.pl\/?post_type=product&#038;p=2443"},"modified":"2024-08-31T14:35:35","modified_gmt":"2024-08-31T12:35:35","slug":"podnozek-wolnostojacy-linea-_welonda-professional","status":"publish","type":"product","link":"https:\/\/welonda.pl\/en\/product\/podnozek-wolnostojacy-linea-_welonda-professional\/","title":{"rendered":"Freestanding footrest LINEA _Welonda Professional"},"content":{"rendered":"<p>Original Welonda Professional freestanding footrest on base plate, stainless steel. Tube 25 mm \u00f8<\/p>\n<ul>\n<li>GROSS price<\/li>\n<\/ul>","protected":false},"excerpt":{"rendered":"<p>Oryginalny Podn\u00f3\u017cek wolnostoj\u0105cy Welonda Professional na p\u0142ycie bazowej, stal nierdzewna. Rura 25 mm \u00f8 cena BRUTTO<\/p>","protected":false},"featured_media":2444,"template":"","meta":{"_themeisle_gutenberg_block_has_review":false},"product_brand":[],"product_cat":[185],"product_tag":[],"class_list":{"0":"post-2443","1":"product","2":"type-product","3":"status-publish","4":"has-post-thumbnail","6":"product_cat-pomocniki","8":"first","9":"instock","10":"taxable","11":"shipping-taxable","12":"purchasable","13":"product-type-simple"},"acf":[],"_links":{"self":[{"href":"https:\/\/welonda.pl\/en\/wp-json\/wp\/v2\/product\/2443","targetHints":{"allow":["GET"]}}],"collection":[{"href":"https:\/\/welonda.pl\/en\/wp-json\/wp\/v2\/product"}],"about":[{"href":"https:\/\/welonda.pl\/en\/wp-json\/wp\/v2\/types\/product"}],"wp:featuredmedia":[{"embeddable":true,"href":"https:\/\/welonda.pl\/en\/wp-json\/wp\/v2\/media\/2444"}],"wp:attachment":[{"href":"https:\/\/welonda.pl\/en\/wp-json\/wp\/v2\/media?parent=2443"}],"wp:term":[{"taxonomy":"product_brand","embeddable":true,"href":"https:\/\/welonda.pl\/en\/wp-json\/wp\/v2\/product_brand?post=2443"},{"taxonomy":"product_cat","embeddable":true,"href":"https:\/\/welonda.pl\/en\/wp-json\/wp\/v2\/product_cat?post=2443"},{"taxonomy":"product_tag","embeddable":true,"href":"https:\/\/welonda.pl\/en\/wp-json\/wp\/v2\/product_tag?post=2443"}],"curies":[{"name":"wp","href":"https:\/\/api.w.org\/{rel}","templated":true}]}}