{"id":2427,"date":"2024-05-24T11:12:39","date_gmt":"2024-05-24T09:12:39","guid":{"rendered":"https:\/\/welonda.pl\/?post_type=product&#038;p=2427"},"modified":"2025-10-14T11:42:25","modified_gmt":"2025-10-14T09:42:25","slug":"welonda-mr-mo_ruchome-oparcie","status":"publish","type":"product","link":"https:\/\/welonda.pl\/en\/product\/welonda-mr-mo_ruchome-oparcie\/","title":{"rendered":"WELONDA MR.MO_Movable backrest"},"content":{"rendered":"<div class=\"page\" title=\"Page 6\">\n<div class=\"section\">\n<div class=\"layoutArea\">\n<div class=\"column\">\n<div class=\"page\" title=\"Page 2\">\n<div class=\"layoutArea\">\n<div class=\"column\">\n<h3 style=\"text-align: center;\">Ask us about the special program for exchanging your existing furniture in the WELONDA_PRO system!<\/h3>\n<\/div>\n<\/div>\n<\/div>\n<p>Welonda _ Mr. Mo. hairdressing chair with high adjustable backrest is ideal for ladies&#039;, men&#039;s and family salons due to its ergonomic shape. Available with various bases, pump and fixed footrest as well as adjustable backrest, headrest and height. Individually upholstered, it is available in selected Welonda Fabrics fabrics.<\/p>\n<p>*also available with fixed or short backrest.<\/p>\n<\/div>\n<\/div>\n<\/div>\n<\/div>","protected":false},"excerpt":{"rendered":"<p>Zapytaj nas o specjalny program wymiany twoich dotychczasowych mebli w systemie WELONDA_PRO! Fotel fryzjerski Welonda _ Mr. Mo. z wysokim regulowanym oparciem ze wzgl\u0119du na sw\u00f3j ergonomiczny kszta\u0142t idealnie nadaje si\u0119 do salon\u00f3w damskich m\u0119skich i rodzinnych. Dost\u0119pny z r\u00f3\u017cnymi \u00a0podstawami pomp\u0105 i sta\u0142ym podn\u00f3\u017ckiem a r\u00f3wnie\u017c z regulacj\u0105 oparcia, zag\u0142\u00f3wka i wysoko\u015bci. Indywidualnie tapicerowany, dost\u0119pny jest w wybranych tkaninach Welonda Fabrics&#8230;.<\/p>","protected":false},"featured_media":2429,"template":"","meta":{"_themeisle_gutenberg_block_has_review":false},"product_brand":[],"product_cat":[181],"product_tag":[],"class_list":{"0":"post-2427","1":"product","2":"type-product","3":"status-publish","4":"has-post-thumbnail","6":"product_cat-fotele","8":"first","9":"instock","10":"taxable","11":"shipping-taxable","12":"purchasable","13":"product-type-simple"},"acf":[],"_links":{"self":[{"href":"https:\/\/welonda.pl\/en\/wp-json\/wp\/v2\/product\/2427","targetHints":{"allow":["GET"]}}],"collection":[{"href":"https:\/\/welonda.pl\/en\/wp-json\/wp\/v2\/product"}],"about":[{"href":"https:\/\/welonda.pl\/en\/wp-json\/wp\/v2\/types\/product"}],"wp:featuredmedia":[{"embeddable":true,"href":"https:\/\/welonda.pl\/en\/wp-json\/wp\/v2\/media\/2429"}],"wp:attachment":[{"href":"https:\/\/welonda.pl\/en\/wp-json\/wp\/v2\/media?parent=2427"}],"wp:term":[{"taxonomy":"product_brand","embeddable":true,"href":"https:\/\/welonda.pl\/en\/wp-json\/wp\/v2\/product_brand?post=2427"},{"taxonomy":"product_cat","embeddable":true,"href":"https:\/\/welonda.pl\/en\/wp-json\/wp\/v2\/product_cat?post=2427"},{"taxonomy":"product_tag","embeddable":true,"href":"https:\/\/welonda.pl\/en\/wp-json\/wp\/v2\/product_tag?post=2427"}],"curies":[{"name":"wp","href":"https:\/\/api.w.org\/{rel}","templated":true}]}}