{"id":2388,"date":"2024-01-05T20:33:11","date_gmt":"2024-01-05T19:33:11","guid":{"rendered":"https:\/\/welonda.pl\/?post_type=product&#038;p=2388"},"modified":"2024-01-05T20:45:11","modified_gmt":"2024-01-05T19:45:11","slug":"%e2%ad%90%ef%b8%8ftondeo-element-offset-tulip-39","status":"publish","type":"product","link":"https:\/\/welonda.pl\/en\/product\/%e2%ad%90%ef%b8%8ftondeo-element-offset-tulip-39\/","title":{"rendered":"\u2b50\ufe0fTONDEO ELEMENT OFFSET Tulip (39)"},"content":{"rendered":"<p>TONDEO ELEMENT OFFSET Tulip (39)<\/p>\n<p>The ELEMENT model is a type of Japanese blade.<\/p>\n<p>They are exceptionally slim and precise. This is the perfect choice if you are looking for perfection and an exceptionally ergonomic shape!<\/p>\n<p>They have a detachable finger rest, ball bearing and a convenient adjustment system.<\/p>\n<p>Polished by hand with sisal fibers, they give a feeling of exceptional softness of the highest quality stainless steel.<\/p>\n<p>The TONDEO PREMIUM quality guarantees the highest technical parameters tailored to the needs of the most demanding stylists.<\/p>\n<p>&nbsp;<\/p>","protected":false},"excerpt":{"rendered":"<p>TONDEO ELEMENT OFFSET Tulip (39) Model ELEMENT to typ ostrzy japo\u0144skich. S\u0105 one wyj\u0105tkowo smuk\u0142e i precyzyjne. To idealny wyb\u00f3r je\u015bli szukasz perfekcji i wyj\u0105tkowo ergonomicznego kszta\u0142tu! Posiadaj\u0105 od\u0142\u0105czan\u0105 podp\u00f3rk\u0119 na palec, \u0142o\u017cysko kulkowe i wygodny system regulacji. Polerowane r\u0119cznie w\u0142\u00f3knem sizalowym daj\u0105 uczucie wyj\u0105tkowej mi\u0119kko\u015bci najwy\u017cszej jako\u015bci szlachetnej stali. Jako\u015b TONDEO PREMIUM gwarantuje najwy\u017csze parametry techniczne dopasowane do potrzeb najbardziej wymagaj\u0105cych&#8230;<\/p>","protected":false},"featured_media":2389,"template":"","meta":{"_themeisle_gutenberg_block_has_review":false},"product_brand":[],"product_cat":[22],"product_tag":[],"class_list":{"0":"post-2388","1":"product","2":"type-product","3":"status-publish","4":"has-post-thumbnail","6":"product_cat-tondeo","8":"first","9":"instock","10":"sale","11":"taxable","12":"shipping-taxable","13":"purchasable","14":"product-type-simple"},"acf":[],"_links":{"self":[{"href":"https:\/\/welonda.pl\/en\/wp-json\/wp\/v2\/product\/2388","targetHints":{"allow":["GET"]}}],"collection":[{"href":"https:\/\/welonda.pl\/en\/wp-json\/wp\/v2\/product"}],"about":[{"href":"https:\/\/welonda.pl\/en\/wp-json\/wp\/v2\/types\/product"}],"wp:featuredmedia":[{"embeddable":true,"href":"https:\/\/welonda.pl\/en\/wp-json\/wp\/v2\/media\/2389"}],"wp:attachment":[{"href":"https:\/\/welonda.pl\/en\/wp-json\/wp\/v2\/media?parent=2388"}],"wp:term":[{"taxonomy":"product_brand","embeddable":true,"href":"https:\/\/welonda.pl\/en\/wp-json\/wp\/v2\/product_brand?post=2388"},{"taxonomy":"product_cat","embeddable":true,"href":"https:\/\/welonda.pl\/en\/wp-json\/wp\/v2\/product_cat?post=2388"},{"taxonomy":"product_tag","embeddable":true,"href":"https:\/\/welonda.pl\/en\/wp-json\/wp\/v2\/product_tag?post=2388"}],"curies":[{"name":"wp","href":"https:\/\/api.w.org\/{rel}","templated":true}]}}