{"id":2363,"date":"2023-09-11T14:03:19","date_gmt":"2023-09-11T12:03:19","guid":{"rendered":"https:\/\/welonda.pl\/?post_type=product&#038;p=2363"},"modified":"2024-05-07T18:29:05","modified_gmt":"2024-05-07T16:29:05","slug":"exonda-professional-dryer-hood-air-4-one","status":"publish","type":"product","link":"https:\/\/welonda.pl\/en\/product\/exonda-professional-dryer-hood-air-4-one\/","title":{"rendered":"EXONDA Professional DRYER Hood aiR 4 one"},"content":{"rendered":"<div class=\"page\" title=\"Page 1\">\n<div class=\"section\">\n<div class=\"layoutArea\">\n<div class=\"column\">\n<p>Top quality, essential tool for professionals.<\/p>\n<div class=\"page\" title=\"Page 1\">\n<div class=\"section\">\n<div class=\"layoutArea\">\n<div class=\"column\">\n<p>An iconic device from EXONDA Professional.<\/p>\n<\/div>\n<\/div>\n<\/div>\n<\/div>\n<\/div>\n<\/div>\n<\/div>\n<\/div>\n<div class=\"page\" title=\"Page 15\">\n<div class=\"layoutArea\">\n<div class=\"column\">\n<p>Specialized multi-functional device for styling and drying hair.<\/p>\n<p>Made in Germany!<\/p>\n<\/div>\n<\/div>\n<\/div>\n<p>*price applies to the tripod version.<\/p>\n<p>*the number of products in the promotion is limited.<\/p>","protected":false},"excerpt":{"rendered":"<p>Najwyz\u0307szej jakos\u0301ci, niezbe\u0328dne narze\u0328dzie dla profesjonalisto\u0301w. Kultowe urz\u0105dzenie firmy EXONDA Professional. Specjalistyczne wielofunkcyjne urza\u0328dzenie do stylizacji i suszenia w\u0142oso\u0301w. Made in Germany! *cena dotyczy wersji na statywie. *ilo\u015b\u0107 produkt\u00f3w w promocji jest ograniczona.<\/p>","protected":false},"featured_media":2368,"template":"","meta":{"_themeisle_gutenberg_block_has_review":false},"product_brand":[],"product_cat":[180],"product_tag":[],"class_list":{"0":"post-2363","1":"product","2":"type-product","3":"status-publish","4":"has-post-thumbnail","6":"product_cat-exonda","8":"first","9":"instock","10":"sale","11":"taxable","12":"shipping-taxable","13":"purchasable","14":"product-type-simple"},"acf":[],"_links":{"self":[{"href":"https:\/\/welonda.pl\/en\/wp-json\/wp\/v2\/product\/2363","targetHints":{"allow":["GET"]}}],"collection":[{"href":"https:\/\/welonda.pl\/en\/wp-json\/wp\/v2\/product"}],"about":[{"href":"https:\/\/welonda.pl\/en\/wp-json\/wp\/v2\/types\/product"}],"wp:featuredmedia":[{"embeddable":true,"href":"https:\/\/welonda.pl\/en\/wp-json\/wp\/v2\/media\/2368"}],"wp:attachment":[{"href":"https:\/\/welonda.pl\/en\/wp-json\/wp\/v2\/media?parent=2363"}],"wp:term":[{"taxonomy":"product_brand","embeddable":true,"href":"https:\/\/welonda.pl\/en\/wp-json\/wp\/v2\/product_brand?post=2363"},{"taxonomy":"product_cat","embeddable":true,"href":"https:\/\/welonda.pl\/en\/wp-json\/wp\/v2\/product_cat?post=2363"},{"taxonomy":"product_tag","embeddable":true,"href":"https:\/\/welonda.pl\/en\/wp-json\/wp\/v2\/product_tag?post=2363"}],"curies":[{"name":"wp","href":"https:\/\/api.w.org\/{rel}","templated":true}]}}