{"id":2351,"date":"2023-08-16T10:06:48","date_gmt":"2023-08-16T08:06:48","guid":{"rendered":"https:\/\/welonda.pl\/?post_type=product&#038;p=2351"},"modified":"2024-10-16T08:43:24","modified_gmt":"2024-10-16T06:43:24","slug":"tondeo-supra-tulip-34-conblade","status":"publish","type":"product","link":"https:\/\/welonda.pl\/en\/product\/tondeo-supra-tulip-34-conblade\/","title":{"rendered":"TONDEO SUPRA TULIP (34) CONBLADE"},"content":{"rendered":"<p>The TONDEO SUPRA TULIP thinning scissors in size 5.75\u2033 are an elegant classic that reflects the passion for hairdressing. Our PREMIUM COLLECTION includes exceptional scissors of exceptional quality from the city of blades Solingen. With black details in the appearance, the SUPRA TULIP immediately catches the eye.<\/p>\n<p>EDGE<\/p>\n<p>The thinning scissors have laser-cut tulip teeth.<\/p>\n<p>34 teeth ensure precise results. The convex SUPRA TULIP blade has a razor-sharp, integrated cutting edge with the smallest cutting angle. Particularly practical for contours and precise work.<br \/>\nThe scissors are manufactured using CONBLADE technology, which, thanks to the extremely concave grind of the extremely convex scissors blade, gives the cutting edge a sensationally soft cutting feel.<\/p>\n<p>STEEL AND SURFACE<\/p>\n<p>Thanks to the high-quality vanadium steel, you can use Supra for a long time, as it provides long-lasting sharpness. The sub-zero hardening process makes the steel resistant to wear. The black screw and finger rest improve the appearance of the scissors and attract attention.<\/p>","protected":false},"excerpt":{"rendered":"<p>Dega\u017c\u00f3wki fryzjerskie TONDEO SUPRA TULIP w rozmiarze 5,75&#8243; to elegancki klasyk odzwierciedlaj\u0105cy pasj\u0119 do fryzjerstwa model. \u00a0Nasza KOLEKCJA PREMIUM obejmuje wyj\u0105tkowe no\u017cyczki o wyj\u0105tkowej jako\u015bci z miasta ostrzy Solingen. Dzi\u0119ki czarnym detalom w wygl\u0105dzie, SUPRA TULIP natychmiast przyci\u0105ga wzrok. KRAW\u0118D\u0179 Dega\u017c\u00f3wki maj\u0105 laserowo wyci\u0119te z\u0119by tulipana. 34 z\u0119by zapewniaj\u0105 precyzyjne rezultaty. Wypuk\u0142e ostrze SUPRA TULIP ma ostr\u0105 jak brzytwa, zintegrowan\u0105 kraw\u0119d\u017a tn\u0105c\u0105&#8230;<\/p>","protected":false},"featured_media":2352,"template":"","meta":{"_themeisle_gutenberg_block_has_review":false},"product_brand":[],"product_cat":[22],"product_tag":[],"class_list":{"0":"post-2351","1":"product","2":"type-product","3":"status-publish","4":"has-post-thumbnail","6":"product_cat-tondeo","8":"first","9":"instock","10":"taxable","11":"shipping-taxable","12":"purchasable","13":"product-type-simple"},"acf":[],"_links":{"self":[{"href":"https:\/\/welonda.pl\/en\/wp-json\/wp\/v2\/product\/2351","targetHints":{"allow":["GET"]}}],"collection":[{"href":"https:\/\/welonda.pl\/en\/wp-json\/wp\/v2\/product"}],"about":[{"href":"https:\/\/welonda.pl\/en\/wp-json\/wp\/v2\/types\/product"}],"wp:featuredmedia":[{"embeddable":true,"href":"https:\/\/welonda.pl\/en\/wp-json\/wp\/v2\/media\/2352"}],"wp:attachment":[{"href":"https:\/\/welonda.pl\/en\/wp-json\/wp\/v2\/media?parent=2351"}],"wp:term":[{"taxonomy":"product_brand","embeddable":true,"href":"https:\/\/welonda.pl\/en\/wp-json\/wp\/v2\/product_brand?post=2351"},{"taxonomy":"product_cat","embeddable":true,"href":"https:\/\/welonda.pl\/en\/wp-json\/wp\/v2\/product_cat?post=2351"},{"taxonomy":"product_tag","embeddable":true,"href":"https:\/\/welonda.pl\/en\/wp-json\/wp\/v2\/product_tag?post=2351"}],"curies":[{"name":"wp","href":"https:\/\/api.w.org\/{rel}","templated":true}]}}