{"id":2348,"date":"2023-08-15T13:46:32","date_gmt":"2023-08-15T11:46:32","guid":{"rendered":"https:\/\/welonda.pl\/?post_type=product&#038;p=2348"},"modified":"2023-08-15T13:59:30","modified_gmt":"2023-08-15T11:59:30","slug":"tondeo-supra-fasson-tulip-50-conblade","status":"publish","type":"product","link":"https:\/\/welonda.pl\/en\/product\/tondeo-supra-fasson-tulip-50-conblade\/","title":{"rendered":"TONDEO SUPRA FASSON TULIP (50) CONBLADE"},"content":{"rendered":"<p>Our popular TONDEO SUPRA FASSON thinning scissors are now also available in the 6.5\u2033 size with 50 teeth. SUPRA FASSON enables a wide range of applications \u2013 a real all-rounder. Whether it is a stylish undercut or a trendy hairstyle, with SUPRA FASSON you can meet all your customer wishes. Cutting particularly smooth transitions is child&#039;s play with these scissors. Our PREMIUM COLLECTION includes exceptional scissors in exceptional quality from the city of blades Solingen. With its black details, SUPRA FASSON immediately catches the eye. Discover the other members of our SUPRA family in our online shop.<\/p>\n<p>EDGE AND SHEET<\/p>\n<p>The laser-cut tulip teeth on the lower part of the SUPRA FASSON have consistently large spaces to grip uncut hair. This achieves dynamic work with precise results. THE SUPRA STYLE HAS A CURVED, INTEGRATED CONBLADE EDGE. Provides extreme sharpness and edge retention.<\/p>\n<p>STEEL AND SURFACE<\/p>\n<p>Thanks to the high-quality vanadium steel, you can also use the hair scissors for a long time, as it provides durability and long-lasting sharpness. The sub-zero hardening process makes the steel resistant to wear. The deep black screw and deep black finger RESTs improve the appearance of the scissors and provide comfort!<\/p>\n<p>ERGONOMICS<\/p>\n<p>The SUPRA models allow you to find the perfect hairdressing scissors. The classic handle shape is designed for lovers of classic haircutting techniques. Thanks to two finger rests and the classic shape, the SUPRA FASSON is also suitable as modelling scissors for left-handers and is perfectly balanced at the same time. The hairdressing scissors provide an ergonomic hand position for every technique. Decide according to your preferences. Thanks to the comfortable screw, the hairdresser can individually adjust the softness of the scissors.<\/p>\n<p>SCOPE OF DELIVERY<\/p>\n<p>The hairdressing scissors are supplied with TONDEO DROP PEN OIL care oil for the screw system. This ensures that the scissors work smoothly. The included finger inserts provide a secure grip and prevent the scissors from slipping out of the hand. The accessories are integrated into the high-quality packaging of our SUPRA FASSON CONBLADE.<\/p>","protected":false},"excerpt":{"rendered":"<p>Nasze popularne dega\u017c\u00f3wki \u00a0TONDEO SUPRA FASSON s\u0105 teraz dost\u0119pne r\u00f3wnie\u017c w rozmiarze 6,5&#8243; z 50 z\u0119bami. SUPRA FASSON umo\u017cliwia szeroki zakres zastosowa\u0144 &#8211; prawdziwie wszechstronne. Niezale\u017cnie od tego, czy chodzi o stylowe podci\u0119cie, czy modne fryzury, dzi\u0119ki SUPRA FASSON mo\u017cesz odpowiedzie\u0107 na wszystkie \u017cyczenia klient\u00f3w. Wycinanie szczeg\u00f3lnie g\u0142adkich przej\u015b\u0107 jest dziecinnie proste z tymi no\u017cyczkami. Nasza KOLEKCJA PREMIUM obejmuje wyj\u0105tkowe no\u017cyczki o&#8230;<\/p>","protected":false},"featured_media":2349,"template":"","meta":{"_themeisle_gutenberg_block_has_review":false},"product_brand":[],"product_cat":[22],"product_tag":[],"class_list":{"0":"post-2348","1":"product","2":"type-product","3":"status-publish","4":"has-post-thumbnail","6":"product_cat-tondeo","8":"first","9":"instock","10":"sale","11":"taxable","12":"shipping-taxable","13":"purchasable","14":"product-type-simple"},"acf":[],"_links":{"self":[{"href":"https:\/\/welonda.pl\/en\/wp-json\/wp\/v2\/product\/2348","targetHints":{"allow":["GET"]}}],"collection":[{"href":"https:\/\/welonda.pl\/en\/wp-json\/wp\/v2\/product"}],"about":[{"href":"https:\/\/welonda.pl\/en\/wp-json\/wp\/v2\/types\/product"}],"wp:featuredmedia":[{"embeddable":true,"href":"https:\/\/welonda.pl\/en\/wp-json\/wp\/v2\/media\/2349"}],"wp:attachment":[{"href":"https:\/\/welonda.pl\/en\/wp-json\/wp\/v2\/media?parent=2348"}],"wp:term":[{"taxonomy":"product_brand","embeddable":true,"href":"https:\/\/welonda.pl\/en\/wp-json\/wp\/v2\/product_brand?post=2348"},{"taxonomy":"product_cat","embeddable":true,"href":"https:\/\/welonda.pl\/en\/wp-json\/wp\/v2\/product_cat?post=2348"},{"taxonomy":"product_tag","embeddable":true,"href":"https:\/\/welonda.pl\/en\/wp-json\/wp\/v2\/product_tag?post=2348"}],"curies":[{"name":"wp","href":"https:\/\/api.w.org\/{rel}","templated":true}]}}