{"id":2289,"date":"2023-08-05T18:52:27","date_gmt":"2023-08-05T16:52:27","guid":{"rendered":"https:\/\/welonda.pl\/?post_type=product&#038;p=2289"},"modified":"2024-07-26T10:45:33","modified_gmt":"2024-07-26T08:45:33","slug":"tondeo-countess-38-conblades","status":"publish","type":"product","link":"https:\/\/welonda.pl\/en\/product\/tondeo-countess-38-conblades\/","title":{"rendered":"TONDEO COUNTESS (38) CONBLADES"},"content":{"rendered":"<div class=\"page\" title=\"Page 4\">\n<div class=\"section\">\n<div class=\"layoutArea\">\n<p style=\"text-align: center;\">Complete your order for any FOUR Tondeo products in your salon and ask us about our special TONDEO_PRO wholesale program!<\/p>\n<div class=\"column\"><\/div>\n<p>The TONDEO COUNTESS _38 thinning scissors are one of the most popular scissors in our online store and combine elegant design with innovative technology. The hairdressing scissors belong to the Premium line and are therefore one of the highest quality tools for the hairdresser.<\/p>\n<p>EDGE<\/p>\n<p>The thinning knives are manufactured using CONBLADE technology, which gives the cutting edge a sensationally soft cutting feel thanks to the extremely concave grind of the extremely convex blade. The thinning knives thus achieve the highest quality, sharpness and stability. The extremely sharp, integrated cutting edge with the smallest angle allows for perfect thinning and ensures maximum edge retention.<\/p>\n<\/div>\n<\/div>\n<\/div>","protected":false},"excerpt":{"rendered":"<p>Skompletuj w swoim salonie zamo\u0301wienie na CZTERY dowolne produkty Tondeo i zapytaj nas o specjalny program sprzedaz\u0307y hurtowej TONDEO_PRO! Dega\u017c\u00f3wki fryzjerskie TONDEO COUNTESS _38 s\u0105 jednymi z najpopularniejszych no\u017cyczek w naszym sklepie internetowym i \u0142\u0105cz\u0105 elegancki design z innowacyjn\u0105 technologi\u0105. No\u017cyczki fryzjerskie nale\u017c\u0105 do linii Premium i dlatego s\u0105 jednym z najwy\u017cszej jako\u015bci narz\u0119dzi dla fryzjera. KRAW\u0118D\u0179 Dega\u017c\u00f3wki \u00a0zosta\u0142y wyprodukowane przy u\u017cyciu&#8230;<\/p>","protected":false},"featured_media":2290,"template":"","meta":{"_themeisle_gutenberg_block_has_review":false},"product_brand":[],"product_cat":[22],"product_tag":[],"class_list":{"0":"post-2289","1":"product","2":"type-product","3":"status-publish","4":"has-post-thumbnail","6":"product_cat-tondeo","8":"first","9":"instock","10":"sale","11":"taxable","12":"shipping-taxable","13":"product-type-external"},"acf":[],"_links":{"self":[{"href":"https:\/\/welonda.pl\/en\/wp-json\/wp\/v2\/product\/2289","targetHints":{"allow":["GET"]}}],"collection":[{"href":"https:\/\/welonda.pl\/en\/wp-json\/wp\/v2\/product"}],"about":[{"href":"https:\/\/welonda.pl\/en\/wp-json\/wp\/v2\/types\/product"}],"wp:featuredmedia":[{"embeddable":true,"href":"https:\/\/welonda.pl\/en\/wp-json\/wp\/v2\/media\/2290"}],"wp:attachment":[{"href":"https:\/\/welonda.pl\/en\/wp-json\/wp\/v2\/media?parent=2289"}],"wp:term":[{"taxonomy":"product_brand","embeddable":true,"href":"https:\/\/welonda.pl\/en\/wp-json\/wp\/v2\/product_brand?post=2289"},{"taxonomy":"product_cat","embeddable":true,"href":"https:\/\/welonda.pl\/en\/wp-json\/wp\/v2\/product_cat?post=2289"},{"taxonomy":"product_tag","embeddable":true,"href":"https:\/\/welonda.pl\/en\/wp-json\/wp\/v2\/product_tag?post=2289"}],"curies":[{"name":"wp","href":"https:\/\/api.w.org\/{rel}","templated":true}]}}