{"id":2287,"date":"2023-08-05T18:46:21","date_gmt":"2023-08-05T16:46:21","guid":{"rendered":"https:\/\/welonda.pl\/?post_type=product&#038;p=2287"},"modified":"2024-07-26T10:45:58","modified_gmt":"2024-07-26T08:45:58","slug":"tondeo-countess-6-25-conblades","status":"publish","type":"product","link":"https:\/\/welonda.pl\/en\/product\/tondeo-countess-6-25-conblades\/","title":{"rendered":"TONDEO COUNTESS 6.25\u2033 CONBLADES"},"content":{"rendered":"<div class=\"page\" title=\"Page 4\">\n<div class=\"section\">\n<div class=\"layoutArea\">\n<p style=\"text-align: center;\">Complete your order for any FOUR Tondeo products in your salon and ask us about our special TONDEO_PRO wholesale program!<\/p>\n<div class=\"column\"><\/div>\n<p>The TONDEO COUNTESS hairdressing scissors in size 6.25\u2033 are one of the most popular scissors in our online shop and combine elegant design with innovative technology. The hairdressing scissors belong to the Premium line and are therefore one of the highest quality tools for hairdressers. The thinning scissors are also available in our online shop as modeling scissors with 38 teeth, they convince with excellent cutting performance and timeless design.<\/p>\n<p>EDGE<\/p>\n<p>The scissors are manufactured using CONBLADE technology, which gives the cutting edge a sensationally soft cutting feel thanks to the extremely concave grinding of the extremely convex blade. The scissors thus achieve the highest quality, sharpness and stability. The extremely sharp, integrated cutting edge with the smallest angle allows for perfect thinning in the slide and ensures maximum edge retention.<\/p>\n<\/div>\n<\/div>\n<\/div>","protected":false},"excerpt":{"rendered":"<p>Skompletuj w swoim salonie zamo\u0301wienie na CZTERY dowolne produkty Tondeo i zapytaj nas o specjalny program sprzedaz\u0307y hurtowej TONDEO_PRO! No\u017cyczki fryzjerskie TONDEO COUNTESS w rozmiarze 6,25&#8243; s\u0105 jednymi z najpopularniejszych no\u017cyczek w naszym sklepie internetowym i \u0142\u0105cz\u0105 elegancki design z innowacyjn\u0105 technologi\u0105. No\u017cyczki fryzjerskie nale\u017c\u0105 do linii Premium i dlatego s\u0105 jednym z najwy\u017cszej jako\u015bci narz\u0119dzi dla fryzjera. Dega\u017c\u00f3wki s\u0105 \u00a0r\u00f3wnie\u017c dost\u0119pna&#8230;<\/p>","protected":false},"featured_media":2288,"template":"","meta":{"_themeisle_gutenberg_block_has_review":false},"product_brand":[],"product_cat":[22],"product_tag":[],"class_list":{"0":"post-2287","1":"product","2":"type-product","3":"status-publish","4":"has-post-thumbnail","6":"product_cat-tondeo","8":"first","9":"instock","10":"sale","11":"taxable","12":"shipping-taxable","13":"product-type-external"},"acf":[],"_links":{"self":[{"href":"https:\/\/welonda.pl\/en\/wp-json\/wp\/v2\/product\/2287","targetHints":{"allow":["GET"]}}],"collection":[{"href":"https:\/\/welonda.pl\/en\/wp-json\/wp\/v2\/product"}],"about":[{"href":"https:\/\/welonda.pl\/en\/wp-json\/wp\/v2\/types\/product"}],"wp:featuredmedia":[{"embeddable":true,"href":"https:\/\/welonda.pl\/en\/wp-json\/wp\/v2\/media\/2288"}],"wp:attachment":[{"href":"https:\/\/welonda.pl\/en\/wp-json\/wp\/v2\/media?parent=2287"}],"wp:term":[{"taxonomy":"product_brand","embeddable":true,"href":"https:\/\/welonda.pl\/en\/wp-json\/wp\/v2\/product_brand?post=2287"},{"taxonomy":"product_cat","embeddable":true,"href":"https:\/\/welonda.pl\/en\/wp-json\/wp\/v2\/product_cat?post=2287"},{"taxonomy":"product_tag","embeddable":true,"href":"https:\/\/welonda.pl\/en\/wp-json\/wp\/v2\/product_tag?post=2287"}],"curies":[{"name":"wp","href":"https:\/\/api.w.org\/{rel}","templated":true}]}}