{"id":2286,"date":"2023-08-05T18:39:25","date_gmt":"2023-08-05T16:39:25","guid":{"rendered":"https:\/\/welonda.pl\/?post_type=product&#038;p=2286"},"modified":"2024-07-26T10:46:30","modified_gmt":"2024-07-26T08:46:30","slug":"tondeo-earl-6-25-offset-barber-2023_version-conblade","status":"publish","type":"product","link":"https:\/\/welonda.pl\/en\/product\/tondeo-earl-6-25-offset-barber-2023_version-conblade\/","title":{"rendered":"TONDEO EARL 6.25 OFFSET barber CONBLADE"},"content":{"rendered":"<div class=\"page\" title=\"Page 4\">\n<div class=\"section\">\n<div class=\"layoutArea\">\n<p style=\"text-align: center;\">Complete your order for any FOUR Tondeo products in your salon and ask us about our special TONDEO_PRO wholesale program!<\/p>\n<p>&nbsp;<\/p>\n<div class=\"column\">\n<p>EXTREME SHARPNESS AND EXTREME PRECISION<\/p>\n<p>The TONDEO EARL hairdressing scissors are a perfect example of the extraordinary. It combines tradition and innovation. As part of our TONDEO BARBER&#039;S TOOLBAR, these scissors were developed in cooperation with hairdressing professionals. This resulted in a completely new cutting edge that contributes to the extraordinary look. EARL are the ideal hairdressing scissors for men&#039;s haircuts. In particular, the 7-inch scissors are ideal for men&#039;s cuts on the comb and deep &quot;blow&quot; lines. Our PREMIUM-LINE testifies to the highest quality from Solingen, the city of blades. In our online shop you can also buy the TONDEO EARL thinning scissors with 38 teeth for thinning.<\/p>\n<\/div>\n<p>Always check if your Tondeo is original and newest with the CONBLADE quality mark engraved!<\/p>\n<\/div>\n<\/div>\n<\/div>","protected":false},"excerpt":{"rendered":"<p>Skompletuj w swoim salonie zamo\u0301wienie na CZTERY dowolne produkty Tondeo i zapytaj nas o specjalny program sprzedaz\u0307y hurtowej TONDEO_PRO! &nbsp; EKSTREMALNA OSTRO\u015a\u0106 I EKSTREMALNA PRECYZJA No\u017cyczki fryzjerskie TONDEO EARL s\u0105 doskona\u0142ym przyk\u0142adem niezwyk\u0142o\u015bci. \u0141\u0105czy w sobie tradycj\u0119 i innowacyjno\u015b\u0107. W ramach naszego TONDEO BARBER&#8217;S TOOLBAR, no\u017cyce te zosta\u0142y opracowane we wsp\u00f3\u0142pracy z profesjonalistami fryzjerstwa. Zaowocowa\u0142o to zupe\u0142nie now\u0105 kraw\u0119dzi\u0105 tn\u0105c\u0105, kt\u00f3ra przyczynia&#8230;<\/p>","protected":false},"featured_media":2068,"template":"","meta":{"_themeisle_gutenberg_block_has_review":false},"product_brand":[],"product_cat":[22],"product_tag":[],"class_list":{"0":"post-2286","1":"product","2":"type-product","3":"status-publish","4":"has-post-thumbnail","6":"product_cat-tondeo","8":"first","9":"instock","10":"sale","11":"taxable","12":"shipping-taxable","13":"product-type-external"},"acf":[],"_links":{"self":[{"href":"https:\/\/welonda.pl\/en\/wp-json\/wp\/v2\/product\/2286","targetHints":{"allow":["GET"]}}],"collection":[{"href":"https:\/\/welonda.pl\/en\/wp-json\/wp\/v2\/product"}],"about":[{"href":"https:\/\/welonda.pl\/en\/wp-json\/wp\/v2\/types\/product"}],"wp:featuredmedia":[{"embeddable":true,"href":"https:\/\/welonda.pl\/en\/wp-json\/wp\/v2\/media\/2068"}],"wp:attachment":[{"href":"https:\/\/welonda.pl\/en\/wp-json\/wp\/v2\/media?parent=2286"}],"wp:term":[{"taxonomy":"product_brand","embeddable":true,"href":"https:\/\/welonda.pl\/en\/wp-json\/wp\/v2\/product_brand?post=2286"},{"taxonomy":"product_cat","embeddable":true,"href":"https:\/\/welonda.pl\/en\/wp-json\/wp\/v2\/product_cat?post=2286"},{"taxonomy":"product_tag","embeddable":true,"href":"https:\/\/welonda.pl\/en\/wp-json\/wp\/v2\/product_tag?post=2286"}],"curies":[{"name":"wp","href":"https:\/\/api.w.org\/{rel}","templated":true}]}}