{"id":2277,"date":"2023-08-05T17:59:15","date_gmt":"2023-08-05T15:59:15","guid":{"rendered":"https:\/\/welonda.pl\/?post_type=product&#038;p=2277"},"modified":"2023-08-05T18:11:38","modified_gmt":"2023-08-05T16:11:38","slug":"tondeo-thor-damast-7-0-conblade","status":"publish","type":"product","link":"https:\/\/welonda.pl\/en\/product\/tondeo-thor-damast-7-0-conblade\/","title":{"rendered":"TONDEO THOR DAMAST 7.0\u2033 CONBLADE"},"content":{"rendered":"<p style=\"text-align: center;\">SELECT THE PRODUCT YOU ARE INTERESTED IN ON THE WEBSITE www.tondeo.com AND ASK US ABOUT A SPECIAL WHOLESALE OFFER IN THE TONDEO_PRO_2023 PROGRAM<\/p>\n<div class=\"page\" title=\"Page 4\">\n<div class=\"section\">\n<div class=\"layoutArea\">\n<p>FORGED BY MASTERS<\/p>\n<p>TONDEO THOR DAMAST hairdressing scissors are unique. Unmatched strength, highest purity of the steel used and beautiful design. The Latin inscription &quot;Me fecit Solingen&quot; (Solingen created me) is engraved on THOR DAMASK. The expression comes from the Middle Ages and was already engraved on swords and swords as a seal of quality. You can rely on Solingen quality in terms of sharpness and hardness!<\/p>\n<p>Hurry up: the first hundred models of THOR DAMAST scissors also have unique numbering.<\/p>\n<p>EDGE AND SHEET<\/p>\n<p>The scissors are manufactured using CONBLADE technology, which gives the cutting edge a sensationally soft cutting feel thanks to the extremely concave grind of the extremely convex scissors blade. THOR DAMAST has excellent cutting properties thanks to maximum stability and sharpness. The convex scissors blade also has a razor-sharp, integrated cutting edge and the smallest cutting angle for perfect edge retention.<\/p>\n<p>&nbsp;<\/p>\n<p>STEEL AND SURFACE<\/p>\n<p>THOR DAMASCUS is made of 100% Damascus steel, from the tip of the blade to the finger rings. Damasteel\u00ae is a patented steel from Sweden. The exceptional cutting ability is achieved thanks to the excellent edge properties. The &quot;Thor&quot; decoration gives the hairdressing scissors a unique look. Famous for its special sharpness and extreme durability, loved for its aesthetics. Each one is unique with a unique pattern.<\/p>\n<p>Produced in the traditional Solingen &quot;Big Rose Decor&quot;, which decorated the famous Damascus swords already in the 17th century. For all who love beauty, uniqueness.<\/p>\n<p>ERGONOMICS AND SCISSORS GEAR<\/p>\n<p>Thanks to the forged finger hook and the offset handle shape, the hair scissors lie ergonomically in the hand and provide a healthy and comfortable working position. The ball-bearing sliding screw helps to ensure an especially soft glide and can be precisely adjusted using the ergonomic adjustment key. The best quality from the city of blades Solingen.<\/p>\n<p>Want to learn more about the manufacturer of TONDEO scissors? Get a quick insight into the 120 stages of your premium hairdressing scissors.<\/p>\n<\/div>\n<\/div>\n<\/div>","protected":false},"excerpt":{"rendered":"<p>WYBIERZ NA STRONIE www.tondeo.com PRODUKT, KT\u00d3RY CI\u0118 INTERESUJE I ZAPTAJ NAS O SPECJALN\u0104 OFERT\u0118 HURTOW\u0104 W PROGRAMIE TONDEO_PRO_2023 WYKUWANE PRZEZ MISTRZ\u00d3W No\u017cyczki fryzjerskie TONDEO THOR DAMAST to unikat. Niezr\u00f3wnana wytrzyma\u0142o\u015b\u0107, najwy\u017csza czysto\u015b\u0107 u\u017cytej stali i pi\u0119kny design. \u0141aci\u0144ski napis \u201eMe fecit Solingen\u201d (Solingen mnie stworzy\u0142) jest wygrawerowany na THOR DAMASK. Wyra\u017cenie pochodzi ze \u015bredniowiecza i by\u0142o ju\u017c wyryte na mieczach i mieczach&#8230;<\/p>","protected":false},"featured_media":2278,"template":"","meta":{"_themeisle_gutenberg_block_has_review":false},"product_brand":[],"product_cat":[22],"product_tag":[],"class_list":{"0":"post-2277","1":"product","2":"type-product","3":"status-publish","4":"has-post-thumbnail","6":"product_cat-tondeo","8":"first","9":"instock","10":"sale","11":"taxable","12":"shipping-taxable","13":"purchasable","14":"product-type-simple"},"acf":[],"_links":{"self":[{"href":"https:\/\/welonda.pl\/en\/wp-json\/wp\/v2\/product\/2277","targetHints":{"allow":["GET"]}}],"collection":[{"href":"https:\/\/welonda.pl\/en\/wp-json\/wp\/v2\/product"}],"about":[{"href":"https:\/\/welonda.pl\/en\/wp-json\/wp\/v2\/types\/product"}],"wp:featuredmedia":[{"embeddable":true,"href":"https:\/\/welonda.pl\/en\/wp-json\/wp\/v2\/media\/2278"}],"wp:attachment":[{"href":"https:\/\/welonda.pl\/en\/wp-json\/wp\/v2\/media?parent=2277"}],"wp:term":[{"taxonomy":"product_brand","embeddable":true,"href":"https:\/\/welonda.pl\/en\/wp-json\/wp\/v2\/product_brand?post=2277"},{"taxonomy":"product_cat","embeddable":true,"href":"https:\/\/welonda.pl\/en\/wp-json\/wp\/v2\/product_cat?post=2277"},{"taxonomy":"product_tag","embeddable":true,"href":"https:\/\/welonda.pl\/en\/wp-json\/wp\/v2\/product_tag?post=2277"}],"curies":[{"name":"wp","href":"https:\/\/api.w.org\/{rel}","templated":true}]}}