{"id":2223,"date":"2023-06-02T16:26:08","date_gmt":"2023-06-02T14:26:08","guid":{"rendered":"https:\/\/welonda.pl\/?post_type=product&#038;p=2223"},"modified":"2023-06-02T16:37:58","modified_gmt":"2023-06-02T14:37:58","slug":"niigata-japan_aiko-6-00","status":"publish","type":"product","link":"https:\/\/welonda.pl\/en\/product\/niigata-japan_aiko-6-00\/","title":{"rendered":"NIIGATA JAPAN_AIKO 6.00"},"content":{"rendered":"<p style=\"text-align: center;\">COMPLETE IN YOUR LIVING ROOM<span class=\"Apple-converted-space\">\u00a0<\/span><\/p>\n<p style=\"text-align: center;\">order any FOUR Niigata Japan products and ask us about our special wholesale program<\/p>\n<p style=\"text-align: center;\">NIIGATA_JPN_PRO!<span class=\"Apple-converted-space\">\u00a0<\/span><\/p>\n<p>&nbsp;<\/p>\n<p>AIKO is, above all, strong scissors!<\/p>\n<p>Extremely strong and durable.<\/p>\n<p>AIKO is a reliable and versatile tool.<\/p>\n<p>AIKO will fit perfectly in your hand: we studied its classic and simple design \u2013 with an adjustable mechanism \u2013 to balance the weight between the handle and the blades.<\/p>\n<p>This is the perfect model to start your adventure with NIIGATA JAPAN hand-made, top-of-the-range Japanese PREMIUM scissors.<\/p>\n<p>AIKO will provide you with incredible experiences and will become a clear extension of your artistic and technical sense!<\/p>\n<p>Technical properties:<\/p>\n<p>Hand made in Japan.<\/p>\n<p>Each scissors has its own serial number so we can guarantee the uniqueness of each model.<\/p>\n<p>Size: 5.00\u201d-5.50\u201d-6.00\u201d-6.50\u201d-7.00\u201d<\/p>\n<p>Handle: straight handle.<\/p>\n<p>Finger rest: double, detachable, asymmetrical, conical and engraved with the Bmac logo<\/p>\n<p>FLT\u00ae mechanism: ball bearing, adjustable mechanism<\/p>","protected":false},"excerpt":{"rendered":"<p>SKOMPLETUJ W SWOIM SALONIE\u00a0 zam\u00f3wienie na CZTERY \u00a0dowolne produkty Niigata Japan i zapytaj nas o specjalny program sprzedaz\u0307y hurtowej NIIGATA_JPN_PRO!\u00a0 &nbsp; AIKO to przede wszystkim mocne no\u017cyczki! Wyj\u0105tkowo mocne i trwa\u0142e. AIKO to niezawodne i \u00a0wszechstronne narz\u0119dzie. AIKO idealnie b\u0119dzie pasowa\u0107 do Twojej d\u0142oni: przestudiowali\u015bmy jego klasyczn\u0105 i prost\u0105 konstrukcj\u0119 &#8211; z regulowanym mechanizmem &#8211; aby zr\u00f3wnowa\u017cy\u0107 ci\u0119\u017car mi\u0119dzy r\u0119koje\u015bci\u0105 a ostrzami&#8230;.<\/p>","protected":false},"featured_media":2225,"template":"","meta":{"_themeisle_gutenberg_block_has_review":false},"product_brand":[],"product_cat":[39],"product_tag":[],"class_list":{"0":"post-2223","1":"product","2":"type-product","3":"status-publish","4":"has-post-thumbnail","6":"product_cat-niigata","8":"first","9":"instock","10":"taxable","11":"shipping-taxable","12":"purchasable","13":"product-type-simple"},"acf":[],"_links":{"self":[{"href":"https:\/\/welonda.pl\/en\/wp-json\/wp\/v2\/product\/2223","targetHints":{"allow":["GET"]}}],"collection":[{"href":"https:\/\/welonda.pl\/en\/wp-json\/wp\/v2\/product"}],"about":[{"href":"https:\/\/welonda.pl\/en\/wp-json\/wp\/v2\/types\/product"}],"wp:featuredmedia":[{"embeddable":true,"href":"https:\/\/welonda.pl\/en\/wp-json\/wp\/v2\/media\/2225"}],"wp:attachment":[{"href":"https:\/\/welonda.pl\/en\/wp-json\/wp\/v2\/media?parent=2223"}],"wp:term":[{"taxonomy":"product_brand","embeddable":true,"href":"https:\/\/welonda.pl\/en\/wp-json\/wp\/v2\/product_brand?post=2223"},{"taxonomy":"product_cat","embeddable":true,"href":"https:\/\/welonda.pl\/en\/wp-json\/wp\/v2\/product_cat?post=2223"},{"taxonomy":"product_tag","embeddable":true,"href":"https:\/\/welonda.pl\/en\/wp-json\/wp\/v2\/product_tag?post=2223"}],"curies":[{"name":"wp","href":"https:\/\/api.w.org\/{rel}","templated":true}]}}