{"id":2075,"date":"2023-03-29T19:47:44","date_gmt":"2023-03-29T17:47:44","guid":{"rendered":"https:\/\/welonda.pl\/?post_type=product&#038;p=2075"},"modified":"2024-01-25T16:40:13","modified_gmt":"2024-01-25T15:40:13","slug":"%e2%ad%90%ef%b8%8ftondeo-sensation-damast-offset-conblade","status":"publish","type":"product","link":"https:\/\/welonda.pl\/en\/product\/%e2%ad%90%ef%b8%8ftondeo-sensation-damast-offset-conblade\/","title":{"rendered":"TONDEO SENSATION DAMAST Offset CONBLADE 5.5"},"content":{"rendered":"<p style=\"text-align: center;\">SELECT THE PRODUCT YOU ARE INTERESTED IN ON THE WEBSITE www.tondeo.com AND ASK US ABOUT A SPECIAL WHOLESALE OFFER IN THE TONDEO_PRO_2023 PROGRAM<\/p>\n<p>&nbsp;<\/p>\n<div class=\"page\" title=\"Page 4\">\n<div class=\"section\">\n<div class=\"layoutArea\">\n<div class=\"column\">\n<p>SENSATION HAIRDRESSING SCISSORS TONDEO SENSATION DAMAST<\/p>\n<p>TONDEO DAMAST scissors are true works of art. Famous for their special sharpness and extreme durability, loved for their aesthetics. Each model is unique with a unique grain. Made in 100% stainless steel Damascus in the traditional Solingen &quot;Big Rose Decor&quot; style, which decorated the famous Damascus swords already in the 17th century. For all those who love beauty, uniqueness.<\/p>\n<\/div>\n<\/div>\n<\/div>\n<\/div>","protected":false},"excerpt":{"rendered":"<p>WYBIERZ NA STRONIE www.tondeo.com PRODUKT, KT\u00d3RY CI\u0118 INTERESUJE I ZAPTAJ NAS O SPECJALN\u0104 OFERT\u0118 HURTOW\u0104 W PROGRAMIE TONDEO_PRO_2023 &nbsp; NO\u017bYCE SENSATION FRYZJERSKIE TONDEO SENSATION DAMAST No\u017cyce \u00a0TONDEO DAMAST to prawdziwe dzie\u0142a sztuki. S\u0142ynie ze swojej szczeg\u00f3lnej ostro\u015bci i ekstremalnej trwa\u0142o\u015bci, uwielbiane ze wzgl\u0119du na swoj\u0105 estetyk\u0119. Ka\u017cdy model \u00a0jest wyj\u0105tkowy z unikalnym ziarnem. Wykonany w 100% ze stali nierdzewnej damasce\u0144skiej w tradycyjnym&#8230;<\/p>","protected":false},"featured_media":2076,"template":"","meta":{"_themeisle_gutenberg_block_has_review":false},"product_brand":[],"product_cat":[22],"product_tag":[],"class_list":{"0":"post-2075","1":"product","2":"type-product","3":"status-publish","4":"has-post-thumbnail","6":"product_cat-tondeo","8":"first","9":"instock","10":"sale","11":"taxable","12":"shipping-taxable","13":"purchasable","14":"product-type-simple"},"acf":[],"_links":{"self":[{"href":"https:\/\/welonda.pl\/en\/wp-json\/wp\/v2\/product\/2075","targetHints":{"allow":["GET"]}}],"collection":[{"href":"https:\/\/welonda.pl\/en\/wp-json\/wp\/v2\/product"}],"about":[{"href":"https:\/\/welonda.pl\/en\/wp-json\/wp\/v2\/types\/product"}],"wp:featuredmedia":[{"embeddable":true,"href":"https:\/\/welonda.pl\/en\/wp-json\/wp\/v2\/media\/2076"}],"wp:attachment":[{"href":"https:\/\/welonda.pl\/en\/wp-json\/wp\/v2\/media?parent=2075"}],"wp:term":[{"taxonomy":"product_brand","embeddable":true,"href":"https:\/\/welonda.pl\/en\/wp-json\/wp\/v2\/product_brand?post=2075"},{"taxonomy":"product_cat","embeddable":true,"href":"https:\/\/welonda.pl\/en\/wp-json\/wp\/v2\/product_cat?post=2075"},{"taxonomy":"product_tag","embeddable":true,"href":"https:\/\/welonda.pl\/en\/wp-json\/wp\/v2\/product_tag?post=2075"}],"curies":[{"name":"wp","href":"https:\/\/api.w.org\/{rel}","templated":true}]}}