{"id":2062,"date":"2023-03-28T13:48:38","date_gmt":"2023-03-28T11:48:38","guid":{"rendered":"https:\/\/welonda.pl\/?post_type=product&#038;p=2062"},"modified":"2024-01-06T12:37:43","modified_gmt":"2024-01-06T11:37:43","slug":"tondeo-mythos-damast-offset-6-0-version-9012","status":"publish","type":"product","link":"https:\/\/welonda.pl\/en\/product\/tondeo-mythos-damast-offset-6-0-version-9012\/","title":{"rendered":"TONDEO MYTHOS DAMAST OFFSET 6.0"},"content":{"rendered":"<p style=\"text-align: center;\">SELECT THE PRODUCT YOU ARE INTERESTED IN ON THE WEBSITE www.tondeo.com AND ASK US ABOUT A SPECIAL WHOLESALE OFFER IN THE TONDEO_PRO_2023 PROGRAM<\/p>\n<p>&nbsp;<\/p>\n<div class=\"page\" title=\"Page 4\">\n<div class=\"section\">\n<div class=\"layoutArea\">\n<div class=\"column\">\n<p>TONDEO DAMAST are true works of art. Famous for its special sharpness and extreme durability, LOVED for its popularity. Each one is unique with a unique grain. Made in 100% stainless steel damascus in the traditional Solingen &quot;Big Rose Decor&quot; that made the famous damascus swords already in the 17th century. For all who love beauty and uniqueness.<\/p>\n<\/div>\n<\/div>\n<\/div>\n<\/div>","protected":false},"excerpt":{"rendered":"<p>WYBIERZ NA STRONIE www.tondeo.com PRODUKT, KT\u00d3RY CI\u0118 INTERESUJE I ZAPTAJ NAS O SPECJALN\u0104 OFERT\u0118 HURTOW\u0104 W PROGRAMIE TONDEO_PRO_2023 &nbsp; TONDEO DAMAST to prawdziwe dzie\u0142a sztuki. S\u0142ynie ze swojej szczeg\u00f3lnej ostro\u015bci i ekstremalnej trwa\u0142o\u015bci, UWIELBIANE \u00a0ze wzgl\u0119du na swoj\u0105 popularno\u015b\u0107. Ka\u017cdy z nich jest wyj\u0105tkowy z unikalnym ziarnem. Wykonany w 100% ze stali nierdzewnej damasce\u0144skiej w tradycyjnym Solingen \u201eBig Rose Decor\u201d, kt\u00f3ry wykonywa\u0142&#8230;<\/p>","protected":false},"featured_media":2063,"template":"","meta":{"_themeisle_gutenberg_block_has_review":false},"product_brand":[],"product_cat":[22],"product_tag":[],"class_list":{"0":"post-2062","1":"product","2":"type-product","3":"status-publish","4":"has-post-thumbnail","6":"product_cat-tondeo","8":"first","9":"instock","10":"sale","11":"taxable","12":"shipping-taxable","13":"purchasable","14":"product-type-simple"},"acf":[],"_links":{"self":[{"href":"https:\/\/welonda.pl\/en\/wp-json\/wp\/v2\/product\/2062","targetHints":{"allow":["GET"]}}],"collection":[{"href":"https:\/\/welonda.pl\/en\/wp-json\/wp\/v2\/product"}],"about":[{"href":"https:\/\/welonda.pl\/en\/wp-json\/wp\/v2\/types\/product"}],"wp:featuredmedia":[{"embeddable":true,"href":"https:\/\/welonda.pl\/en\/wp-json\/wp\/v2\/media\/2063"}],"wp:attachment":[{"href":"https:\/\/welonda.pl\/en\/wp-json\/wp\/v2\/media?parent=2062"}],"wp:term":[{"taxonomy":"product_brand","embeddable":true,"href":"https:\/\/welonda.pl\/en\/wp-json\/wp\/v2\/product_brand?post=2062"},{"taxonomy":"product_cat","embeddable":true,"href":"https:\/\/welonda.pl\/en\/wp-json\/wp\/v2\/product_cat?post=2062"},{"taxonomy":"product_tag","embeddable":true,"href":"https:\/\/welonda.pl\/en\/wp-json\/wp\/v2\/product_tag?post=2062"}],"curies":[{"name":"wp","href":"https:\/\/api.w.org\/{rel}","templated":true}]}}