{"id":2040,"date":"2023-03-24T17:15:43","date_gmt":"2023-03-24T16:15:43","guid":{"rendered":"https:\/\/welonda.pl\/?post_type=product&#038;p=2040"},"modified":"2023-05-06T17:25:16","modified_gmt":"2023-05-06T15:25:16","slug":"niigata-japan_love-25-600","status":"publish","type":"product","link":"https:\/\/welonda.pl\/en\/product\/niigata-japan_love-25-600\/","title":{"rendered":"NIIGATA JAPAN_LOVE 25 \/ 6.00"},"content":{"rendered":"<p style=\"text-align: center;\">COMPLETE IN YOUR LIVING ROOM<span class=\"Apple-converted-space\">\u00a0<\/span><\/p>\n<p style=\"text-align: center;\">order any FOUR Niigata Japan products and ask us about our special wholesale program<\/p>\n<p style=\"text-align: center;\">NIIGATA_JPN_PRO!<span class=\"Apple-converted-space\">\u00a0<\/span><\/p>\n<p>&nbsp;<\/p>\n<div class=\"page\" title=\"Page 10\">\n<div class=\"section\">\n<div class=\"layoutArea\">\n<div class=\"column\">\n<div class=\"page\" title=\"Page 3\">\n<div class=\"section\">\n<div class=\"layoutArea\">\n<div class=\"column\">\n<div class=\"page\" title=\"Page 1\">\n<div class=\"section\">\n<div class=\"layoutArea\">\n<div class=\"column\">\n<p>Regardless of whether<span class=\"Apple-converted-space\">\u00a0 <\/span>you have already experienced in your career<span class=\"Apple-converted-space\">\u00a0 <\/span>high quality<span class=\"Apple-converted-space\">\u00a0 <\/span>Niigata Japan, are you planning to become one of our customers, we are sure that<span class=\"Apple-converted-space\">\u00a0 <\/span>LOVE 25 model will sooner or later be your choice. With 25% cutting gradation, our new thinning<span class=\"Apple-converted-space\">\u00a0 <\/span>They will definitely surprise you! Incredible softness, precision, hand-made<span class=\"Apple-converted-space\">\u00a0 <\/span>in line with our high-class tradition of creating thinners<span class=\"Apple-converted-space\">\u00a0 <\/span>Niigata Japan, concave blade ensures perfect cutting even when slipping.<\/p>\n<p>It&#039;s multifunctional<span class=\"Apple-converted-space\">\u00a0 <\/span>thinning scissors! And their price is so affordable that you will feel a sudden temptation to own them.<span class=\"Apple-converted-space\">\u00a0 \u00a0 \u00a0 \u00a0 \u00a0 \u00a0 \u00a0 \u00a0 \u00a0 \u00a0 \u00a0 \u00a0 \u00a0 \u00a0 \u00a0 \u00a0 \u00a0 \u00a0 \u00a0 \u00a0 \u00a0 \u00a0 \u00a0 \u00a0 \u00a0 \u00a0 \u00a0 \u00a0 \u00a0 \u00a0 \u00a0 \u00a0 \u00a0<\/span><\/p>\n<p>Technical properties:<\/p>\n<p>Entirely hand-made in Japan.<\/p>\n<p>Each pair of scissors has its own serial number, so we can guarantee the uniqueness of each model.<\/p>\n<p>Size: 6.00\u201d \u2013 25% cutting ratio \u2013 29 teeth<\/p>\n<p>Handle: straight handle.<\/p>\n<p>Finger rest: double, detachable, asymmetric and cylindrical<\/p>\n<p>Mechanism: adjustable screw<\/p>\n<\/div>\n<\/div>\n<\/div>\n<\/div>\n<\/div>\n<\/div>\n<\/div>\n<\/div>\n<\/div>\n<\/div>\n<\/div>\n<\/div>","protected":false},"excerpt":{"rendered":"<p>SKOMPLETUJ W SWOIM SALONiE\u00a0 zam\u00f3wienie na CZTERY \u00a0dowolne produkty Niigata Japan i zapytaj nas o specjalny program sprzedaz\u0307y hurtowej NIIGATA_JPN_PRO!\u00a0 &nbsp; Niezale\u017cnie od tego, czy\u00a0 do\u015bwiadczy\u0142e\u015b\u00a0ju\u017c\u00a0w swojej karierze\u00a0 wysokiej jako\u015bci\u00a0 Niigata Japan, czy masz zamiar dopiero zosta\u0107 jednym z naszych klient\u00f3w, jeste\u015bmy pewni, \u017ce\u00a0 model LOVE 25 pr\u0119dzej czy p\u00f3\u017aniej b\u0119dzie Twoim wyborem. Dzi\u0119ki 25% gradacji ci\u0119cia nasze nowe dega\u017c\u00f3wki\u00a0 napewno Ci\u0119&#8230;<\/p>","protected":false},"featured_media":2041,"template":"","meta":{"_themeisle_gutenberg_block_has_review":false},"product_brand":[],"product_cat":[39],"product_tag":[],"class_list":{"0":"post-2040","1":"product","2":"type-product","3":"status-publish","4":"has-post-thumbnail","6":"product_cat-niigata","8":"first","9":"instock","10":"taxable","11":"shipping-taxable","12":"purchasable","13":"product-type-simple"},"acf":[],"_links":{"self":[{"href":"https:\/\/welonda.pl\/en\/wp-json\/wp\/v2\/product\/2040","targetHints":{"allow":["GET"]}}],"collection":[{"href":"https:\/\/welonda.pl\/en\/wp-json\/wp\/v2\/product"}],"about":[{"href":"https:\/\/welonda.pl\/en\/wp-json\/wp\/v2\/types\/product"}],"wp:featuredmedia":[{"embeddable":true,"href":"https:\/\/welonda.pl\/en\/wp-json\/wp\/v2\/media\/2041"}],"wp:attachment":[{"href":"https:\/\/welonda.pl\/en\/wp-json\/wp\/v2\/media?parent=2040"}],"wp:term":[{"taxonomy":"product_brand","embeddable":true,"href":"https:\/\/welonda.pl\/en\/wp-json\/wp\/v2\/product_brand?post=2040"},{"taxonomy":"product_cat","embeddable":true,"href":"https:\/\/welonda.pl\/en\/wp-json\/wp\/v2\/product_cat?post=2040"},{"taxonomy":"product_tag","embeddable":true,"href":"https:\/\/welonda.pl\/en\/wp-json\/wp\/v2\/product_tag?post=2040"}],"curies":[{"name":"wp","href":"https:\/\/api.w.org\/{rel}","templated":true}]}}