{"id":2012,"date":"2023-03-21T21:37:18","date_gmt":"2023-03-21T20:37:18","guid":{"rendered":"https:\/\/welonda.pl\/?post_type=product&#038;p=2012"},"modified":"2025-03-13T16:47:21","modified_gmt":"2025-03-13T15:47:21","slug":"exonda-professional-hairzon","status":"publish","type":"product","link":"https:\/\/welonda.pl\/en\/product\/exonda-professional-hairzon\/","title":{"rendered":"INFRARED_HAIRZON+ EXONDA Professional"},"content":{"rendered":"<div class=\"page\" title=\"Page 1\">\n<div class=\"section\">\n<div class=\"layoutArea\">\n<div class=\"column\"><\/div>\n<\/div>\n<\/div>\n<\/div>\n<div class=\"page\" title=\"Page 15\">\n<div class=\"layoutArea\">\n<div class=\"column\">\n<p>A multifunctional device supporting all colouring and styling treatments.<\/p>\n<p>INFRARED Hairzon work extremely quietly<br \/>\nand effectively providing full service comfort to your customer while reducing your work time.<\/p>\n<p>Made in Germany!<\/p>\n<\/div>\n<\/div>\n<\/div>\n<p>*price applies to the tripod version.<\/p>\n<p>*the number of products in the promotion is limited.<\/p>","protected":false},"excerpt":{"rendered":"<p>Wielofunkcyjne urza\u0328dzenie wspieraja\u0328ce wszelkie zabiegi koloryzacji i stylizacji. INFRARED Hairzon pracuje\u0328 niezwykle cicho i efektywnie zapewniaja\u0328c pe\u0142en komfort us\u0142ugi Twojemu klientowi przy ro\u0301wnoczesnym skracaniu czasu Twojej pracy. Made in Germany! *cena dotyczy wersji na statywie. *ilo\u015b\u0107 produkt\u00f3w w promocji jest ograniczona.<\/p>","protected":false},"featured_media":2362,"template":"","meta":{"_themeisle_gutenberg_block_has_review":false},"product_brand":[],"product_cat":[180],"product_tag":[],"class_list":{"0":"post-2012","1":"product","2":"type-product","3":"status-publish","4":"has-post-thumbnail","6":"product_cat-exonda","8":"first","9":"instock","10":"taxable","11":"shipping-taxable","12":"purchasable","13":"product-type-simple"},"acf":[],"_links":{"self":[{"href":"https:\/\/welonda.pl\/en\/wp-json\/wp\/v2\/product\/2012","targetHints":{"allow":["GET"]}}],"collection":[{"href":"https:\/\/welonda.pl\/en\/wp-json\/wp\/v2\/product"}],"about":[{"href":"https:\/\/welonda.pl\/en\/wp-json\/wp\/v2\/types\/product"}],"wp:featuredmedia":[{"embeddable":true,"href":"https:\/\/welonda.pl\/en\/wp-json\/wp\/v2\/media\/2362"}],"wp:attachment":[{"href":"https:\/\/welonda.pl\/en\/wp-json\/wp\/v2\/media?parent=2012"}],"wp:term":[{"taxonomy":"product_brand","embeddable":true,"href":"https:\/\/welonda.pl\/en\/wp-json\/wp\/v2\/product_brand?post=2012"},{"taxonomy":"product_cat","embeddable":true,"href":"https:\/\/welonda.pl\/en\/wp-json\/wp\/v2\/product_cat?post=2012"},{"taxonomy":"product_tag","embeddable":true,"href":"https:\/\/welonda.pl\/en\/wp-json\/wp\/v2\/product_tag?post=2012"}],"curies":[{"name":"wp","href":"https:\/\/api.w.org\/{rel}","templated":true}]}}