{"id":1987,"date":"2023-03-17T19:44:34","date_gmt":"2023-03-17T18:44:34","guid":{"rendered":"https:\/\/welonda.pl\/?post_type=product&#038;p=1987"},"modified":"2023-12-14T19:14:08","modified_gmt":"2023-12-14T18:14:08","slug":"welonda-perfect-style-wood-free-ii","status":"publish","type":"product","link":"https:\/\/welonda.pl\/en\/product\/welonda-perfect-style-wood-free-ii\/","title":{"rendered":"WELONDA PERFECT STYLE WOOD FREE II"},"content":{"rendered":"<div class=\"page\" title=\"Page 2\">\n<div class=\"layoutArea\">\n<div class=\"column\">\n<h3 style=\"text-align: center;\">Ask us about the special program for exchanging your existing furniture in the WELONDA_PRO system!<\/h3>\n<\/div>\n<\/div>\n<\/div>\n<div class=\"page\" title=\"Page 9\">\n<div class=\"section\">\n<div class=\"layoutArea\">\n<div class=\"column\">\n<p>Freestanding styling station for 2 people with a mirror panel in white, silver or basalt grey and a stainless steel footrest.<br \/>\nThe furniture is supplied with a choice of 4 different mirror shapes with LED lighting *optional.<br \/>\nLaminates are available to choose from the Welonda Laminates colour range.<\/p>\n<\/div>\n<p>All Welonda products are made of the highest quality materials intended for industrial use.<\/p>\n<\/div>\n<\/div>\n<\/div>","protected":false},"excerpt":{"rendered":"<p>Zapytaj nas o specjalny program wymiany twoich dotychczasowych mebli w systemie WELONDA_PRO! Wolnostoj\u0105ce stanowisko do stylizacji dla 2 os\u00f3b \u00a0z panelem lustrzanym w kolorze bia\u0142ym, srebrnym lub bazaltowoszarym i podn\u00f3\u017ckiem ze stali nierdzewnej. Mebel jest dostarczany do wyboru z 4 r\u00f3\u017cnymi kszta\u0142tami luster z \u00a0o\u015bwietleniem LED *opcjonalnie. Laminaty s\u0105 do wyboru z gamy kolor\u00f3w Welonda Laminates. Wszystkie produkty Welonda wykonane s\u0105 \u00a0z&#8230;<\/p>","protected":false},"featured_media":1991,"template":"","meta":{"_themeisle_gutenberg_block_has_review":false},"product_brand":[],"product_cat":[184],"product_tag":[],"class_list":{"0":"post-1987","1":"product","2":"type-product","3":"status-publish","4":"has-post-thumbnail","6":"product_cat-stanowiska","8":"first","9":"onbackorder","10":"taxable","11":"shipping-taxable","12":"purchasable","13":"product-type-simple"},"acf":[],"_links":{"self":[{"href":"https:\/\/welonda.pl\/en\/wp-json\/wp\/v2\/product\/1987","targetHints":{"allow":["GET"]}}],"collection":[{"href":"https:\/\/welonda.pl\/en\/wp-json\/wp\/v2\/product"}],"about":[{"href":"https:\/\/welonda.pl\/en\/wp-json\/wp\/v2\/types\/product"}],"wp:featuredmedia":[{"embeddable":true,"href":"https:\/\/welonda.pl\/en\/wp-json\/wp\/v2\/media\/1991"}],"wp:attachment":[{"href":"https:\/\/welonda.pl\/en\/wp-json\/wp\/v2\/media?parent=1987"}],"wp:term":[{"taxonomy":"product_brand","embeddable":true,"href":"https:\/\/welonda.pl\/en\/wp-json\/wp\/v2\/product_brand?post=1987"},{"taxonomy":"product_cat","embeddable":true,"href":"https:\/\/welonda.pl\/en\/wp-json\/wp\/v2\/product_cat?post=1987"},{"taxonomy":"product_tag","embeddable":true,"href":"https:\/\/welonda.pl\/en\/wp-json\/wp\/v2\/product_tag?post=1987"}],"curies":[{"name":"wp","href":"https:\/\/api.w.org\/{rel}","templated":true}]}}