{"id":1983,"date":"2023-03-17T19:36:37","date_gmt":"2023-03-17T18:36:37","guid":{"rendered":"https:\/\/welonda.pl\/?post_type=product&#038;p=1983"},"modified":"2023-12-14T19:15:47","modified_gmt":"2023-12-14T18:15:47","slug":"welonda-perfect-style-steel-free-iv-kopia","status":"publish","type":"product","link":"https:\/\/welonda.pl\/en\/product\/welonda-perfect-style-steel-free-iv-kopia\/","title":{"rendered":"WELONDAS PROFESSIONAL ACADEMY"},"content":{"rendered":"<div class=\"page\" title=\"Page 2\">\n<div class=\"layoutArea\">\n<div class=\"column\">\n<h3 style=\"text-align: center;\">Ask us about the special program for exchanging your existing furniture in the WELONDA_PRO system!<\/h3>\n<\/div>\n<\/div>\n<p>Professional mobile Academy stand.<\/p>\n<p>Double sided, made of solid stainless steel.<\/p>\n<p>The Academy styling device is ideal for training academies.<\/p>\n<p>The foldable table tops come with an integrated drying rack.<\/p>\n<p>The four wheels can be locked to stabilize the stand in a convenient place.<\/p>\n<p>Height 1,750 mm<br \/>\nWidth 600mm<br \/>\nLength 640 mm (with two unfolded tops)<\/p>\n<\/div>\n<div class=\"page\" title=\"Page 9\">\n<div class=\"section\">\n<div class=\"layoutArea\">\n<div class=\"column\"><\/div>\n<p>All Welonda products are made of the highest quality materials intended for industrial use.<\/p>\n<\/div>\n<\/div>\n<\/div>","protected":false},"excerpt":{"rendered":"<p>Zapytaj nas o specjalny program wymiany twoich dotychczasowych mebli w systemie WELONDA_PRO! Profesjonalne mobilne stanowisko Academy. Dwustronne, wykonany z litej stali nierdzewnej. Urz\u0105dzenie do stylizacji Academy idealnie nadaje si\u0119 do akademii szkoleniowych. Sk\u0142adane blaty s\u0105 wyposa\u017cone w zintegrowany uchwyt na suszark\u0119. Cztery ko\u0142a mo\u017cna zablokowa\u0107 aby ustabilizowa\u0107 stanowisko w dogodnym miejscu. Wysoko\u015b\u0107 1.750 mm Szeroko\u015b\u0107 600 mm D\u0142ugo\u015b\u0107 640 mm (z dwoma&#8230;<\/p>","protected":false},"featured_media":1986,"template":"","meta":{"_themeisle_gutenberg_block_has_review":false},"product_brand":[],"product_cat":[184],"product_tag":[],"class_list":{"0":"post-1983","1":"product","2":"type-product","3":"status-publish","4":"has-post-thumbnail","6":"product_cat-stanowiska","8":"first","9":"onbackorder","10":"taxable","11":"shipping-taxable","12":"purchasable","13":"product-type-simple"},"acf":[],"_links":{"self":[{"href":"https:\/\/welonda.pl\/en\/wp-json\/wp\/v2\/product\/1983","targetHints":{"allow":["GET"]}}],"collection":[{"href":"https:\/\/welonda.pl\/en\/wp-json\/wp\/v2\/product"}],"about":[{"href":"https:\/\/welonda.pl\/en\/wp-json\/wp\/v2\/types\/product"}],"wp:featuredmedia":[{"embeddable":true,"href":"https:\/\/welonda.pl\/en\/wp-json\/wp\/v2\/media\/1986"}],"wp:attachment":[{"href":"https:\/\/welonda.pl\/en\/wp-json\/wp\/v2\/media?parent=1983"}],"wp:term":[{"taxonomy":"product_brand","embeddable":true,"href":"https:\/\/welonda.pl\/en\/wp-json\/wp\/v2\/product_brand?post=1983"},{"taxonomy":"product_cat","embeddable":true,"href":"https:\/\/welonda.pl\/en\/wp-json\/wp\/v2\/product_cat?post=1983"},{"taxonomy":"product_tag","embeddable":true,"href":"https:\/\/welonda.pl\/en\/wp-json\/wp\/v2\/product_tag?post=1983"}],"curies":[{"name":"wp","href":"https:\/\/api.w.org\/{rel}","templated":true}]}}