{"id":1978,"date":"2023-03-17T19:29:35","date_gmt":"2023-03-17T18:29:35","guid":{"rendered":"https:\/\/welonda.pl\/?post_type=product&#038;p=1978"},"modified":"2023-12-14T19:05:34","modified_gmt":"2023-12-14T18:05:34","slug":"welonda-perfect-style-steel-free-iv","status":"publish","type":"product","link":"https:\/\/welonda.pl\/en\/product\/welonda-perfect-style-steel-free-iv\/","title":{"rendered":"WELONDA PERFECT STYLE STEEL FREE IV"},"content":{"rendered":"<div class=\"page\" title=\"Page 2\">\n<div class=\"layoutArea\">\n<div class=\"column\">\n<h3 style=\"text-align: center;\">Ask us about the special program for exchanging your existing furniture in the WELONDA_PRO system!<\/h3>\n<\/div>\n<\/div>\n<p>Freestanding 4-seater styling unit with mirror panel in white, silver or basalt grey and stainless steel footrest.<br \/>\nThe furniture is available with a choice of 4 mirror shapes with LED lighting *optional.<br \/>\nLaminates can be chosen from the Welonda Laminates colour range.<\/p>\n<\/div>\n<div class=\"page\" title=\"Page 9\">\n<div class=\"section\">\n<div class=\"layoutArea\">\n<div class=\"column\"><\/div>\n<p>All Welonda products are made of the highest quality materials intended for industrial use.<\/p>\n<\/div>\n<\/div>\n<\/div>","protected":false},"excerpt":{"rendered":"<p>Zapytaj nas o specjalny program wymiany twoich dotychczasowych mebli w systemie WELONDA_PRO! Wolnostoj\u0105ca jednostka do stylizacji dla 4 os\u00f3b z panelem lustrzanym w kolorze bia\u0142ym, srebrnym lub bazaltowo szarym i podn\u00f3\u017ckiem ze stali nierdzewnej. Mebel jest dost\u0119pny do wyboru z 4 \u00a0kszta\u0142tami luster z \u00a0o\u015bwietleniem LED *opcjonalnie. Laminaty \u00a0jest do wyboru z po\u015br\u00f3d gamy kolor\u00f3w Welonda Laminates. Wszystkie produkty Welonda wykonane s\u0105&#8230;<\/p>","protected":false},"featured_media":1980,"template":"","meta":{"_themeisle_gutenberg_block_has_review":false},"product_brand":[],"product_cat":[184],"product_tag":[],"class_list":{"0":"post-1978","1":"product","2":"type-product","3":"status-publish","4":"has-post-thumbnail","6":"product_cat-stanowiska","8":"first","9":"onbackorder","10":"taxable","11":"shipping-taxable","12":"purchasable","13":"product-type-simple"},"acf":[],"_links":{"self":[{"href":"https:\/\/welonda.pl\/en\/wp-json\/wp\/v2\/product\/1978","targetHints":{"allow":["GET"]}}],"collection":[{"href":"https:\/\/welonda.pl\/en\/wp-json\/wp\/v2\/product"}],"about":[{"href":"https:\/\/welonda.pl\/en\/wp-json\/wp\/v2\/types\/product"}],"wp:featuredmedia":[{"embeddable":true,"href":"https:\/\/welonda.pl\/en\/wp-json\/wp\/v2\/media\/1980"}],"wp:attachment":[{"href":"https:\/\/welonda.pl\/en\/wp-json\/wp\/v2\/media?parent=1978"}],"wp:term":[{"taxonomy":"product_brand","embeddable":true,"href":"https:\/\/welonda.pl\/en\/wp-json\/wp\/v2\/product_brand?post=1978"},{"taxonomy":"product_cat","embeddable":true,"href":"https:\/\/welonda.pl\/en\/wp-json\/wp\/v2\/product_cat?post=1978"},{"taxonomy":"product_tag","embeddable":true,"href":"https:\/\/welonda.pl\/en\/wp-json\/wp\/v2\/product_tag?post=1978"}],"curies":[{"name":"wp","href":"https:\/\/api.w.org\/{rel}","templated":true}]}}