{"id":1973,"date":"2023-03-17T19:21:43","date_gmt":"2023-03-17T18:21:43","guid":{"rendered":"https:\/\/welonda.pl\/?post_type=product&#038;p=1973"},"modified":"2023-12-14T19:13:12","modified_gmt":"2023-12-14T18:13:12","slug":"welonda-perfect-style-wood-free-iv-kopia","status":"publish","type":"product","link":"https:\/\/welonda.pl\/en\/product\/welonda-perfect-style-wood-free-iv-kopia\/","title":{"rendered":"WELONDA PERFECT STYLE STEEL WALL II"},"content":{"rendered":"<div class=\"page\" title=\"Page 2\">\n<div class=\"layoutArea\">\n<div class=\"column\">\n<h3 style=\"text-align: center;\">Ask us about the special program for exchanging your existing furniture in the WELONDA_PRO system!<\/h3>\n<\/div>\n<\/div>\n<\/div>\n<div class=\"page\" title=\"Page 9\">\n<div class=\"section\">\n<div class=\"layoutArea\">\n<div class=\"column\">\n<p>Wall-mounted styling set for 2 with a powder-coated metal frame in satin white, silver or basalt grey and a stainless steel footrest.<br \/>\nThe stand comes with a choice of 4 different mirror shapes with LED lighting *optional.<br \/>\nThe tabletop surface can be chosen from the Welonda Laminates colour range.<\/p>\n<\/div>\n<ul>\n<li>priced version with rectangular mirror.<\/li>\n<\/ul>\n<p>All Welonda products are made of the highest quality materials intended for industrial use.<\/p>\n<\/div>\n<\/div>\n<\/div>","protected":false},"excerpt":{"rendered":"<p>Zapytaj nas o specjalny program wymiany twoich dotychczasowych mebli w systemie WELONDA_PRO! Na\u015bcienny zestaw do stylizacji dla 2 os\u00f3b z metalow\u0105 ram\u0105 malowan\u0105 proszkowo na kolor satynowej bieli, srebra lub bazaltowej szaro\u015bci i podn\u00f3\u017ckiem ze stali nierdzewnej. Stanowisko jest dostarczane z wyborem 4 r\u00f3\u017cnych kszta\u0142t\u00f3w luster z \u00a0o\u015bwietleniem LED *opcjonalnie. Powierzchnia blatu jest do wyboru z gamy kolor\u00f3w Welonda Laminates. wyceniona wersja&#8230;<\/p>","protected":false},"featured_media":1974,"template":"","meta":{"_themeisle_gutenberg_block_has_review":false},"product_brand":[],"product_cat":[184],"product_tag":[],"class_list":{"0":"post-1973","1":"product","2":"type-product","3":"status-publish","4":"has-post-thumbnail","6":"product_cat-stanowiska","8":"first","9":"onbackorder","10":"taxable","11":"shipping-taxable","12":"purchasable","13":"product-type-simple"},"acf":[],"_links":{"self":[{"href":"https:\/\/welonda.pl\/en\/wp-json\/wp\/v2\/product\/1973","targetHints":{"allow":["GET"]}}],"collection":[{"href":"https:\/\/welonda.pl\/en\/wp-json\/wp\/v2\/product"}],"about":[{"href":"https:\/\/welonda.pl\/en\/wp-json\/wp\/v2\/types\/product"}],"wp:featuredmedia":[{"embeddable":true,"href":"https:\/\/welonda.pl\/en\/wp-json\/wp\/v2\/media\/1974"}],"wp:attachment":[{"href":"https:\/\/welonda.pl\/en\/wp-json\/wp\/v2\/media?parent=1973"}],"wp:term":[{"taxonomy":"product_brand","embeddable":true,"href":"https:\/\/welonda.pl\/en\/wp-json\/wp\/v2\/product_brand?post=1973"},{"taxonomy":"product_cat","embeddable":true,"href":"https:\/\/welonda.pl\/en\/wp-json\/wp\/v2\/product_cat?post=1973"},{"taxonomy":"product_tag","embeddable":true,"href":"https:\/\/welonda.pl\/en\/wp-json\/wp\/v2\/product_tag?post=1973"}],"curies":[{"name":"wp","href":"https:\/\/api.w.org\/{rel}","templated":true}]}}