{"id":1968,"date":"2023-03-17T19:13:26","date_gmt":"2023-03-17T18:13:26","guid":{"rendered":"https:\/\/welonda.pl\/?post_type=product&#038;p=1968"},"modified":"2023-12-14T19:14:57","modified_gmt":"2023-12-14T18:14:57","slug":"welonda-perfect-style-wood-free-iv","status":"publish","type":"product","link":"https:\/\/welonda.pl\/en\/product\/welonda-perfect-style-wood-free-iv\/","title":{"rendered":"WELONDA PERFECT STYLE WOOD FREE IV"},"content":{"rendered":"<div class=\"page\" title=\"Page 2\">\n<div class=\"layoutArea\">\n<div class=\"column\">\n<h3 style=\"text-align: center;\">Ask us about the special program for exchanging your existing furniture in the WELONDA_PRO system!<\/h3>\n<\/div>\n<\/div>\n<\/div>\n<div class=\"page\" title=\"Page 9\">\n<div class=\"section\">\n<div class=\"layoutArea\">\n<div class=\"column\">\n<p>Freestanding 4-seater styling unit with mirror panel in white, silver or basalt grey and stainless steel footrest.<br \/>\nThe stand is supplied with a choice of 4 different mirror shapes with LED lighting *optional.<br \/>\nLaminates are available in a range of Welonda Laminates colours.<\/p>\n<\/div>\n<p>All Welonda products are made of the highest quality materials intended for industrial use.<\/p>\n<\/div>\n<\/div>\n<\/div>","protected":false},"excerpt":{"rendered":"<p>Zapytaj nas o specjalny program wymiany twoich dotychczasowych mebli w systemie WELONDA_PRO! Wolnostoj\u0105ca jednostka do stylizacji dla 4 os\u00f3b z panelem lustrzanym w kolorze bia\u0142ym, srebrnym lub bazaltowoszarym i podn\u00f3\u017ckiem ze stali nierdzewnej. Stanowisko \u00a0jest dostarczane do wyboru z \u00a04 r\u00f3\u017cnymi kszta\u0142tami luster z o\u015bwietleniem LED *opcjonalnie. Laminaty s\u0105 \u00a0do wyboru z po\u015br\u00f3d kolorystyki Welonda Laminates. Wszystkie produkty Welonda wykonane s\u0105 \u00a0z&#8230;<\/p>","protected":false},"featured_media":1970,"template":"","meta":{"_themeisle_gutenberg_block_has_review":false},"product_brand":[],"product_cat":[184],"product_tag":[],"class_list":{"0":"post-1968","1":"product","2":"type-product","3":"status-publish","4":"has-post-thumbnail","6":"product_cat-stanowiska","8":"first","9":"onbackorder","10":"taxable","11":"shipping-taxable","12":"purchasable","13":"product-type-simple"},"acf":[],"_links":{"self":[{"href":"https:\/\/welonda.pl\/en\/wp-json\/wp\/v2\/product\/1968","targetHints":{"allow":["GET"]}}],"collection":[{"href":"https:\/\/welonda.pl\/en\/wp-json\/wp\/v2\/product"}],"about":[{"href":"https:\/\/welonda.pl\/en\/wp-json\/wp\/v2\/types\/product"}],"wp:featuredmedia":[{"embeddable":true,"href":"https:\/\/welonda.pl\/en\/wp-json\/wp\/v2\/media\/1970"}],"wp:attachment":[{"href":"https:\/\/welonda.pl\/en\/wp-json\/wp\/v2\/media?parent=1968"}],"wp:term":[{"taxonomy":"product_brand","embeddable":true,"href":"https:\/\/welonda.pl\/en\/wp-json\/wp\/v2\/product_brand?post=1968"},{"taxonomy":"product_cat","embeddable":true,"href":"https:\/\/welonda.pl\/en\/wp-json\/wp\/v2\/product_cat?post=1968"},{"taxonomy":"product_tag","embeddable":true,"href":"https:\/\/welonda.pl\/en\/wp-json\/wp\/v2\/product_tag?post=1968"}],"curies":[{"name":"wp","href":"https:\/\/api.w.org\/{rel}","templated":true}]}}