{"id":1949,"date":"2023-03-17T12:42:01","date_gmt":"2023-03-17T11:42:01","guid":{"rendered":"https:\/\/welonda.pl\/?post_type=product&#038;p=1949"},"modified":"2025-10-27T11:09:59","modified_gmt":"2025-10-27T10:09:59","slug":"welonda-bio-potrojna","status":"publish","type":"product","link":"https:\/\/welonda.pl\/en\/product\/welonda-bio-potrojna\/","title":{"rendered":"WELONDAS BIO TRIPLE"},"content":{"rendered":"<p>Bio Wash is a multifunctional, modular washing unit that can be<span class=\"Apple-converted-space\">\u00a0 <\/span>can be freely expanded from a two-seater to a three-seater version to create an island with any number of washing sections.<\/p>\n<p>Characteristics:<\/p>\n<p>\u2013 Adjustable washbasin (white\/black) with tilt mechanism, integrated shower head and removable siphon.<\/p>\n<p>\u2013 Rubber neck rest for additional service comfort.<span class=\"Apple-converted-space\">\u00a0<\/span><\/p>\n<p>\u2013 Individually upholstered seat to choose from the Welonda Fabrics range.<\/p>\n<p>\u2013 Colours of the car wash body for individual configuration from the Welonda laminate range.<\/p>\n<p>\u2013 Integrated drawers allow you to store folded towels, foils, and coloring tools, always at hand. Wide lower drawers are ideal for storing shampoo, conditioners, and other accessories. Narrow Bio Wash drawers can accommodate two baskets that can be used for waste and wet towels.<\/p>\n<p>\u2013 \u201cPush to open\u201d drawers have a special system <span class=\"Apple-converted-space\">\u00a0 <\/span>&quot;soft close&quot; and can be opened with an elbow or knee.<\/p>\n<p>\u2013 Shampoo and conditioners can be placed next to the sink on the removable and easy-to-clean stainless steel grid.<\/p>\n<p><span class=\"Apple-converted-space\">\u00a0\u00a0<\/span><\/p>\n<p>Available extras:<\/p>\n<p><b>\u2013 Electrically adjustable footrest.<span class=\"Apple-converted-space\">\u00a0<\/span><\/b><\/p>\n<p><b>\u2013 Shiatsu massage integrated with electrically adjustable footrest.<\/b><span class=\"Apple-converted-space\">\u00a0 \u00a0<\/span><\/p>\n<p>All Welonda products are made of the highest quality materials intended for industrial use.<\/p>\n<p><span class=\"Apple-converted-space\">\u00a0<\/span>*Price for the three-station version.<\/p>","protected":false},"excerpt":{"rendered":"<p>Bio Wash to wielofunkcyjna, modu\u0142owa jednostka myj\u0105ca, kt\u00f3r\u0105 mo\u017cna\u00a0 dowolnie rozbudowywa\u0107 z dwumiejscowej do trzymiejscowej wersji tak aby stworzy\u0107 wysp\u0119 z dowoln\u0105 liczb\u0105 sekcji myj\u0105cych. Cechy: &#8211; Umywalka regulowana (bia\u0142a\/czarna) z mechanizmem uchylnym, zintegrowan\u0105 s\u0142uchawk\u0105 prysznicow\u0105 i wyjmowanym syfonem. &#8211; Gumowa podp\u00f3rka pod szyj\u0119 zapewniaj\u0105ca dodatkowy komfort us\u0142ugi.\u00a0 &#8211; Indywidualnie tapicerowane siedzisko do wyboru spo\u015br\u00f3d gamy tkanin Welonda Fabrics. &#8211; Kolorystyka korpusu&#8230;<\/p>","protected":false},"featured_media":1948,"template":"","meta":{"_themeisle_gutenberg_block_has_review":false},"product_brand":[],"product_cat":[173],"product_tag":[],"class_list":{"0":"post-1949","1":"product","2":"type-product","3":"status-publish","4":"has-post-thumbnail","6":"product_cat-myjnia-barber","8":"first","9":"instock","10":"taxable","11":"shipping-taxable","12":"purchasable","13":"product-type-simple"},"acf":[],"_links":{"self":[{"href":"https:\/\/welonda.pl\/en\/wp-json\/wp\/v2\/product\/1949","targetHints":{"allow":["GET"]}}],"collection":[{"href":"https:\/\/welonda.pl\/en\/wp-json\/wp\/v2\/product"}],"about":[{"href":"https:\/\/welonda.pl\/en\/wp-json\/wp\/v2\/types\/product"}],"wp:featuredmedia":[{"embeddable":true,"href":"https:\/\/welonda.pl\/en\/wp-json\/wp\/v2\/media\/1948"}],"wp:attachment":[{"href":"https:\/\/welonda.pl\/en\/wp-json\/wp\/v2\/media?parent=1949"}],"wp:term":[{"taxonomy":"product_brand","embeddable":true,"href":"https:\/\/welonda.pl\/en\/wp-json\/wp\/v2\/product_brand?post=1949"},{"taxonomy":"product_cat","embeddable":true,"href":"https:\/\/welonda.pl\/en\/wp-json\/wp\/v2\/product_cat?post=1949"},{"taxonomy":"product_tag","embeddable":true,"href":"https:\/\/welonda.pl\/en\/wp-json\/wp\/v2\/product_tag?post=1949"}],"curies":[{"name":"wp","href":"https:\/\/api.w.org\/{rel}","templated":true}]}}