{"id":1924,"date":"2023-03-13T11:50:03","date_gmt":"2023-03-13T10:50:03","guid":{"rendered":"https:\/\/welonda.pl\/?post_type=product&#038;p=1924"},"modified":"2026-02-13T12:35:56","modified_gmt":"2026-02-13T11:35:56","slug":"%e2%9d%97%ef%b8%8f%e2%9d%97%ef%b8%8f%e2%9d%97%ef%b8%8fwelonda-oferta-specjalna_welonda_pro_23%e2%9d%97%ef%b8%8f%e2%9d%97%ef%b8%8f%e2%9d%97%ef%b8%8f-kopia","status":"publish","type":"product","link":"https:\/\/welonda.pl\/en\/product\/%e2%9d%97%ef%b8%8f%e2%9d%97%ef%b8%8f%e2%9d%97%ef%b8%8fwelonda-oferta-specjalna_welonda_pro_23%e2%9d%97%ef%b8%8f%e2%9d%97%ef%b8%8f%e2%9d%97%ef%b8%8f-kopia\/","title":{"rendered":"\u2757\ufe0f\u2757\ufe0f\u2757\ufe0fWELOND_PRO SPECIAL OFFER\u2757\ufe0f\u2757\ufe0f\u2757\ufe0f"},"content":{"rendered":"<div class=\"page\" title=\"Page 2\">\n<div class=\"layoutArea\">\n<div class=\"column\">\n<p style=\"text-align: center;\"><strong>\u203c\ufe0fIF YOU ALREADY HAVE WELOND PRODUCTS IN YOUR SALONE OR YOU ARE PLANNING TO REPLACE YOUR EXISTING FURNITURE\u00a0<\/strong><\/p>\n<p style=\"text-align: center;\"><strong>then the WELONDA_PRO program will be PERFECT for you!<\/strong><\/p>\n<p style=\"text-align: center;\"><strong>Ask us about the special program for exchanging your existing furniture in the WELONDA_PRO system!<\/strong><\/p>\n<\/div>\n<p style=\"text-align: center;\"><strong>\u203c\ufe0fSpecial Welonda_Pro program. It offers SPECIAL pricing conditions along with a convenient financing option such as \u203c\ufe0fLEASING\u203c\ufe0f<\/strong><\/p>\n<\/div>\n<\/div>\n<p style=\"text-align: center;\">\ud83d\udce9: tonde@welonda.pl<\/p>","protected":false},"excerpt":{"rendered":"<p>\u203c\ufe0fJE\u015aLI POSIADASZ JU\u017b PRODUKTY WELONDA W SALONE LUB PLANUJESZ WYMIENI\u0106 SWOJE DOTYCHCZASOWE MEBLE\u00a0 to program WELONDA_PRO b\u0119dzie dla Ciebie IDEALNY \u203c\ufe0f Zapytaj nas o specjalny program wymiany twoich dotychczasowych mebli w systemie WELONDA_PRO! \u203c\ufe0fSpecjalny program Welonda_Pro. Oferuje SPECJALNE warunki cenowe wraz z wygodn\u0105 opcj\u0105 finansowania typu \u00a0\u00a0\u203c\ufe0fLEASING\u203c\ufe0f \ud83d\udce9:\u00a0tonde@welonda.pl<\/p>","protected":false},"featured_media":1754,"template":"","meta":{"_themeisle_gutenberg_block_has_review":false},"product_brand":[],"product_cat":[192],"product_tag":[],"class_list":{"0":"post-1924","1":"product","2":"type-product","3":"status-publish","4":"has-post-thumbnail","6":"product_cat-welonda","8":"first","9":"onbackorder","10":"taxable","11":"shipping-taxable","12":"product-type-grouped"},"acf":[],"_links":{"self":[{"href":"https:\/\/welonda.pl\/en\/wp-json\/wp\/v2\/product\/1924","targetHints":{"allow":["GET"]}}],"collection":[{"href":"https:\/\/welonda.pl\/en\/wp-json\/wp\/v2\/product"}],"about":[{"href":"https:\/\/welonda.pl\/en\/wp-json\/wp\/v2\/types\/product"}],"wp:featuredmedia":[{"embeddable":true,"href":"https:\/\/welonda.pl\/en\/wp-json\/wp\/v2\/media\/1754"}],"wp:attachment":[{"href":"https:\/\/welonda.pl\/en\/wp-json\/wp\/v2\/media?parent=1924"}],"wp:term":[{"taxonomy":"product_brand","embeddable":true,"href":"https:\/\/welonda.pl\/en\/wp-json\/wp\/v2\/product_brand?post=1924"},{"taxonomy":"product_cat","embeddable":true,"href":"https:\/\/welonda.pl\/en\/wp-json\/wp\/v2\/product_cat?post=1924"},{"taxonomy":"product_tag","embeddable":true,"href":"https:\/\/welonda.pl\/en\/wp-json\/wp\/v2\/product_tag?post=1924"}],"curies":[{"name":"wp","href":"https:\/\/api.w.org\/{rel}","templated":true}]}}