{"id":1911,"date":"2023-03-11T13:25:46","date_gmt":"2023-03-11T12:25:46","guid":{"rendered":"https:\/\/welonda.pl\/?post_type=product&#038;p=1911"},"modified":"2023-12-14T19:23:16","modified_gmt":"2023-12-14T18:23:16","slug":"welonda-vida-tavolo-free-2","status":"publish","type":"product","link":"https:\/\/welonda.pl\/en\/product\/welonda-vida-tavolo-free-2\/","title":{"rendered":"WELONDA Vida Tavolo Free 2"},"content":{"rendered":"<div class=\"page\" title=\"Page 2\">\n<div class=\"layoutArea\">\n<div class=\"column\">\n<h3 style=\"text-align: center;\">Ask us about the special program for exchanging your existing furniture in the WELONDA_PRO system!<\/h3>\n<\/div>\n<\/div>\n<\/div>\n<p>&nbsp;<\/p>\n<p>Create an oasis of peace in your living room that blends beautifully with the round, ergonomic design of Vida Tavolo Free 2.<\/p>\n<p>The frame is designed in white, silver or anthracite epoxy steel with a top covered with Welonda laminate wood and an oval, round or rectangular mirror. Also available with an integrated dryer holder and double socket and LED lighting behind the mirror. The stand is 132 cm wide.<\/p>\n<p>&nbsp;<\/p>","protected":false},"excerpt":{"rendered":"<p>Zapytaj nas o specjalny program wymiany twoich dotychczasowych mebli w systemie WELONDA_PRO! &nbsp; Stw\u00f3rz oaz\u0119 spokoju w swoim salonie kt\u00f3ra pi\u0119knie komponuje si\u0119 z okr\u0105g\u0142ym, ergonomicznym designem Vida Tavolo Free 2. Rama jest zaprojektowana z bia\u0142ej, srebrnej lub antracytowej stali epoksydowej z blatem pokrytym drewnem z laminat\u00f3w Welonda i owalnym, okr\u0105g\u0142ym lub prostok\u0105tnym lustrem. Dost\u0119pna r\u00f3wnie\u017c z zintegrowanym uchwytem na suszark\u0119 i&#8230;<\/p>","protected":false},"featured_media":1912,"template":"","meta":{"_themeisle_gutenberg_block_has_review":false},"product_brand":[],"product_cat":[184],"product_tag":[],"class_list":{"0":"post-1911","1":"product","2":"type-product","3":"status-publish","4":"has-post-thumbnail","6":"product_cat-stanowiska","8":"first","9":"onbackorder","10":"taxable","11":"shipping-taxable","12":"purchasable","13":"product-type-simple"},"acf":[],"_links":{"self":[{"href":"https:\/\/welonda.pl\/en\/wp-json\/wp\/v2\/product\/1911","targetHints":{"allow":["GET"]}}],"collection":[{"href":"https:\/\/welonda.pl\/en\/wp-json\/wp\/v2\/product"}],"about":[{"href":"https:\/\/welonda.pl\/en\/wp-json\/wp\/v2\/types\/product"}],"wp:featuredmedia":[{"embeddable":true,"href":"https:\/\/welonda.pl\/en\/wp-json\/wp\/v2\/media\/1912"}],"wp:attachment":[{"href":"https:\/\/welonda.pl\/en\/wp-json\/wp\/v2\/media?parent=1911"}],"wp:term":[{"taxonomy":"product_brand","embeddable":true,"href":"https:\/\/welonda.pl\/en\/wp-json\/wp\/v2\/product_brand?post=1911"},{"taxonomy":"product_cat","embeddable":true,"href":"https:\/\/welonda.pl\/en\/wp-json\/wp\/v2\/product_cat?post=1911"},{"taxonomy":"product_tag","embeddable":true,"href":"https:\/\/welonda.pl\/en\/wp-json\/wp\/v2\/product_tag?post=1911"}],"curies":[{"name":"wp","href":"https:\/\/api.w.org\/{rel}","templated":true}]}}