{"id":1906,"date":"2023-03-11T13:15:11","date_gmt":"2023-03-11T12:15:11","guid":{"rendered":"https:\/\/welonda.pl\/?post_type=product&#038;p=1906"},"modified":"2023-12-14T19:18:09","modified_gmt":"2023-12-14T18:18:09","slug":"welonda-style-65","status":"publish","type":"product","link":"https:\/\/welonda.pl\/en\/product\/welonda-style-65\/","title":{"rendered":"WELOND STYLE &#039;65"},"content":{"rendered":"<div class=\"page\" title=\"Page 2\">\n<div class=\"layoutArea\">\n<div class=\"column\">\n<h3 style=\"text-align: center;\">Ask us about the special program for exchanging your existing furniture in the WELONDA_PRO system!<\/h3>\n<\/div>\n<\/div>\n<\/div>\n<p>&nbsp;<\/p>\n<p>The Style &#039;65 stand is based on the transparency of the Desk &#039;65 reception.<\/p>\n<p>Style &#039;65 has an open space in the front, which can be optionally equipped with an opening top. The interior of the top space is maintained in beautiful shades of Welonda colors. The frame is made<span class=\"Apple-converted-space\">\u00a0 <\/span>in white or anthracite epoxy steel, and the cabinet designed in wood from selected Welonda laminates.<\/p>\n<p>&nbsp;<\/p>","protected":false},"excerpt":{"rendered":"<p>Zapytaj nas o specjalny program wymiany twoich dotychczasowych mebli w systemie WELONDA_PRO! &nbsp; Stanowisko Styl \u201965 opiera si\u0119 na przejrzysto\u015bci recepcji Desk \u201965. Style \u201965 ma otwart\u0105 przestrze\u0144 z przodu, kt\u00f3r\u0105 mo\u017cna opcjonalnie wyposa\u017cy\u0107 w otwierany blat. Wn\u0119trze przestrzeni blatu utrzymane jest w pi\u0119knych odcieniach kolor\u00f3w Welonda. Rama jest stworzona\u00a0 z bia\u0142ej lub antracytowej stali epoksydowej, a szafka zaprojektowana w drewnie z&#8230;<\/p>","protected":false},"featured_media":1907,"template":"","meta":{"_themeisle_gutenberg_block_has_review":false},"product_brand":[],"product_cat":[184],"product_tag":[],"class_list":{"0":"post-1906","1":"product","2":"type-product","3":"status-publish","4":"has-post-thumbnail","6":"product_cat-stanowiska","8":"first","9":"onbackorder","10":"taxable","11":"shipping-taxable","12":"purchasable","13":"product-type-simple"},"acf":[],"_links":{"self":[{"href":"https:\/\/welonda.pl\/en\/wp-json\/wp\/v2\/product\/1906","targetHints":{"allow":["GET"]}}],"collection":[{"href":"https:\/\/welonda.pl\/en\/wp-json\/wp\/v2\/product"}],"about":[{"href":"https:\/\/welonda.pl\/en\/wp-json\/wp\/v2\/types\/product"}],"wp:featuredmedia":[{"embeddable":true,"href":"https:\/\/welonda.pl\/en\/wp-json\/wp\/v2\/media\/1907"}],"wp:attachment":[{"href":"https:\/\/welonda.pl\/en\/wp-json\/wp\/v2\/media?parent=1906"}],"wp:term":[{"taxonomy":"product_brand","embeddable":true,"href":"https:\/\/welonda.pl\/en\/wp-json\/wp\/v2\/product_brand?post=1906"},{"taxonomy":"product_cat","embeddable":true,"href":"https:\/\/welonda.pl\/en\/wp-json\/wp\/v2\/product_cat?post=1906"},{"taxonomy":"product_tag","embeddable":true,"href":"https:\/\/welonda.pl\/en\/wp-json\/wp\/v2\/product_tag?post=1906"}],"curies":[{"name":"wp","href":"https:\/\/api.w.org\/{rel}","templated":true}]}}