{"id":1897,"date":"2023-03-11T12:56:49","date_gmt":"2023-03-11T11:56:49","guid":{"rendered":"https:\/\/welonda.pl\/?post_type=product&#038;p=1897"},"modified":"2023-12-14T19:16:46","modified_gmt":"2023-12-14T18:16:46","slug":"welonda-pure","status":"publish","type":"product","link":"https:\/\/welonda.pl\/en\/product\/welonda-pure\/","title":{"rendered":"WELOND PURE"},"content":{"rendered":"<div class=\"page\" title=\"Page 2\">\n<div class=\"layoutArea\">\n<div class=\"column\">\n<h3 style=\"text-align: center;\">Ask us about the special program for exchanging your existing furniture in the WELONDA_PRO system!<\/h3>\n<\/div>\n<\/div>\n<\/div>\n<div class=\"page\" title=\"Page 9\">\n<div class=\"section\">\n<div class=\"layoutArea\">\n<div class=\"column\">\n<p>The Pure station is available in a wall-mounted and free-standing version with floor and ceiling mounting systems. The sides<br \/>\nand shelves of the furniture can be finished with an individually selected Welonda Laminates laminate. The free-standing stand is available in a single or double version and is equipped with an electrical socket.<\/p>\n<p>You can adjust the height of the stand individually to the height of the room.<\/p>\n<\/div>\n<\/div>\n<\/div>\n<\/div>","protected":false},"excerpt":{"rendered":"<p>Zapytaj nas o specjalny program wymiany twoich dotychczasowych mebli w systemie WELONDA_PRO! Stanowisko Pure jest doste\u0328pne w wersji nas\u0301ciennej i wolnostoja\u0328cej z systemem montaz\u0307u do pod\u0142ogi i sufitu. Boki i po\u0301\u0142ki mebla moga\u0328 byc\u0301 wykon\u0301czone indywidualnie wybranym laminatem Welonda Laminates. Stanowisko wolnostoja\u0328ce jest doste\u0328pne w wersji pojedynczej lub podwo\u0301jnej i jest wyposaz\u0307one w gniazdo elektryczne. Wysoko\u015b\u0107 stanowiska mo\u017cesz dostosowa\u0107 indywidualnie do wysoko\u015bci&#8230;<\/p>","protected":false},"featured_media":1898,"template":"","meta":{"_themeisle_gutenberg_block_has_review":false},"product_brand":[],"product_cat":[184],"product_tag":[],"class_list":{"0":"post-1897","1":"product","2":"type-product","3":"status-publish","4":"has-post-thumbnail","6":"product_cat-stanowiska","8":"first","9":"onbackorder","10":"taxable","11":"shipping-taxable","12":"purchasable","13":"product-type-simple"},"acf":[],"_links":{"self":[{"href":"https:\/\/welonda.pl\/en\/wp-json\/wp\/v2\/product\/1897","targetHints":{"allow":["GET"]}}],"collection":[{"href":"https:\/\/welonda.pl\/en\/wp-json\/wp\/v2\/product"}],"about":[{"href":"https:\/\/welonda.pl\/en\/wp-json\/wp\/v2\/types\/product"}],"wp:featuredmedia":[{"embeddable":true,"href":"https:\/\/welonda.pl\/en\/wp-json\/wp\/v2\/media\/1898"}],"wp:attachment":[{"href":"https:\/\/welonda.pl\/en\/wp-json\/wp\/v2\/media?parent=1897"}],"wp:term":[{"taxonomy":"product_brand","embeddable":true,"href":"https:\/\/welonda.pl\/en\/wp-json\/wp\/v2\/product_brand?post=1897"},{"taxonomy":"product_cat","embeddable":true,"href":"https:\/\/welonda.pl\/en\/wp-json\/wp\/v2\/product_cat?post=1897"},{"taxonomy":"product_tag","embeddable":true,"href":"https:\/\/welonda.pl\/en\/wp-json\/wp\/v2\/product_tag?post=1897"}],"curies":[{"name":"wp","href":"https:\/\/api.w.org\/{rel}","templated":true}]}}