{"id":1870,"date":"2023-03-09T17:34:26","date_gmt":"2023-03-09T16:34:26","guid":{"rendered":"https:\/\/welonda.pl\/?post_type=product&#038;p=1870"},"modified":"2023-12-14T19:01:23","modified_gmt":"2023-12-14T18:01:23","slug":"welonda-belluna-2","status":"publish","type":"product","link":"https:\/\/welonda.pl\/en\/product\/welonda-belluna-2\/","title":{"rendered":"BELLUNA VELOND"},"content":{"rendered":"<div class=\"page\" title=\"Page 2\">\n<div class=\"layoutArea\">\n<div class=\"column\">\n<h3 style=\"text-align: center;\">Ask us about the special program for exchanging your existing furniture in the WELONDA_PRO system!<\/h3>\n<\/div>\n<\/div>\n<\/div>\n<p>The highlight of your living room. The mirror and integrated footstool are surrounded by a metal frame, which is available in white with a satin finish, silver and metallic black. LED lighting helps to cast a soft light on the space between the frame and the mirror. Belluna Style can be combined with a separate hairdryer holder from the Welonda holder series.<\/p>\n<p>&nbsp;<\/p>","protected":false},"excerpt":{"rendered":"<p>Zapytaj nas o specjalny program wymiany twoich dotychczasowych mebli w systemie WELONDA_PRO! Atrakcja Twojego salonu. Lustro i zintegrowany podn\u00f3\u017cek s\u0105 otoczone metalow\u0105 ram\u0105, kt\u00f3ra jest dost\u0119pna w kolorze bia\u0142ym z satynowym po\u0142yskiem, srebrnym i metalicznym czarnym. O\u015bwietlenie LED pomaga rzuci\u0107 lekkie \u015bwiat\u0142o na przestrze\u0144 mi\u0119dzy ram\u0105 a lustrem. Belluna Style mo\u017cna po\u0142\u0105czy\u0107 z oddzielnym uchwytem na suszark\u0119 z serii uchwyt\u00f3w \u00a0Welonda. &nbsp;<\/p>","protected":false},"featured_media":1873,"template":"","meta":{"_themeisle_gutenberg_block_has_review":false},"product_brand":[],"product_cat":[184],"product_tag":[],"class_list":{"0":"post-1870","1":"product","2":"type-product","3":"status-publish","4":"has-post-thumbnail","6":"product_cat-stanowiska","8":"first","9":"onbackorder","10":"taxable","11":"shipping-taxable","12":"purchasable","13":"product-type-simple"},"acf":[],"_links":{"self":[{"href":"https:\/\/welonda.pl\/en\/wp-json\/wp\/v2\/product\/1870","targetHints":{"allow":["GET"]}}],"collection":[{"href":"https:\/\/welonda.pl\/en\/wp-json\/wp\/v2\/product"}],"about":[{"href":"https:\/\/welonda.pl\/en\/wp-json\/wp\/v2\/types\/product"}],"wp:featuredmedia":[{"embeddable":true,"href":"https:\/\/welonda.pl\/en\/wp-json\/wp\/v2\/media\/1873"}],"wp:attachment":[{"href":"https:\/\/welonda.pl\/en\/wp-json\/wp\/v2\/media?parent=1870"}],"wp:term":[{"taxonomy":"product_brand","embeddable":true,"href":"https:\/\/welonda.pl\/en\/wp-json\/wp\/v2\/product_brand?post=1870"},{"taxonomy":"product_cat","embeddable":true,"href":"https:\/\/welonda.pl\/en\/wp-json\/wp\/v2\/product_cat?post=1870"},{"taxonomy":"product_tag","embeddable":true,"href":"https:\/\/welonda.pl\/en\/wp-json\/wp\/v2\/product_tag?post=1870"}],"curies":[{"name":"wp","href":"https:\/\/api.w.org\/{rel}","templated":true}]}}