{"id":1861,"date":"2023-03-08T12:43:47","date_gmt":"2023-03-08T11:43:47","guid":{"rendered":"https:\/\/welonda.pl\/?post_type=product&#038;p=1861"},"modified":"2023-12-14T19:32:16","modified_gmt":"2023-12-14T18:32:16","slug":"welonda-vida-desk","status":"publish","type":"product","link":"https:\/\/welonda.pl\/en\/product\/welonda-vida-desk\/","title":{"rendered":"WELOND VIDA Desk"},"content":{"rendered":"<div class=\"page\" title=\"Page 2\">\n<div class=\"layoutArea\">\n<div class=\"column\">\n<h3 style=\"text-align: center;\">Ask us about the special program for exchanging your existing furniture in the WELONDA_PRO system!<\/h3>\n<\/div>\n<\/div>\n<\/div>\n<p>The perfect reception desk to complement the Vida product line: armchair, car wash, station.<br \/>\nCharacteristics:<br \/>\n\u2013 Selection of wood decors from the wide range of Welonda laminates<br \/>\n\u2013 Available in a small version (width: 120 cm) shown in the photo and in a long version (width: 174 cm)<\/p>\n<p>All Welonda products are made of the highest quality materials intended for industrial use.<\/p>","protected":false},"excerpt":{"rendered":"<p>Zapytaj nas o specjalny program wymiany twoich dotychczasowych mebli w systemie WELONDA_PRO! Idealna recepcja jako uzupe\u0142nienie linii produkt\u00f3w Vida fotel, myjnia, stanowisko. Cechy: \u2013 Wyb\u00f3r dekor\u00f3w drewna z bogatej oferty laminat\u00f3w Welonda \u2013 Dost\u0119pna w wersji ma\u0142ej (szeroko\u015b\u0107: 120 cm) pokazanej na zdj\u0119ciu oraz w wersji d\u0142ugiej (szeroko\u015b\u0107: 174 cm) Wszystkie produkty Welonda wykonane s\u0105 \u00a0z najwy\u017cszej jako\u015bci materia\u0142\u00f3w przeznaczonych do u\u017cytku&#8230;<\/p>","protected":false},"featured_media":1862,"template":"","meta":{"_themeisle_gutenberg_block_has_review":false},"product_brand":[],"product_cat":[183],"product_tag":[],"class_list":{"0":"post-1861","1":"product","2":"type-product","3":"status-publish","4":"has-post-thumbnail","6":"product_cat-recepcje","8":"first","9":"onbackorder","10":"taxable","11":"shipping-taxable","12":"purchasable","13":"product-type-simple"},"acf":[],"_links":{"self":[{"href":"https:\/\/welonda.pl\/en\/wp-json\/wp\/v2\/product\/1861","targetHints":{"allow":["GET"]}}],"collection":[{"href":"https:\/\/welonda.pl\/en\/wp-json\/wp\/v2\/product"}],"about":[{"href":"https:\/\/welonda.pl\/en\/wp-json\/wp\/v2\/types\/product"}],"wp:featuredmedia":[{"embeddable":true,"href":"https:\/\/welonda.pl\/en\/wp-json\/wp\/v2\/media\/1862"}],"wp:attachment":[{"href":"https:\/\/welonda.pl\/en\/wp-json\/wp\/v2\/media?parent=1861"}],"wp:term":[{"taxonomy":"product_brand","embeddable":true,"href":"https:\/\/welonda.pl\/en\/wp-json\/wp\/v2\/product_brand?post=1861"},{"taxonomy":"product_cat","embeddable":true,"href":"https:\/\/welonda.pl\/en\/wp-json\/wp\/v2\/product_cat?post=1861"},{"taxonomy":"product_tag","embeddable":true,"href":"https:\/\/welonda.pl\/en\/wp-json\/wp\/v2\/product_tag?post=1861"}],"curies":[{"name":"wp","href":"https:\/\/api.w.org\/{rel}","templated":true}]}}