{"id":1859,"date":"2023-03-08T12:33:48","date_gmt":"2023-03-08T11:33:48","guid":{"rendered":"https:\/\/welonda.pl\/?post_type=product&#038;p=1859"},"modified":"2025-01-26T22:23:29","modified_gmt":"2025-01-26T21:23:29","slug":"welonda-comfort-desk","status":"publish","type":"product","link":"https:\/\/welonda.pl\/en\/product\/welonda-comfort-desk\/","title":{"rendered":"WELONDA COMFORT DESK"},"content":{"rendered":"<div class=\"page\" title=\"Page 2\">\n<div class=\"layoutArea\">\n<div class=\"column\">\n<h3 style=\"text-align: center;\">Ask us about the special program for exchanging your existing furniture in the WELONDA_PRO system!<\/h3>\n<\/div>\n<\/div>\n<\/div>\n<p>Comfort Desk is available with 2, 3 or 4 internal cabinets.<\/p>\n<p>The Comfort reception desk fits perfectly with the car wash and armchair from the same series.<\/p>\n<p>The front panels can be freely configured from the Comfort Line colour palette.<\/p>\n<p>&nbsp;<\/p>","protected":false},"excerpt":{"rendered":"<p>Zapytaj nas o specjalny program wymiany twoich dotychczasowych mebli w systemie WELONDA_PRO! Comfort Desk dost\u0119pne jest z 2, 3 lub 4 szafkami wewn\u0119trznymi. Recepcja Comfort idealnie wpasowuj\u0119 si\u0119 w myjni\u0119 i fotel z tej samej serii. Panele przednie mo\u017cna dowolnie konfigurowa\u0107 spo\u015br\u00f3d palety kolor\u00f3w Comfort Line. &nbsp;<\/p>","protected":false},"featured_media":1860,"template":"","meta":{"_themeisle_gutenberg_block_has_review":false},"product_brand":[],"product_cat":[192,183],"product_tag":[],"class_list":{"0":"post-1859","1":"product","2":"type-product","3":"status-publish","4":"has-post-thumbnail","6":"product_cat-welonda","7":"product_cat-recepcje","9":"first","10":"onbackorder","11":"taxable","12":"shipping-taxable","13":"purchasable","14":"product-type-simple"},"acf":[],"_links":{"self":[{"href":"https:\/\/welonda.pl\/en\/wp-json\/wp\/v2\/product\/1859","targetHints":{"allow":["GET"]}}],"collection":[{"href":"https:\/\/welonda.pl\/en\/wp-json\/wp\/v2\/product"}],"about":[{"href":"https:\/\/welonda.pl\/en\/wp-json\/wp\/v2\/types\/product"}],"wp:featuredmedia":[{"embeddable":true,"href":"https:\/\/welonda.pl\/en\/wp-json\/wp\/v2\/media\/1860"}],"wp:attachment":[{"href":"https:\/\/welonda.pl\/en\/wp-json\/wp\/v2\/media?parent=1859"}],"wp:term":[{"taxonomy":"product_brand","embeddable":true,"href":"https:\/\/welonda.pl\/en\/wp-json\/wp\/v2\/product_brand?post=1859"},{"taxonomy":"product_cat","embeddable":true,"href":"https:\/\/welonda.pl\/en\/wp-json\/wp\/v2\/product_cat?post=1859"},{"taxonomy":"product_tag","embeddable":true,"href":"https:\/\/welonda.pl\/en\/wp-json\/wp\/v2\/product_tag?post=1859"}],"curies":[{"name":"wp","href":"https:\/\/api.w.org\/{rel}","templated":true}]}}