{"id":1848,"date":"2023-03-03T22:02:44","date_gmt":"2023-03-03T21:02:44","guid":{"rendered":"https:\/\/welonda.pl\/?post_type=product&#038;p=1848"},"modified":"2023-12-14T19:02:41","modified_gmt":"2023-12-14T18:02:41","slug":"welonda-comfort-2","status":"publish","type":"product","link":"https:\/\/welonda.pl\/en\/product\/welonda-comfort-2\/","title":{"rendered":"WELOND COMFORT"},"content":{"rendered":"<div class=\"page\" title=\"Page 2\">\n<div class=\"layoutArea\">\n<div class=\"column\">\n<h3 style=\"text-align: center;\">Ask us about the special program for exchanging your existing furniture in the WELONDA_PRO system!<\/h3>\n<\/div>\n<\/div>\n<\/div>\n<p>&nbsp;<\/p>\n<p>Comfort Style station, Comfort armchair with Comfort car wash and Comfort reception are a unique combination that will fully meet all your needs. All Comfort series products can be individually personalized in terms of colors and surface structure from the Welonda&#039;s Choice of Colors range. Comfort Style has two cabinets and a &quot;Push to open&quot; system.<\/p>","protected":false},"excerpt":{"rendered":"<p>Zapytaj nas o specjalny program wymiany twoich dotychczasowych mebli w systemie WELONDA_PRO! &nbsp; Stanowisko Comfort Style, fotel Comfort wraz z myjni\u0105 Comfort i recepcja Comfort \u00a0to wyj\u0105tkowe po\u0142\u0105czenie, kt\u00f3re w pe\u0142ni odpowie na wszystkie Twoje potrzeby. Wszystkie produkty serii Comfort mo\u017cesz indywidualnie personalizowa\u0107 pod kontem kolorystyki i struktury powierzchni z gamy Welonda&#8217;s Choice of Colours. Comfort Style posiada dwie szafki i system&#8230;<\/p>","protected":false},"featured_media":1850,"template":"","meta":{"_themeisle_gutenberg_block_has_review":false},"product_brand":[],"product_cat":[184],"product_tag":[],"class_list":{"0":"post-1848","1":"product","2":"type-product","3":"status-publish","4":"has-post-thumbnail","6":"product_cat-stanowiska","8":"first","9":"onbackorder","10":"taxable","11":"shipping-taxable","12":"purchasable","13":"product-type-simple"},"acf":[],"_links":{"self":[{"href":"https:\/\/welonda.pl\/en\/wp-json\/wp\/v2\/product\/1848","targetHints":{"allow":["GET"]}}],"collection":[{"href":"https:\/\/welonda.pl\/en\/wp-json\/wp\/v2\/product"}],"about":[{"href":"https:\/\/welonda.pl\/en\/wp-json\/wp\/v2\/types\/product"}],"wp:featuredmedia":[{"embeddable":true,"href":"https:\/\/welonda.pl\/en\/wp-json\/wp\/v2\/media\/1850"}],"wp:attachment":[{"href":"https:\/\/welonda.pl\/en\/wp-json\/wp\/v2\/media?parent=1848"}],"wp:term":[{"taxonomy":"product_brand","embeddable":true,"href":"https:\/\/welonda.pl\/en\/wp-json\/wp\/v2\/product_brand?post=1848"},{"taxonomy":"product_cat","embeddable":true,"href":"https:\/\/welonda.pl\/en\/wp-json\/wp\/v2\/product_cat?post=1848"},{"taxonomy":"product_tag","embeddable":true,"href":"https:\/\/welonda.pl\/en\/wp-json\/wp\/v2\/product_tag?post=1848"}],"curies":[{"name":"wp","href":"https:\/\/api.w.org\/{rel}","templated":true}]}}