{"id":1835,"date":"2023-03-03T21:19:14","date_gmt":"2023-03-03T20:19:14","guid":{"rendered":"https:\/\/welonda.pl\/?post_type=product&#038;p=1835"},"modified":"2024-06-30T19:58:15","modified_gmt":"2024-06-30T17:58:15","slug":"welonda-bio-style","status":"publish","type":"product","link":"https:\/\/welonda.pl\/en\/product\/welonda-bio-style\/","title":{"rendered":"WELONDAS BiO STYLE"},"content":{"rendered":"<div class=\"page\" title=\"Page 2\">\n<div class=\"layoutArea\">\n<div class=\"column\">\n<h3 style=\"text-align: center;\">Ask us about the special program for exchanging your existing furniture in the WELONDA_PRO system!<\/h3>\n<\/div>\n<\/div>\n<\/div>\n<p>&nbsp;<\/p>\n<p>Bio Style is unique due to its striking mirror that covers the entire surface of the practical shelves located on both sides of the stand behind the mirror.<\/p>\n<p>You can adjust the position of the mirror in relation to the work surface.<\/p>\n<p>A long horizontal layout can be created by connecting the countertops behind the mirror as shown in the picture.<\/p>\n<p>You can freely configure Bio Style in terms of colours from the Welonda colour and laminate palette.<\/p>","protected":false},"excerpt":{"rendered":"<p>Zapytaj nas o specjalny program wymiany twoich dotychczasowych mebli w systemie WELONDA_PRO! &nbsp; Bio Style jest wyj\u0105tkowy ze wzgl\u0119du na efektowne lustro, kt\u00f3re pokrywa ca\u0142\u0105 powierzchnie praktycznych p\u00f3\u0142ek umiejscowionych po obu stronach stanowiska za lustrem. Mo\u017cesz regulowa\u0107 po\u0142o\u017cenie lustra w stosunku do powierzchni roboczej. D\u0142ugi poziomy uk\u0142ad mo\u017cna stworzy\u0107 \u0142\u0105cz\u0105c blaty za lustrem, jak pokazano na rysunku. Bio Style mo\u017cesz dowolnie skonfigurowa\u0107&#8230;<\/p>","protected":false},"featured_media":1836,"template":"","meta":{"_themeisle_gutenberg_block_has_review":false},"product_brand":[],"product_cat":[184],"product_tag":[],"class_list":{"0":"post-1835","1":"product","2":"type-product","3":"status-publish","4":"has-post-thumbnail","6":"product_cat-stanowiska","8":"first","9":"onbackorder","10":"sale","11":"taxable","12":"shipping-taxable","13":"purchasable","14":"product-type-simple"},"acf":[],"_links":{"self":[{"href":"https:\/\/welonda.pl\/en\/wp-json\/wp\/v2\/product\/1835","targetHints":{"allow":["GET"]}}],"collection":[{"href":"https:\/\/welonda.pl\/en\/wp-json\/wp\/v2\/product"}],"about":[{"href":"https:\/\/welonda.pl\/en\/wp-json\/wp\/v2\/types\/product"}],"wp:featuredmedia":[{"embeddable":true,"href":"https:\/\/welonda.pl\/en\/wp-json\/wp\/v2\/media\/1836"}],"wp:attachment":[{"href":"https:\/\/welonda.pl\/en\/wp-json\/wp\/v2\/media?parent=1835"}],"wp:term":[{"taxonomy":"product_brand","embeddable":true,"href":"https:\/\/welonda.pl\/en\/wp-json\/wp\/v2\/product_brand?post=1835"},{"taxonomy":"product_cat","embeddable":true,"href":"https:\/\/welonda.pl\/en\/wp-json\/wp\/v2\/product_cat?post=1835"},{"taxonomy":"product_tag","embeddable":true,"href":"https:\/\/welonda.pl\/en\/wp-json\/wp\/v2\/product_tag?post=1835"}],"curies":[{"name":"wp","href":"https:\/\/api.w.org\/{rel}","templated":true}]}}