{"id":1827,"date":"2023-03-02T20:01:59","date_gmt":"2023-03-02T19:01:59","guid":{"rendered":"https:\/\/welonda.pl\/?post_type=product&#038;p=1827"},"modified":"2023-12-14T19:30:39","modified_gmt":"2023-12-14T18:30:39","slug":"welonda-desk-65_recepcja","status":"publish","type":"product","link":"https:\/\/welonda.pl\/en\/product\/welonda-desk-65_recepcja\/","title":{"rendered":"WELONDA DESK &#039;65_RECEPTION"},"content":{"rendered":"<div class=\"page\" title=\"Page 2\">\n<div class=\"layoutArea\">\n<div class=\"column\">\n<h3 style=\"text-align: center;\">Ask us about the special program for exchanging your existing furniture in the WELONDA_PRO system!<\/h3>\n<\/div>\n<\/div>\n<\/div>\n<p>&nbsp;<\/p>\n<p>The Desk &#039;65 reception creates a clear and warm welcome atmosphere.<br \/>\nDesk &#039;65 has a metal frame available in matt anthracite and white.<\/p>\n<p>It fits perfectly with the Retro desk and armchair.<\/p>\n<p>The colours of the wooden elements can be freely configured from among the Welonda Laminates.<\/p>","protected":false},"excerpt":{"rendered":"<p>Zapytaj nas o specjalny program wymiany twoich dotychczasowych mebli w systemie WELONDA_PRO! &nbsp; Recepcja Desk &#8217;65 tworzy przejrzysty i ciep\u0142y klimat powitalny. Desk \u201965 posiada metalow\u0105 ram\u0119 dost\u0119pn\u0105 w kolorach matowego antracytu oraz bieli. Idealnie komponuje si\u0119 z stanowiskiem i fotelem Retro Kolorystyk\u0119 drewnianych element\u00f3w mo\u017cna dowolnie konfigurowa\u0107 spo\u015br\u00f3d Laminat\u00f3w Welonda.<\/p>","protected":false},"featured_media":1829,"template":"","meta":{"_themeisle_gutenberg_block_has_review":false},"product_brand":[],"product_cat":[183],"product_tag":[],"class_list":{"0":"post-1827","1":"product","2":"type-product","3":"status-publish","4":"has-post-thumbnail","6":"product_cat-recepcje","8":"first","9":"onbackorder","10":"taxable","11":"shipping-taxable","12":"purchasable","13":"product-type-simple"},"acf":[],"_links":{"self":[{"href":"https:\/\/welonda.pl\/en\/wp-json\/wp\/v2\/product\/1827","targetHints":{"allow":["GET"]}}],"collection":[{"href":"https:\/\/welonda.pl\/en\/wp-json\/wp\/v2\/product"}],"about":[{"href":"https:\/\/welonda.pl\/en\/wp-json\/wp\/v2\/types\/product"}],"wp:featuredmedia":[{"embeddable":true,"href":"https:\/\/welonda.pl\/en\/wp-json\/wp\/v2\/media\/1829"}],"wp:attachment":[{"href":"https:\/\/welonda.pl\/en\/wp-json\/wp\/v2\/media?parent=1827"}],"wp:term":[{"taxonomy":"product_brand","embeddable":true,"href":"https:\/\/welonda.pl\/en\/wp-json\/wp\/v2\/product_brand?post=1827"},{"taxonomy":"product_cat","embeddable":true,"href":"https:\/\/welonda.pl\/en\/wp-json\/wp\/v2\/product_cat?post=1827"},{"taxonomy":"product_tag","embeddable":true,"href":"https:\/\/welonda.pl\/en\/wp-json\/wp\/v2\/product_tag?post=1827"}],"curies":[{"name":"wp","href":"https:\/\/api.w.org\/{rel}","templated":true}]}}