{"id":1820,"date":"2023-03-02T19:45:24","date_gmt":"2023-03-02T18:45:24","guid":{"rendered":"https:\/\/welonda.pl\/?post_type=product&#038;p=1820"},"modified":"2025-10-14T11:50:09","modified_gmt":"2025-10-14T09:50:09","slug":"welonda-lift_mr-mo","status":"publish","type":"product","link":"https:\/\/welonda.pl\/en\/product\/welonda-lift_mr-mo\/","title":{"rendered":"WELOND LIFT_Mr.Mo"},"content":{"rendered":"<div class=\"page\" title=\"Page 5\">\n<div class=\"section\">\n<div class=\"layoutArea\">\n<div class=\"page\" title=\"Page 2\">\n<div class=\"layoutArea\">\n<div class=\"column\">\n<h3 style=\"text-align: center;\">Ask us about the special program for exchanging your existing furniture in the WELONDA_PRO system!<\/h3>\n<\/div>\n<\/div>\n<\/div>\n<div class=\"column\">\n<p>Lift Mr Mo is a height-adjustable washbasin equipped with a patented telescopic system.<\/p>\n<p>Characteristics:<br \/>\n\u2013 Deep white or black ceramic washbasin with single-lever control tap and anti-drop hand shower.<br \/>\n\u2013 Adjustable washbasin with telescopic sliding system<br \/>\n\u2013 Rubber neck rest provides extra comfort during service<br \/>\n\u2013 Epoxy-coated metal frame in white, silver or basalt grey<br \/>\n\u2013 Upholstered seat in selected Welonda fabrics<br \/>\n\u2013 Seat with adjustable backrest<\/p>\n<p>Also available with:<br \/>\n\u2013 Other Welonda armchair bases<br \/>\n\u2013 Side connection for water pipes<br \/>\n\u2013 Separate footrest in the same upholstery as the chair with a stainless steel base<\/p>\n<\/div>\n<\/div>\n<\/div>\n<\/div>","protected":false},"excerpt":{"rendered":"<p>Zapytaj nas o specjalny program wymiany twoich dotychczasowych mebli w systemie WELONDA_PRO! Lift Mr Mo to umywalka z regulacj\u0105 wysoko\u015bci, wyposa\u017cona w opatentowany system teleskopowy. Cechy: \u2013 Umywalka ceramiczna w kolorze g\u0142\u0119bokiej bieli lub czerni z jednouchwytow\u0105 bateri\u0105 regulacji i r\u0119cznym prysznicem \u201eanti-drop\u201d. \u2013 Regulowana umywalka z teleskopowym systemem przesuwania \u2013 Gumowa podp\u00f3rka na szyj\u0119 zapewnia dodatkowy komfort us\u0142ugi \u2013 Rama metalowa&#8230;<\/p>","protected":false},"featured_media":1821,"template":"","meta":{"_themeisle_gutenberg_block_has_review":false},"product_brand":[],"product_cat":[173],"product_tag":[],"class_list":{"0":"post-1820","1":"product","2":"type-product","3":"status-publish","4":"has-post-thumbnail","6":"product_cat-myjnia-barber","8":"first","9":"instock","10":"taxable","11":"shipping-taxable","12":"purchasable","13":"product-type-simple"},"acf":[],"_links":{"self":[{"href":"https:\/\/welonda.pl\/en\/wp-json\/wp\/v2\/product\/1820","targetHints":{"allow":["GET"]}}],"collection":[{"href":"https:\/\/welonda.pl\/en\/wp-json\/wp\/v2\/product"}],"about":[{"href":"https:\/\/welonda.pl\/en\/wp-json\/wp\/v2\/types\/product"}],"wp:featuredmedia":[{"embeddable":true,"href":"https:\/\/welonda.pl\/en\/wp-json\/wp\/v2\/media\/1821"}],"wp:attachment":[{"href":"https:\/\/welonda.pl\/en\/wp-json\/wp\/v2\/media?parent=1820"}],"wp:term":[{"taxonomy":"product_brand","embeddable":true,"href":"https:\/\/welonda.pl\/en\/wp-json\/wp\/v2\/product_brand?post=1820"},{"taxonomy":"product_cat","embeddable":true,"href":"https:\/\/welonda.pl\/en\/wp-json\/wp\/v2\/product_cat?post=1820"},{"taxonomy":"product_tag","embeddable":true,"href":"https:\/\/welonda.pl\/en\/wp-json\/wp\/v2\/product_tag?post=1820"}],"curies":[{"name":"wp","href":"https:\/\/api.w.org\/{rel}","templated":true}]}}