{"id":1798,"date":"2023-03-02T19:05:23","date_gmt":"2023-03-02T18:05:23","guid":{"rendered":"https:\/\/welonda.pl\/?post_type=product&#038;p=1798"},"modified":"2023-12-14T18:54:04","modified_gmt":"2023-12-14T17:54:04","slug":"welonda-straight","status":"publish","type":"product","link":"https:\/\/welonda.pl\/en\/product\/welonda-straight\/","title":{"rendered":"WELOND STRAIGHT"},"content":{"rendered":"<div class=\"page\" title=\"Page 6\">\n<div class=\"section\">\n<div class=\"layoutArea\">\n<div class=\"column\">\n<div class=\"page\" title=\"Page 2\">\n<div class=\"layoutArea\">\n<div class=\"column\">\n<h3 style=\"text-align: center;\">Ask us about the special program for exchanging your existing furniture in the WELONDA_PRO system!<\/h3>\n<\/div>\n<\/div>\n<\/div>\n<div class=\"page\" title=\"Page 6\">\n<div class=\"section\">\n<div class=\"layoutArea\">\n<div class=\"column\">\n<p>&nbsp;<\/p>\n<\/div>\n<p>Functional design with simple lines. Individually upholstered armchair in selected Welonda fabrics with a choice of four different bases.<\/p>\n<p>Also available with adjustable backrest *optional.<span class=\"Apple-converted-space\">\u00a0<\/span><\/p>\n<\/div>\n<\/div>\n<\/div>\n<\/div>\n<\/div>\n<\/div>\n<\/div>","protected":false},"excerpt":{"rendered":"<p>Zapytaj nas o specjalny program wymiany twoich dotychczasowych mebli w systemie WELONDA_PRO! &nbsp; Funkcjonalny design z prostymi liniami. Indywidualnie tapicerowany fotel w wybranych tkaninach Welonda z mo\u017cliwo\u015bci\u0105 wyboru czterech r\u00f3\u017cnych podstaw. Dost\u0119pny r\u00f3wnie\u017c z regulowanym oparciem *opcjonalnie.\u00a0<\/p>","protected":false},"featured_media":1799,"template":"","meta":{"_themeisle_gutenberg_block_has_review":false},"product_brand":[],"product_cat":[181],"product_tag":[],"class_list":{"0":"post-1798","1":"product","2":"type-product","3":"status-publish","4":"has-post-thumbnail","6":"product_cat-fotele","8":"first","9":"instock","10":"taxable","11":"shipping-taxable","12":"purchasable","13":"product-type-simple"},"acf":[],"_links":{"self":[{"href":"https:\/\/welonda.pl\/en\/wp-json\/wp\/v2\/product\/1798","targetHints":{"allow":["GET"]}}],"collection":[{"href":"https:\/\/welonda.pl\/en\/wp-json\/wp\/v2\/product"}],"about":[{"href":"https:\/\/welonda.pl\/en\/wp-json\/wp\/v2\/types\/product"}],"wp:featuredmedia":[{"embeddable":true,"href":"https:\/\/welonda.pl\/en\/wp-json\/wp\/v2\/media\/1799"}],"wp:attachment":[{"href":"https:\/\/welonda.pl\/en\/wp-json\/wp\/v2\/media?parent=1798"}],"wp:term":[{"taxonomy":"product_brand","embeddable":true,"href":"https:\/\/welonda.pl\/en\/wp-json\/wp\/v2\/product_brand?post=1798"},{"taxonomy":"product_cat","embeddable":true,"href":"https:\/\/welonda.pl\/en\/wp-json\/wp\/v2\/product_cat?post=1798"},{"taxonomy":"product_tag","embeddable":true,"href":"https:\/\/welonda.pl\/en\/wp-json\/wp\/v2\/product_tag?post=1798"}],"curies":[{"name":"wp","href":"https:\/\/api.w.org\/{rel}","templated":true}]}}