{"id":1783,"date":"2023-03-02T18:30:08","date_gmt":"2023-03-02T17:30:08","guid":{"rendered":"https:\/\/welonda.pl\/?post_type=product&#038;p=1783"},"modified":"2023-12-14T19:25:03","modified_gmt":"2023-12-14T18:25:03","slug":"welonda-vida_tavolo-wall-i","status":"publish","type":"product","link":"https:\/\/welonda.pl\/en\/product\/welonda-vida_tavolo-wall-i\/","title":{"rendered":"WELOND VIDA_TAVOLO Wall"},"content":{"rendered":"<div class=\"page\" title=\"Page 2\">\n<div class=\"layoutArea\">\n<div class=\"column\">\n<h3 style=\"text-align: center;\">Ask us about the special program for exchanging your existing furniture in the WELONDA_PRO system!<\/h3>\n<\/div>\n<\/div>\n<\/div>\n<p>&nbsp;<\/p>\n<p>Create a haven of peace that beautifully complements the round, ergonomic shape of Vida Tavolo Wall. The frame is designed in white, silver or graphite epoxy steel with a top covered in wood from the Welonda laminate range and an oval, round or rectangular mirror. Also available with an integrated dryer holder and double socket and LED lighting behind the mirror.<\/p>","protected":false},"excerpt":{"rendered":"<p>Zapytaj nas o specjalny program wymiany twoich dotychczasowych mebli w systemie WELONDA_PRO! &nbsp; Stw\u00f3rz oaz\u0119 spokoju, kt\u00f3ra pi\u0119knie komponuje si\u0119 z okr\u0105g\u0142ym, ergonomicznym kszta\u0142tem Vida Tavolo Wall. Rama jest zaprojektowana z bia\u0142ej, srebrnej lub grafitowej stali epoksydowej z blatem pokrytym drewnem z gamy laminat\u00f3w Welonda i owalnym, okr\u0105g\u0142ym lub prostok\u0105tnym lustrem. Dost\u0119pna r\u00f3wnie\u017c z zintegrowanym uchwytem na suszark\u0119 i podw\u00f3jnym gniazdem oraz&#8230;<\/p>","protected":false},"featured_media":1785,"template":"","meta":{"_themeisle_gutenberg_block_has_review":false},"product_brand":[],"product_cat":[184],"product_tag":[],"class_list":{"0":"post-1783","1":"product","2":"type-product","3":"status-publish","4":"has-post-thumbnail","6":"product_cat-stanowiska","8":"first","9":"onbackorder","10":"taxable","11":"shipping-taxable","12":"purchasable","13":"product-type-simple"},"acf":[],"_links":{"self":[{"href":"https:\/\/welonda.pl\/en\/wp-json\/wp\/v2\/product\/1783","targetHints":{"allow":["GET"]}}],"collection":[{"href":"https:\/\/welonda.pl\/en\/wp-json\/wp\/v2\/product"}],"about":[{"href":"https:\/\/welonda.pl\/en\/wp-json\/wp\/v2\/types\/product"}],"wp:featuredmedia":[{"embeddable":true,"href":"https:\/\/welonda.pl\/en\/wp-json\/wp\/v2\/media\/1785"}],"wp:attachment":[{"href":"https:\/\/welonda.pl\/en\/wp-json\/wp\/v2\/media?parent=1783"}],"wp:term":[{"taxonomy":"product_brand","embeddable":true,"href":"https:\/\/welonda.pl\/en\/wp-json\/wp\/v2\/product_brand?post=1783"},{"taxonomy":"product_cat","embeddable":true,"href":"https:\/\/welonda.pl\/en\/wp-json\/wp\/v2\/product_cat?post=1783"},{"taxonomy":"product_tag","embeddable":true,"href":"https:\/\/welonda.pl\/en\/wp-json\/wp\/v2\/product_tag?post=1783"}],"curies":[{"name":"wp","href":"https:\/\/api.w.org\/{rel}","templated":true}]}}