{"id":1711,"date":"2023-03-01T21:29:42","date_gmt":"2023-03-01T20:29:42","guid":{"rendered":"https:\/\/welonda.pl\/?post_type=product&#038;p=1711"},"modified":"2023-12-14T18:43:04","modified_gmt":"2023-12-14T17:43:04","slug":"welonda-welandamat","status":"publish","type":"product","link":"https:\/\/welonda.pl\/en\/product\/welonda-welandamat\/","title":{"rendered":"WELOND WELOND"},"content":{"rendered":"<div class=\"page\" title=\"Page 5\">\n<div class=\"section\">\n<div class=\"layoutArea\">\n<div class=\"column\">\n<div class=\"page\" title=\"Page 2\">\n<div class=\"layoutArea\">\n<div class=\"column\">\n<h3 style=\"text-align: center;\">Ask us about the special program for exchanging your existing furniture in the WELONDA_PRO system!<\/h3>\n<\/div>\n<\/div>\n<\/div>\n<p>&nbsp;<\/p>\n<p>Welondomat is the perfect solution for a small living room<\/p>\n<p>Characteristic:<\/p>\n<p>\u2013 190 degree panning range.<\/p>\n<p>\u2013 Adjustable washbasin (white or black) with single-lever tap.<\/p>\n<p>\u2013 Silver or black epoxy painted body with stainless steel side panels.<\/p>\n<p>\u2013 Equipped with a tilting system for optimal control and service comfort.<span class=\"Apple-converted-space\">\u00a0<\/span><\/p>\n<p>\u2013 Rubber neck support ensures client comfort.<span class=\"Apple-converted-space\">\u00a0<\/span><\/p>\n<p>Available extras:<\/p>\n<p>\u2013 Side connection for power and water drainage.<\/p>\n<\/div>\n<\/div>\n<\/div>\n<\/div>","protected":false},"excerpt":{"rendered":"<p>Zapytaj nas o specjalny program wymiany twoich dotychczasowych mebli w systemie WELONDA_PRO! &nbsp; Welondomat to Idealne rozwi\u0105zanie do ma\u0142ego salonu Charakterystyka: &#8211; Zakres panoramowania 190 stopni. &#8211; Umywalka regulowana (bia\u0142a lub czarna) z bateri\u0105 jednouchwytow\u0105. &#8211; Korpus ze srebrnego lub czarnego lakieru epoksydowego z bocznymi panelami ze stali nierdzewnej. &#8211; Wyposa\u017cona w system przechylany dla optymalnej kontroli i komfortu us\u0142ugi.\u00a0 &#8211; Gumowa&#8230;<\/p>","protected":false},"featured_media":1712,"template":"","meta":{"_themeisle_gutenberg_block_has_review":false},"product_brand":[],"product_cat":[173],"product_tag":[],"class_list":{"0":"post-1711","1":"product","2":"type-product","3":"status-publish","4":"has-post-thumbnail","6":"product_cat-myjnia-barber","8":"first","9":"onbackorder","10":"taxable","11":"shipping-taxable","12":"purchasable","13":"product-type-simple"},"acf":[],"_links":{"self":[{"href":"https:\/\/welonda.pl\/en\/wp-json\/wp\/v2\/product\/1711","targetHints":{"allow":["GET"]}}],"collection":[{"href":"https:\/\/welonda.pl\/en\/wp-json\/wp\/v2\/product"}],"about":[{"href":"https:\/\/welonda.pl\/en\/wp-json\/wp\/v2\/types\/product"}],"wp:featuredmedia":[{"embeddable":true,"href":"https:\/\/welonda.pl\/en\/wp-json\/wp\/v2\/media\/1712"}],"wp:attachment":[{"href":"https:\/\/welonda.pl\/en\/wp-json\/wp\/v2\/media?parent=1711"}],"wp:term":[{"taxonomy":"product_brand","embeddable":true,"href":"https:\/\/welonda.pl\/en\/wp-json\/wp\/v2\/product_brand?post=1711"},{"taxonomy":"product_cat","embeddable":true,"href":"https:\/\/welonda.pl\/en\/wp-json\/wp\/v2\/product_cat?post=1711"},{"taxonomy":"product_tag","embeddable":true,"href":"https:\/\/welonda.pl\/en\/wp-json\/wp\/v2\/product_tag?post=1711"}],"curies":[{"name":"wp","href":"https:\/\/api.w.org\/{rel}","templated":true}]}}