{"id":1682,"date":"2023-03-01T20:02:43","date_gmt":"2023-03-01T19:02:43","guid":{"rendered":"https:\/\/welonda.pl\/?post_type=product&#038;p=1682"},"modified":"2023-12-14T19:28:47","modified_gmt":"2023-12-14T18:28:47","slug":"welonda-bio-desk_recepcja","status":"publish","type":"product","link":"https:\/\/welonda.pl\/en\/product\/welonda-bio-desk_recepcja\/","title":{"rendered":"WELONDA BiO DESK_reception"},"content":{"rendered":"<div class=\"page\" title=\"Page 2\">\n<div class=\"layoutArea\">\n<div class=\"column\">\n<h3 style=\"text-align: center;\">Ask us about the special program for exchanging your existing furniture in the WELONDA_PRO system!<\/h3>\n<\/div>\n<\/div>\n<\/div>\n<p>&nbsp;<\/p>\n<p>Bio Desk combines streamlined contours and attractive design.<\/p>\n<p>The Bio Desk reception is available with two or three cabinets and can be freely adjusted in terms of doors and drawers. Just like the Bio Style station and the Bio Wash car wash, you can adjust the color scheme individually from the Welonda color and laminate palette.<\/p>","protected":false},"excerpt":{"rendered":"<p>Zapytaj nas o specjalny program wymiany twoich dotychczasowych mebli w systemie WELONDA_PRO! &nbsp; Bio Desk \u0142\u0105czy w sobie op\u0142ywowe kontury i atrakcyjny design. Recepcja Bio Desk jest dost\u0119pne z dwiema lub trzema szafkami i mo\u017cna je dowolnie dostosowywa\u0107 pod wzgl\u0119dem drzwi i szuflad. Podobnie jak stanowisko &#8211; Bio Style i myjnia &#8211; Bio Wash, kolorystyk\u0119 mo\u017cesz dostosowa\u0107 indywidulanie z palety barw i&#8230;<\/p>","protected":false},"featured_media":1683,"template":"","meta":{"_themeisle_gutenberg_block_has_review":false},"product_brand":[],"product_cat":[183],"product_tag":[],"class_list":{"0":"post-1682","1":"product","2":"type-product","3":"status-publish","4":"has-post-thumbnail","6":"product_cat-recepcje","8":"first","9":"onbackorder","10":"taxable","11":"shipping-taxable","12":"purchasable","13":"product-type-simple"},"acf":[],"_links":{"self":[{"href":"https:\/\/welonda.pl\/en\/wp-json\/wp\/v2\/product\/1682","targetHints":{"allow":["GET"]}}],"collection":[{"href":"https:\/\/welonda.pl\/en\/wp-json\/wp\/v2\/product"}],"about":[{"href":"https:\/\/welonda.pl\/en\/wp-json\/wp\/v2\/types\/product"}],"wp:featuredmedia":[{"embeddable":true,"href":"https:\/\/welonda.pl\/en\/wp-json\/wp\/v2\/media\/1683"}],"wp:attachment":[{"href":"https:\/\/welonda.pl\/en\/wp-json\/wp\/v2\/media?parent=1682"}],"wp:term":[{"taxonomy":"product_brand","embeddable":true,"href":"https:\/\/welonda.pl\/en\/wp-json\/wp\/v2\/product_brand?post=1682"},{"taxonomy":"product_cat","embeddable":true,"href":"https:\/\/welonda.pl\/en\/wp-json\/wp\/v2\/product_cat?post=1682"},{"taxonomy":"product_tag","embeddable":true,"href":"https:\/\/welonda.pl\/en\/wp-json\/wp\/v2\/product_tag?post=1682"}],"curies":[{"name":"wp","href":"https:\/\/api.w.org\/{rel}","templated":true}]}}