{"id":1642,"date":"2023-03-01T14:02:55","date_gmt":"2023-03-01T13:02:55","guid":{"rendered":"https:\/\/welonda.pl\/?post_type=product&#038;p=1642"},"modified":"2025-10-27T10:36:21","modified_gmt":"2025-10-27T09:36:21","slug":"welonda-barber-mr-mo","status":"publish","type":"product","link":"https:\/\/welonda.pl\/en\/product\/welonda-barber-mr-mo\/","title":{"rendered":"WELOND BARBER \u2013 MR.MO"},"content":{"rendered":"<div class=\"page\" title=\"Page 6\">\n<div class=\"section\">\n<div class=\"layoutArea\">\n<div class=\"column\">\n<div class=\"page\" title=\"Page 2\">\n<div class=\"layoutArea\">\n<div class=\"column\">\n<h3 style=\"text-align: center;\">Ask us about the special program for exchanging your existing furniture in the WELONDA_PRO system!<\/h3>\n<\/div>\n<\/div>\n<\/div>\n<p>BARBER_Mr. Mo. Hairdressing chair. Due to its ergonomic shape, it is ideal for men&#039;s and family salons. Supplied with a disc-shaped base, pump and fixed footrest as well as adjustable backrest, headrest and height. Individually upholstered, it is available in selected Welonda Fabrics.<\/p>\n<\/div>\n<\/div>\n<\/div>\n<\/div>","protected":false},"excerpt":{"rendered":"<p>Zapytaj nas o specjalny program wymiany twoich dotychczasowych mebli w systemie WELONDA_PRO! Fotel fryzjerski BARBER_Mr. Mo. Ze wzgl\u0119du na sw\u00f3j ergonomiczny kszta\u0142t idealnie nadaje si\u0119 do salon\u00f3w m\u0119skich i rodzinnych. Dostarczany z podstaw\u0105 w kszta\u0142cie dysku, pomp\u0105 i sta\u0142ym podn\u00f3\u017ckiem a r\u00f3wnie\u017c z regulacj\u0105 oparcia, zag\u0142\u00f3wka i wysoko\u015bci. Indywidualnie tapicerowany, dost\u0119pny jest w wybranych tkaninach Welonda Fabrics.<\/p>","protected":false},"featured_media":1646,"template":"","meta":{"_themeisle_gutenberg_block_has_review":false},"product_brand":[],"product_cat":[181],"product_tag":[],"class_list":{"0":"post-1642","1":"product","2":"type-product","3":"status-publish","4":"has-post-thumbnail","6":"product_cat-fotele","8":"first","9":"instock","10":"taxable","11":"shipping-taxable","12":"purchasable","13":"product-type-simple"},"acf":[],"_links":{"self":[{"href":"https:\/\/welonda.pl\/en\/wp-json\/wp\/v2\/product\/1642","targetHints":{"allow":["GET"]}}],"collection":[{"href":"https:\/\/welonda.pl\/en\/wp-json\/wp\/v2\/product"}],"about":[{"href":"https:\/\/welonda.pl\/en\/wp-json\/wp\/v2\/types\/product"}],"wp:featuredmedia":[{"embeddable":true,"href":"https:\/\/welonda.pl\/en\/wp-json\/wp\/v2\/media\/1646"}],"wp:attachment":[{"href":"https:\/\/welonda.pl\/en\/wp-json\/wp\/v2\/media?parent=1642"}],"wp:term":[{"taxonomy":"product_brand","embeddable":true,"href":"https:\/\/welonda.pl\/en\/wp-json\/wp\/v2\/product_brand?post=1642"},{"taxonomy":"product_cat","embeddable":true,"href":"https:\/\/welonda.pl\/en\/wp-json\/wp\/v2\/product_cat?post=1642"},{"taxonomy":"product_tag","embeddable":true,"href":"https:\/\/welonda.pl\/en\/wp-json\/wp\/v2\/product_tag?post=1642"}],"curies":[{"name":"wp","href":"https:\/\/api.w.org\/{rel}","templated":true}]}}