{"id":1634,"date":"2023-03-01T13:48:47","date_gmt":"2023-03-01T12:48:47","guid":{"rendered":"https:\/\/welonda.pl\/?post_type=product&#038;p=1634"},"modified":"2025-11-24T11:45:02","modified_gmt":"2025-11-24T10:45:02","slug":"welonda-alpha-1000-synchron","status":"publish","type":"product","link":"https:\/\/welonda.pl\/en\/product\/welonda-alpha-1000-synchron\/","title":{"rendered":"WELONDA ALPHA 1000 BARBER_SYNCHRON"},"content":{"rendered":"<div class=\"page\" title=\"Page 6\">\n<div class=\"section\">\n<div class=\"layoutArea\">\n<div class=\"column\">\n<div class=\"page\" title=\"Page 2\">\n<div class=\"layoutArea\">\n<div class=\"column\">\n<h3><\/h3>\n<h3 style=\"text-align: center;\">Ask us about the special program for exchanging your existing furniture in the WELONDA_PRO system!<\/h3>\n<\/div>\n<\/div>\n<\/div>\n<p>&nbsp;<\/p>\n<p>Solid and richly upholstered men&#039;s armchair with high-quality stainless steel details. Supplied with a disc-shaped base (with pump) and a synchronized footrest<span class=\"Apple-converted-space\">\u00a0 <\/span>made of stainless steel.<span class=\"Apple-converted-space\">\u00a0<\/span>Optionally with pneumatically integrated adjustment of the backrest, footrest and headrest. Individually upholstered in selected Welonda fabrics.<\/p>\n<\/div>\n<\/div>\n<\/div>\n<\/div>","protected":false},"excerpt":{"rendered":"<p>Zapytaj nas o specjalny program wymiany twoich dotychczasowych mebli w systemie WELONDA_PRO! &nbsp; Solidny i bogato tapicerowany fotel m\u0119ski z wysokiej jako\u015bci detalami ze stali nierdzewnej. Dostarczany z podstaw\u0105 w kszta\u0142cie dysku (z pompk\u0105) i zsynchronizowanym podn\u00f3\u017ckiem\u00a0 ze stali nierdzewnej.\u00a0W opcji z pneumatycznie scalon\u0105 regulacj\u0105 oparcia, podn\u00f3\u017cka i zag\u0142\u00f3wkiem. Tapicerowany indywidualnie w wybranych tkaninach Welonda.<\/p>","protected":false},"featured_media":1640,"template":"","meta":{"_themeisle_gutenberg_block_has_review":false},"product_brand":[],"product_cat":[181],"product_tag":[],"class_list":{"0":"post-1634","1":"product","2":"type-product","3":"status-publish","4":"has-post-thumbnail","6":"product_cat-fotele","8":"first","9":"instock","10":"taxable","11":"shipping-taxable","12":"purchasable","13":"product-type-simple"},"acf":[],"_links":{"self":[{"href":"https:\/\/welonda.pl\/en\/wp-json\/wp\/v2\/product\/1634","targetHints":{"allow":["GET"]}}],"collection":[{"href":"https:\/\/welonda.pl\/en\/wp-json\/wp\/v2\/product"}],"about":[{"href":"https:\/\/welonda.pl\/en\/wp-json\/wp\/v2\/types\/product"}],"wp:featuredmedia":[{"embeddable":true,"href":"https:\/\/welonda.pl\/en\/wp-json\/wp\/v2\/media\/1640"}],"wp:attachment":[{"href":"https:\/\/welonda.pl\/en\/wp-json\/wp\/v2\/media?parent=1634"}],"wp:term":[{"taxonomy":"product_brand","embeddable":true,"href":"https:\/\/welonda.pl\/en\/wp-json\/wp\/v2\/product_brand?post=1634"},{"taxonomy":"product_cat","embeddable":true,"href":"https:\/\/welonda.pl\/en\/wp-json\/wp\/v2\/product_cat?post=1634"},{"taxonomy":"product_tag","embeddable":true,"href":"https:\/\/welonda.pl\/en\/wp-json\/wp\/v2\/product_tag?post=1634"}],"curies":[{"name":"wp","href":"https:\/\/api.w.org\/{rel}","templated":true}]}}