{"id":1563,"date":"2023-02-24T19:13:31","date_gmt":"2023-02-24T18:13:31","guid":{"rendered":"https:\/\/welonda.pl\/?post_type=product&#038;p=1563"},"modified":"2025-01-09T15:20:12","modified_gmt":"2025-01-09T14:20:12","slug":"niigata-japan_mancina-5-80","status":"publish","type":"product","link":"https:\/\/welonda.pl\/en\/product\/niigata-japan_mancina-5-80\/","title":{"rendered":"NIIGATA JAPAN_MANCINA 5.80\u2033 LEFT (left-handed)"},"content":{"rendered":"<p style=\"text-align: center;\">COMPLETE IN YOUR LIVING ROOM<span class=\"Apple-converted-space\">\u00a0<\/span><\/p>\n<p style=\"text-align: center;\">order any FOUR Niigata Japan products and ask us about our special wholesale program<\/p>\n<p style=\"text-align: center;\">NIIGATA_JPN_PRO!<span class=\"Apple-converted-space\">\u00a0<\/span><\/p>\n<div class=\"page\" title=\"Page 10\">\n<div class=\"section\">\n<div class=\"layoutArea\">\n<div class=\"column\">\n<div class=\"page\" title=\"Page 3\">\n<div class=\"section\">\n<div class=\"layoutArea\">\n<p>Mancina<\/p>\n<p>MANCINA, the latest model for left-handed stylists.<br \/>\nIt will surprise you from the first cut!<\/p>\n<p>NIIGATA JAPAN \u2013 We are specialists in the most difficult projects, so we studied and created an unconventional model for left-handed stylists. In one model we combined the classic cut model with the advantages of sliding!<br \/>\nLook at their shape and you will immediately understand: beautiful, slightly rounded and comfortable.<\/p>\n<p>Enjoy the meticulous attention to detail of these handcrafted scissors.<br \/>\nPerfect model for cutting in the &quot;slider&quot; style, amazing efficiency and accuracy of work on dry hair.<\/p>\n<p>What more could we ask for?<\/p>\n<p>Well, it&#039;s obvious: we couldn&#039;t make a &quot;regular&quot; one, so we created a left-handed model!<\/p>\n<p>Technical properties:<\/p>\n<p>Entirely handcrafted in Japan.<\/p>\n<p>Each scissors has its own serial number so we can guarantee the uniqueness of each model.<\/p>\n<p>Size: 5.80\u201d<\/p>\n<p>Handle: straight handle.<\/p>\n<p>Finger rest: single, fixed<\/p>\n<p>KMBB\u00ae Mechanism: superior ball bearing mechanism integrated with the \u201cflat\u201d screw and locked in a secure integrated system.<\/p>\n<\/div>\n<\/div>\n<\/div>\n<\/div>\n<\/div>\n<\/div>\n<\/div>","protected":false},"excerpt":{"rendered":"<p>SKOMPLETUJ W SWOIM SALONIE\u00a0 zam\u00f3wienie na CZTERY \u00a0dowolne produkty Niigata Japan i zapytaj nas o specjalny program sprzedaz\u0307y hurtowej NIIGATA_JPN_PRO!\u00a0 Mancina MANCINA, najnowszy model dla lewor\u0119cznych stylist\u00f3w. Zaskoczy Ci\u0119 od pierwszego ci\u0119cia! NIIGATA JAPAN &#8211; Jeste\u015bmy specjalistami od najtrudniejszych projekt\u00f3w wi\u0119c przestudiowali\u015bmy i stworzyli\u015bmy niekonwencjonalny model dla lewor\u0119cznych stylist\u00f3w. W jednym modelu po\u0142\u0105czyli\u015bmy klasyczny model kroju z walorami \u015blizgu! Sp\u00f3jrz na ich&#8230;<\/p>","protected":false},"featured_media":1564,"template":"","meta":{"_themeisle_gutenberg_block_has_review":false},"product_brand":[],"product_cat":[39],"product_tag":[],"class_list":{"0":"post-1563","1":"product","2":"type-product","3":"status-publish","4":"has-post-thumbnail","6":"product_cat-niigata","8":"first","9":"instock","10":"taxable","11":"shipping-taxable","12":"purchasable","13":"product-type-simple"},"acf":[],"_links":{"self":[{"href":"https:\/\/welonda.pl\/en\/wp-json\/wp\/v2\/product\/1563","targetHints":{"allow":["GET"]}}],"collection":[{"href":"https:\/\/welonda.pl\/en\/wp-json\/wp\/v2\/product"}],"about":[{"href":"https:\/\/welonda.pl\/en\/wp-json\/wp\/v2\/types\/product"}],"wp:featuredmedia":[{"embeddable":true,"href":"https:\/\/welonda.pl\/en\/wp-json\/wp\/v2\/media\/1564"}],"wp:attachment":[{"href":"https:\/\/welonda.pl\/en\/wp-json\/wp\/v2\/media?parent=1563"}],"wp:term":[{"taxonomy":"product_brand","embeddable":true,"href":"https:\/\/welonda.pl\/en\/wp-json\/wp\/v2\/product_brand?post=1563"},{"taxonomy":"product_cat","embeddable":true,"href":"https:\/\/welonda.pl\/en\/wp-json\/wp\/v2\/product_cat?post=1563"},{"taxonomy":"product_tag","embeddable":true,"href":"https:\/\/welonda.pl\/en\/wp-json\/wp\/v2\/product_tag?post=1563"}],"curies":[{"name":"wp","href":"https:\/\/api.w.org\/{rel}","templated":true}]}}