{"id":1556,"date":"2023-02-24T18:38:00","date_gmt":"2023-02-24T17:38:00","guid":{"rendered":"https:\/\/welonda.pl\/?post_type=product&#038;p=1556"},"modified":"2023-05-06T17:51:49","modified_gmt":"2023-05-06T15:51:49","slug":"niigata-japan_stiletto","status":"publish","type":"product","link":"https:\/\/welonda.pl\/en\/product\/niigata-japan_stiletto\/","title":{"rendered":"NIIGATA JAPAN_STILETTO 5.00\u2033_5.50\u2033_6.00\u2033"},"content":{"rendered":"<p style=\"text-align: center;\">COMPLETE IN YOUR LIVING ROOM<span class=\"Apple-converted-space\">\u00a0<\/span><\/p>\n<p style=\"text-align: center;\">order any FOUR Niigata Japan products and ask us about our special wholesale program<\/p>\n<p style=\"text-align: center;\">NIIGATA_JPN_PRO!<span class=\"Apple-converted-space\">\u00a0<\/span><\/p>\n<div class=\"page\" title=\"Page 10\">\n<div class=\"section\">\n<div class=\"layoutArea\">\n<div class=\"column\">\n<p>The STILETTO model is \u2013 without a doubt \u2013 the best universal scissors from the high-end NIIGATA JAPAN collection.<\/p>\n<p>A simple handle, slim and flat blades, and elegant appearance make these scissors meet all your needs.<br \/>\nSmooth, light, incredibly sharp, STILETTO is ideal for the technical English cut, but is also suitable for sliding cuts.<\/p>\n<p>Every haircut you make with SILETTO will be like your first haircut, unforgettable!<\/p>\n<p>Technical properties:<\/p>\n<p>Entirely handcrafted in Japan.<\/p>\n<p>The scissors have their own serial number so we can guarantee the uniqueness of each model.<\/p>\n<p>Size: 5.00\u201d \u2013 5.50\u201d \u2013 6.00\u201d<\/p>\n<p>Handle: straight handle<\/p>\n<p>Finger rest: single, detachable, cylindrical and with engraved Bmac logo<\/p>\n<p>Mechanism: flat blade, with a bearing system embedded in the scissors&#039; back<\/p>\n<\/div>\n<\/div>\n<\/div>\n<\/div>","protected":false},"excerpt":{"rendered":"<p>SKOMPLETUJ W SWOIM SALONiE\u00a0 zam\u00f3wienie na CZTERY \u00a0dowolne produkty Niigata Japan i zapytaj nas o specjalny program sprzedaz\u0307y hurtowej NIIGATA_JPN_PRO!\u00a0 Model STILETTO to &#8211; bez w\u0105tpienia &#8211; najlepsze uniwersalne no\u017cyczki z high-endowej kolekcji NIIGATA JAPAN. Prosty uchwyt, smuk\u0142e i p\u0142askie ostrza, elegancki wygl\u0105d sprawiaj\u0105, \u017ce te no\u017cyczki zrealizuj\u0105 \u00a0wszystkie Twoje potrzeby. G\u0142adkie, lekkie, niewiarygodnie ostry, STILETTO s\u0105 idealne do technicznego ci\u0119cia angielskiego,&#8230;<\/p>","protected":false},"featured_media":1558,"template":"","meta":{"_themeisle_gutenberg_block_has_review":false},"product_brand":[],"product_cat":[39],"product_tag":[],"class_list":{"0":"post-1556","1":"product","2":"type-product","3":"status-publish","4":"has-post-thumbnail","6":"product_cat-niigata","8":"first","9":"instock","10":"taxable","11":"shipping-taxable","12":"purchasable","13":"product-type-simple"},"acf":[],"_links":{"self":[{"href":"https:\/\/welonda.pl\/en\/wp-json\/wp\/v2\/product\/1556","targetHints":{"allow":["GET"]}}],"collection":[{"href":"https:\/\/welonda.pl\/en\/wp-json\/wp\/v2\/product"}],"about":[{"href":"https:\/\/welonda.pl\/en\/wp-json\/wp\/v2\/types\/product"}],"wp:featuredmedia":[{"embeddable":true,"href":"https:\/\/welonda.pl\/en\/wp-json\/wp\/v2\/media\/1558"}],"wp:attachment":[{"href":"https:\/\/welonda.pl\/en\/wp-json\/wp\/v2\/media?parent=1556"}],"wp:term":[{"taxonomy":"product_brand","embeddable":true,"href":"https:\/\/welonda.pl\/en\/wp-json\/wp\/v2\/product_brand?post=1556"},{"taxonomy":"product_cat","embeddable":true,"href":"https:\/\/welonda.pl\/en\/wp-json\/wp\/v2\/product_cat?post=1556"},{"taxonomy":"product_tag","embeddable":true,"href":"https:\/\/welonda.pl\/en\/wp-json\/wp\/v2\/product_tag?post=1556"}],"curies":[{"name":"wp","href":"https:\/\/api.w.org\/{rel}","templated":true}]}}