{"id":1547,"date":"2023-02-24T18:10:19","date_gmt":"2023-02-24T17:10:19","guid":{"rendered":"https:\/\/welonda.pl\/?post_type=product&#038;p=1547"},"modified":"2025-01-26T22:22:38","modified_gmt":"2025-01-26T21:22:38","slug":"welonda-belluna_recepcja","status":"publish","type":"product","link":"https:\/\/welonda.pl\/en\/product\/welonda-belluna_recepcja\/","title":{"rendered":"WELONDAS BELLUNA_reception"},"content":{"rendered":"<div class=\"page\" title=\"Page 2\">\n<div class=\"layoutArea\">\n<div class=\"column\">\n<h3 style=\"text-align: center;\">Ask us about the special program for exchanging your existing furniture in the WELONDA_PRO system!<\/h3>\n<\/div>\n<\/div>\n<\/div>\n<p>&nbsp;<\/p>\n<p>This brand new reception area features a slim, flat and elegant countertop that offers plenty of space while remaining open for effective communication with customers.<\/p>\n<p>Belluna Meet is available with a choice of two or three cabinets, which come standard with a deep, unique handle.<\/p>\n<p>The metal structure of the Belluna Meet is available in satin gloss white, silver and metallic black.<\/p>\n<p>The plinth, countertop and cabinets have the same decor, which can be chosen from the Welonda laminate range.<\/p>\n<p>Belluna Meet is also available with elegant LED lighting as an additional option.<span class=\"Apple-converted-space\">\u00a0<\/span><\/p>\n<p>All Welonda products are made of the highest quality materials intended for industrial use.<\/p>","protected":false},"excerpt":{"rendered":"<p>Zapytaj nas o specjalny program wymiany twoich dotychczasowych mebli w systemie WELONDA_PRO! &nbsp; Ta zupe\u0142nie nowa recepcja posiada smuk\u0142y, p\u0142aski i elegancki blat, kt\u00f3ry oferuje du\u017co przestrzeni \u00a0przy jednoczesnym zachowaniu otwarto\u015bci na efektywn\u0105 komunikacj\u0119 z klientami. Belluna Meet jest dost\u0119pna z dwiema lub trzema szafkami do wyboru, kt\u00f3re standardowo wyposa\u017cone s\u0105 w g\u0142\u0119boki, unikalny uchwyt. Metalowa konstrukcja Belluna Meet jest dost\u0119pna w&#8230;<\/p>","protected":false},"featured_media":1548,"template":"","meta":{"_themeisle_gutenberg_block_has_review":false},"product_brand":[],"product_cat":[183],"product_tag":[],"class_list":{"0":"post-1547","1":"product","2":"type-product","3":"status-publish","4":"has-post-thumbnail","6":"product_cat-recepcje","8":"first","9":"onbackorder","10":"taxable","11":"shipping-taxable","12":"purchasable","13":"product-type-simple"},"acf":[],"_links":{"self":[{"href":"https:\/\/welonda.pl\/en\/wp-json\/wp\/v2\/product\/1547","targetHints":{"allow":["GET"]}}],"collection":[{"href":"https:\/\/welonda.pl\/en\/wp-json\/wp\/v2\/product"}],"about":[{"href":"https:\/\/welonda.pl\/en\/wp-json\/wp\/v2\/types\/product"}],"wp:featuredmedia":[{"embeddable":true,"href":"https:\/\/welonda.pl\/en\/wp-json\/wp\/v2\/media\/1548"}],"wp:attachment":[{"href":"https:\/\/welonda.pl\/en\/wp-json\/wp\/v2\/media?parent=1547"}],"wp:term":[{"taxonomy":"product_brand","embeddable":true,"href":"https:\/\/welonda.pl\/en\/wp-json\/wp\/v2\/product_brand?post=1547"},{"taxonomy":"product_cat","embeddable":true,"href":"https:\/\/welonda.pl\/en\/wp-json\/wp\/v2\/product_cat?post=1547"},{"taxonomy":"product_tag","embeddable":true,"href":"https:\/\/welonda.pl\/en\/wp-json\/wp\/v2\/product_tag?post=1547"}],"curies":[{"name":"wp","href":"https:\/\/api.w.org\/{rel}","templated":true}]}}