{"id":1509,"date":"2023-02-22T23:00:39","date_gmt":"2023-02-22T22:00:39","guid":{"rendered":"https:\/\/welonda.pl\/?post_type=product&#038;p=1509"},"modified":"2023-05-26T13:17:50","modified_gmt":"2023-05-26T11:17:50","slug":"niigata-japan_dry","status":"publish","type":"product","link":"https:\/\/welonda.pl\/en\/product\/niigata-japan_dry\/","title":{"rendered":"NIIGATA JAPAN_JET BLACK 6.20"},"content":{"rendered":"<p style=\"text-align: center;\">COMPLETE IN YOUR LIVING ROOM<span class=\"Apple-converted-space\">\u00a0<\/span><\/p>\n<p style=\"text-align: center;\">order any FOUR Niigata Japan products and ask us about our special wholesale program<\/p>\n<p style=\"text-align: center;\">NIIGATA_JPN_PRO!<span class=\"Apple-converted-space\">\u00a0<\/span><\/p>\n<p>&nbsp;<\/p>\n<p>Their presence would be enough for complete intimacy!<\/p>\n<p>Black as night, strong as a clap of lightning, but light as a feather!<\/p>\n<p>Jet Black is a model you cannot ignore.<\/p>\n<p>With an offset handle, comfortable index and middle finger contours, and recessed finger holes for a soft grip \u2013 you&#039;ll never experience hand fatigue again!<br \/>\nFixed and modern designed finger rest, ball bearing mechanism and flat shape, in line with traditional NIIGATA JAPAN style.<\/p>\n<p>Jet Black is a matte black model, light, precise and perfectly balanced.<\/p>\n<p>You will definitely love the feeling of being touched and cut, and during small breaks you can enjoy looking at this WORK OF ART!<\/p>\n<p>Technical properties:<\/p>\n<p>Entirely handcrafted in Japan.<\/p>\n<p>Each scissors has its own serial number so we can guarantee the uniqueness of each model.<\/p>\n<p>Size: 5.50&quot; - 6.20&quot;<\/p>\n<p>Handle: offset handle<\/p>\n<p>Finger rest: single, fixed<\/p>\n<p>KMBB\u00ae Mechanism: superior ball bearing mechanism integrated with the \u201cflat\u201d screw and enclosed in a secure system.<\/p>","protected":false},"excerpt":{"rendered":"<p>SKOMPLETUJ W SWOIM SALONIE\u00a0 zam\u00f3wienie na CZTERY \u00a0dowolne produkty Niigata Japan i zapytaj nas o specjalny program sprzedaz\u0307y hurtowej NIIGATA_JPN_PRO!\u00a0 &nbsp; Ich obecno\u015b\u0107 wystarczy\u0142aby do pe\u0142nej \u00a0intymno\u015bci! Czarne jak noc, silne jak grzmot pioruna, ale lekkie jak pi\u00f3rko! Jet Black to model, obok kt\u00f3rego nie mo\u017cna przej\u015b\u0107 oboj\u0119tnie. Z przesuni\u0119tym uchwytem, \u200b\u200bwygodnym profilowaniem na palec wskazuj\u0105cy i \u015brodkowy oraz zag\u0142\u0119bionymi otworami na&#8230;<\/p>","protected":false},"featured_media":1489,"template":"","meta":{"_themeisle_gutenberg_block_has_review":false},"product_brand":[],"product_cat":[39],"product_tag":[],"class_list":{"0":"post-1509","1":"product","2":"type-product","3":"status-publish","4":"has-post-thumbnail","6":"product_cat-niigata","8":"first","9":"instock","10":"taxable","11":"shipping-taxable","12":"purchasable","13":"product-type-simple"},"acf":[],"_links":{"self":[{"href":"https:\/\/welonda.pl\/en\/wp-json\/wp\/v2\/product\/1509","targetHints":{"allow":["GET"]}}],"collection":[{"href":"https:\/\/welonda.pl\/en\/wp-json\/wp\/v2\/product"}],"about":[{"href":"https:\/\/welonda.pl\/en\/wp-json\/wp\/v2\/types\/product"}],"wp:featuredmedia":[{"embeddable":true,"href":"https:\/\/welonda.pl\/en\/wp-json\/wp\/v2\/media\/1489"}],"wp:attachment":[{"href":"https:\/\/welonda.pl\/en\/wp-json\/wp\/v2\/media?parent=1509"}],"wp:term":[{"taxonomy":"product_brand","embeddable":true,"href":"https:\/\/welonda.pl\/en\/wp-json\/wp\/v2\/product_brand?post=1509"},{"taxonomy":"product_cat","embeddable":true,"href":"https:\/\/welonda.pl\/en\/wp-json\/wp\/v2\/product_cat?post=1509"},{"taxonomy":"product_tag","embeddable":true,"href":"https:\/\/welonda.pl\/en\/wp-json\/wp\/v2\/product_tag?post=1509"}],"curies":[{"name":"wp","href":"https:\/\/api.w.org\/{rel}","templated":true}]}}